{"id":1360,"date":"2024-05-12T02:46:52","date_gmt":"2024-05-12T00:46:52","guid":{"rendered":"https:\/\/www.ergofem.hu\/?page_id=1360"},"modified":"2025-06-13T15:27:42","modified_gmt":"2025-06-13T13:27:42","slug":"kazanok","status":"publish","type":"page","link":"https:\/\/www.ergofem.hu\/en\/kazanok\/","title":{"rendered":"Boilers"},"content":{"rendered":"<div data-elementor-type=\"wp-page\" data-elementor-id=\"1360\" class=\"elementor elementor-1360\" data-elementor-post-type=\"page\">\n\t\t\t\t<div class=\"elementor-element elementor-element-8d74d01 e-flex e-con-boxed e-con e-parent\" data-id=\"8d74d01\" data-element_type=\"container\">\n\t\t\t\t\t<div class=\"e-con-inner\">\n\t\t\t\t<div class=\"elementor-element elementor-element-9aaa95b elementor-widget elementor-widget-heading\" data-id=\"9aaa95b\" data-element_type=\"widget\" data-widget_type=\"heading.default\">\n\t\t\t\t<div class=\"elementor-widget-container\">\n\t\t\t\t\t<h2 class=\"elementor-heading-title elementor-size-default\">ErgoTherm Multi-fuel Boilers<\/h2>\t\t\t\t<\/div>\n\t\t\t\t<\/div>\n\t\t\t\t<div class=\"elementor-element elementor-element-d8eb645 elementor-widget elementor-widget-text-editor\" data-id=\"d8eb645\" data-element_type=\"widget\" data-widget_type=\"text-editor.default\">\n\t\t\t\t<div class=\"elementor-widget-container\">\n\t\t\t\t\t\t\t\t\t<p><span style=\"font-weight: 400;\">As a result of our developments, the highly efficient ErgoTherm multi-fuel boiler family was launched, which was designed to meet different capacity requirements. The boiler is suitable for hot water central heating of family houses, institutions, workshops, and halls. <\/span><\/p><p><span style=\"font-weight: 400;\">The large firebox design allows for larger quantities of traditional fuels such as coal, briquettes, and firewood to be loaded. The steel boiler body is thermally insulated and covered with a sintered sheet metal casing. <\/span><\/p><p><span style=\"font-weight: 400;\">The automatic draft regulator makes it easy to maintain continuous, long-lasting fire burning. It is easy and safe to operate. The products were rigorously tested by the Energy Testing Laboratory of the FVM Agricultural Mechanization Institute.<\/span><\/p>\t\t\t\t\t\t\t\t<\/div>\n\t\t\t\t<\/div>\n\t\t\t\t\t<\/div>\n\t\t\t\t<\/div>\n\t\t<div class=\"elementor-element elementor-element-be37144 e-flex e-con-boxed e-con e-parent\" data-id=\"be37144\" data-element_type=\"container\">\n\t\t\t\t\t<div class=\"e-con-inner\">\n\t\t\t\t<div class=\"elementor-element elementor-element-5797a3e e-n-tabs-none elementor-widget elementor-widget-n-tabs\" data-id=\"5797a3e\" data-element_type=\"widget\" data-settings=\"{&quot;horizontal_scroll&quot;:&quot;disable&quot;}\" data-widget_type=\"nested-tabs.default\">\n\t\t\t\t<div class=\"elementor-widget-container\">\n\t\t\t\t\t\t\t<div class=\"e-n-tabs\" data-widget-number=\"91847230\" aria-label=\"Tabs. Open items with Enter or Space, close with Escape and navigate using the Arrow keys.\">\n\t\t\t<div class=\"e-n-tabs-heading\" role=\"tablist\">\n\t\t\t\t\t<button id=\"e-n-tab-title-918472301\" class=\"e-n-tab-title\" aria-selected=\"true\" data-tab-index=\"1\" role=\"tab\" tabindex=\"0\" aria-controls=\"e-n-tab-content-918472301\" style=\"--n-tabs-title-order: 1;\">\n\t\t\t\t\t\t<span class=\"e-n-tab-title-text\">\n\t\t\t\tErgoTherm 20\t\t\t<\/span>\n\t\t<\/button>\n\t\t\t\t<button id=\"e-n-tab-title-918472302\" class=\"e-n-tab-title\" aria-selected=\"false\" data-tab-index=\"2\" role=\"tab\" tabindex=\"-1\" aria-controls=\"e-n-tab-content-918472302\" style=\"--n-tabs-title-order: 2;\">\n\t\t\t\t\t\t<span class=\"e-n-tab-title-text\">\n\t\t\t\tErgoTherm 28\t\t\t<\/span>\n\t\t<\/button>\n\t\t\t\t<button id=\"e-n-tab-title-918472303\" class=\"e-n-tab-title\" aria-selected=\"false\" data-tab-index=\"3\" role=\"tab\" tabindex=\"-1\" aria-controls=\"e-n-tab-content-918472303\" style=\"--n-tabs-title-order: 3;\">\n\t\t\t\t\t\t<span class=\"e-n-tab-title-text\">\n\t\t\t\tErgoTherm 38\t\t\t<\/span>\n\t\t<\/button>\n\t\t\t\t<button id=\"e-n-tab-title-918472304\" class=\"e-n-tab-title\" aria-selected=\"false\" data-tab-index=\"4\" role=\"tab\" tabindex=\"-1\" aria-controls=\"e-n-tab-content-918472304\" style=\"--n-tabs-title-order: 4;\">\n\t\t\t\t\t\t<span class=\"e-n-tab-title-text\">\n\t\t\t\tErgoTherm 48\t\t\t<\/span>\n\t\t<\/button>\n\t\t\t\t<button id=\"e-n-tab-title-918472305\" class=\"e-n-tab-title\" aria-selected=\"false\" data-tab-index=\"5\" role=\"tab\" tabindex=\"-1\" aria-controls=\"e-n-tab-content-918472305\" style=\"--n-tabs-title-order: 5;\">\n\t\t\t\t\t\t<span class=\"e-n-tab-title-text\">\n\t\t\t\tErgoTherm 68\t\t\t<\/span>\n\t\t<\/button>\n\t\t\t\t<button id=\"e-n-tab-title-918472306\" class=\"e-n-tab-title\" aria-selected=\"false\" data-tab-index=\"6\" role=\"tab\" tabindex=\"-1\" aria-controls=\"e-n-tab-content-918472306\" style=\"--n-tabs-title-order: 6;\">\n\t\t\t\t\t\t<span class=\"e-n-tab-title-text\">\n\t\t\t\tErgoTherm 88\t\t\t<\/span>\n\t\t<\/button>\n\t\t\t\t\t<\/div>\n\t\t\t<div class=\"e-n-tabs-content\">\n\t\t\t\t<div id=\"e-n-tab-content-918472301\" role=\"tabpanel\" aria-labelledby=\"e-n-tab-title-918472301\" data-tab-index=\"1\" style=\"--n-tabs-title-order: 1;\" class=\"e-active elementor-element elementor-element-fe91df6 e-con-full e-flex e-con e-child\" data-id=\"fe91df6\" data-element_type=\"container\">\n\t\t\t\t<div class=\"elementor-element elementor-element-0865a34 elementor-widget elementor-widget-text-editor\" data-id=\"0865a34\" data-element_type=\"widget\" data-widget_type=\"text-editor.default\">\n\t\t\t\t<div class=\"elementor-widget-container\">\n\t\t\t\t\t\t\t\t\t<table><tbody><tr><td><p>heat output<\/p><\/td><td><p>18-21 kW<\/p><\/td><\/tr><tr><td><p>weight<\/p><\/td><td><p>165 kg<\/p><\/td><\/tr><tr><td><p>fireplace jacket<\/p><\/td><td><p>5 mm<\/p><\/td><\/tr><tr><td><p>heating surface<\/p><\/td><td><p>1,7 m2<\/p><\/td><\/tr><tr><td><p>water content<\/p><\/td><td><p>70 liter<\/p><\/td><\/tr><tr><td><p>water sid pressure max.<\/p><\/td><td><p>2 bar<\/p><\/td><\/tr><tr><td><p>single coal load<\/p><\/td><td><p>16-20 kg<\/p><\/td><\/tr><tr><td><p>burning time of a single coal load<\/p><\/td><td><p>5-6 \u00f3ra<\/p><\/td><\/tr><tr><td><p>reignit time (wood)<\/p><\/td><td><p>4 \u00f3ra<\/p><\/td><\/tr><tr><td><p>reignit time (coal)<\/p><\/td><td><p>8 \u00f3ra<\/p><\/td><\/tr><tr><td><p>draft requirement<\/p><\/td><td><p>0,2 mbar<\/p><\/td><\/tr><tr><td><p>average flue gas temperature<\/p><\/td><td><p>230-250 Co<\/p><\/td><\/tr><tr><td><p>flue gas mass flow max.<\/p><\/td><td><p>14,2 g\/s<\/p><\/td><\/tr><tr><td><p>CO emission class<\/p><\/td><td><p>I.<\/p><\/td><\/tr><tr><td><p>efficiency<\/p><\/td><td><p>80%<\/p><\/td><\/tr><tr><td><p>water supply connection<\/p><\/td><td><p>2&#8243;<\/p><\/td><\/tr><tr><td><p>water return connection<\/p><\/td><td><p>2&#8243;<\/p><\/td><\/tr><tr><td><p>flue connection<\/p><\/td><td><p>130 mm<\/p><\/td><\/tr><tr><td><p>height (including flue pipe)<\/p><\/td><td><p>1220 mm<\/p><\/td><\/tr><tr><td><p>width<\/p><\/td><td><p>425 mm<\/p><\/td><\/tr><tr><td><p>depth<\/p><\/td><td><p>510 mm<\/p><\/td><\/tr><tr><td><p>fire door size<\/p><\/td><td><p>320&#215;270 mm<\/p><\/td><\/tr><tr><td><p>heatable air space<\/p><\/td><td><p>320 m3<\/p><\/td><\/tr><\/tbody><\/table><p>\u00a0<\/p>\t\t\t\t\t\t\t\t<\/div>\n\t\t\t\t<\/div>\n\t\t\t\t<\/div>\n\t\t<div id=\"e-n-tab-content-918472302\" role=\"tabpanel\" aria-labelledby=\"e-n-tab-title-918472302\" data-tab-index=\"2\" style=\"--n-tabs-title-order: 2;\" class=\"elementor-element elementor-element-c1b7cef e-con-full e-flex e-con e-child\" data-id=\"c1b7cef\" data-element_type=\"container\">\n\t\t\t\t<div class=\"elementor-element elementor-element-d06e0a0 elementor-widget elementor-widget-text-editor\" data-id=\"d06e0a0\" data-element_type=\"widget\" data-widget_type=\"text-editor.default\">\n\t\t\t\t<div class=\"elementor-widget-container\">\n\t\t\t\t\t\t\t\t\t<table><tbody><tr><td><p>heat output<\/p><\/td><td><p>25-29 kW<\/p><\/td><\/tr><tr><td><p>weight<\/p><\/td><td><p>180 kg<\/p><\/td><\/tr><tr><td><p>fireplace jacket<\/p><\/td><td><p>5 mm<\/p><\/td><\/tr><tr><td><p>heating surface<\/p><\/td><td><p>2,6 m2<\/p><\/td><\/tr><tr><td><p>water content<\/p><\/td><td><p>85 liter<\/p><\/td><\/tr><tr><td><p>water sid pressure max.<\/p><\/td><td><p>2 bar<\/p><\/td><\/tr><tr><td><p>single coal load<\/p><\/td><td><p>28-30 kg<\/p><\/td><\/tr><tr><td><p>burning time of a single coal load<\/p><\/td><td><p>6-8 \u00f3ra<\/p><\/td><\/tr><tr><td><p>reignit time (wood)<\/p><\/td><td><p>4 \u00f3ra<\/p><\/td><\/tr><tr><td><p>reignit time (coal)<\/p><\/td><td><p>8 \u00f3ra<\/p><\/td><\/tr><tr><td><p>draft requirement<\/p><\/td><td><p>0,2 &#8211; 0,3 mbar<\/p><\/td><\/tr><tr><td><p>average flue gas temperature<\/p><\/td><td><p>230-260 Co<\/p><\/td><\/tr><tr><td><p>flue gas mass flow max.<\/p><\/td><td><p>16,8 g\/s<\/p><\/td><\/tr><tr><td><p>CO emission class\u00a0<\/p><\/td><td><p>I.<\/p><\/td><\/tr><tr><td><p>efficiency<\/p><\/td><td><p>80%<\/p><\/td><\/tr><tr><td><p>water supply connection<\/p><\/td><td><p>2&#8243;<\/p><\/td><\/tr><tr><td><p>water return connection<\/p><\/td><td><p>2&#8243;<\/p><\/td><\/tr><tr><td><p>flue connection<\/p><\/td><td><p>130 mm<\/p><\/td><\/tr><tr><td><p>height (including flue pipe)<\/p><\/td><td><p>1220 mm<\/p><\/td><\/tr><tr><td><p>width<\/p><\/td><td><p>500 mm<\/p><\/td><\/tr><tr><td><p>depth<\/p><\/td><td><p>510 mm<\/p><\/td><\/tr><tr><td><p>fire door size<\/p><\/td><td><p>320&#215;270 mm<\/p><\/td><\/tr><tr><td><p>heatable air space<\/p><\/td><td><p>540 m3<\/p><\/td><\/tr><\/tbody><\/table>\t\t\t\t\t\t\t\t<\/div>\n\t\t\t\t<\/div>\n\t\t\t\t<\/div>\n\t\t<div id=\"e-n-tab-content-918472303\" role=\"tabpanel\" aria-labelledby=\"e-n-tab-title-918472303\" data-tab-index=\"3\" style=\"--n-tabs-title-order: 3;\" class=\"elementor-element elementor-element-22f8966 e-con-full e-flex e-con e-child\" data-id=\"22f8966\" data-element_type=\"container\">\n\t\t\t\t<div class=\"elementor-element elementor-element-ee82723 elementor-widget elementor-widget-text-editor\" data-id=\"ee82723\" data-element_type=\"widget\" data-widget_type=\"text-editor.default\">\n\t\t\t\t<div class=\"elementor-widget-container\">\n\t\t\t\t\t\t\t\t\t<table><tbody><tr><td><p>heat output<\/p><\/td><td><p>35-38 kW<\/p><\/td><\/tr><tr><td><p>weight<\/p><\/td><td><p>220 kg<\/p><\/td><\/tr><tr><td><p>fireplace jacket<\/p><\/td><td><p>5 mm<\/p><\/td><\/tr><tr><td><p>heating surface<\/p><\/td><td><p>3,2 m2<\/p><\/td><\/tr><tr><td><p>water content<\/p><\/td><td><p>108 liter<\/p><\/td><\/tr><tr><td><p>water sid pressure max.<\/p><\/td><td><p>2 bar<\/p><\/td><\/tr><tr><td><p>single coal load<\/p><\/td><td><p>37-41 kg<\/p><\/td><\/tr><tr><td><p>burning time of a single coal load<\/p><\/td><td><p>8-10 \u00f3ra<\/p><\/td><\/tr><tr><td><p>reignit time (wood)<\/p><\/td><td><p>4 \u00f3ra<\/p><\/td><\/tr><tr><td><p>reignit time (coal)<\/p><\/td><td><p>8 \u00f3ra<\/p><\/td><\/tr><tr><td><p>draft requirement<\/p><\/td><td><p>0,2 &#8211; 0,3 mbar<\/p><\/td><\/tr><tr><td><p>average flue gas temperature<\/p><\/td><td><p>240-260 Co<\/p><\/td><\/tr><tr><td><p>flue gas mass flow max.<\/p><\/td><td><p>18,8 g\/s<\/p><\/td><\/tr><tr><td><p>CO emission class<\/p><\/td><td><p>I.<\/p><\/td><\/tr><tr><td><p>efficiency<\/p><\/td><td><p>80%<\/p><\/td><\/tr><tr><td><p>water supply connection<\/p><\/td><td><p>2&#8243;<\/p><\/td><\/tr><tr><td><p>water return connection<\/p><\/td><td><p>2&#8243;<\/p><\/td><\/tr><tr><td><p>flue connection<\/p><\/td><td><p>150 mm<\/p><\/td><\/tr><tr><td><p>height (including flue pipe)<\/p><\/td><td><p>1220 mm<\/p><\/td><\/tr><tr><td><p>width<\/p><\/td><td><p>570 mm<\/p><\/td><\/tr><tr><td><p>depth<\/p><\/td><td><p>590 mm<\/p><\/td><\/tr><tr><td><p>fire door size<\/p><\/td><td><p>320&#215;270 mm<\/p><\/td><\/tr><tr><td><p><b>heatable air space<\/b><\/p><\/td><td><p><b>760 m<\/b><b>3<\/b><\/p><\/td><\/tr><\/tbody><\/table>\t\t\t\t\t\t\t\t<\/div>\n\t\t\t\t<\/div>\n\t\t\t\t<\/div>\n\t\t<div id=\"e-n-tab-content-918472304\" role=\"tabpanel\" aria-labelledby=\"e-n-tab-title-918472304\" data-tab-index=\"4\" style=\"--n-tabs-title-order: 4;\" class=\"elementor-element elementor-element-de2cd0e e-con-full e-flex e-con e-child\" data-id=\"de2cd0e\" data-element_type=\"container\">\n\t\t\t\t<div class=\"elementor-element elementor-element-b303cf1 elementor-widget elementor-widget-text-editor\" data-id=\"b303cf1\" data-element_type=\"widget\" data-widget_type=\"text-editor.default\">\n\t\t\t\t<div class=\"elementor-widget-container\">\n\t\t\t\t\t\t\t\t\t<table><tbody><tr><td><p><span style=\"font-weight: 400;\">heat output<\/span><\/p><\/td><td><p><span style=\"font-weight: 400;\">45-48 kW<\/span><\/p><\/td><\/tr><tr><td><p><span style=\"font-weight: 400;\">weight<\/span><\/p><\/td><td><p><span style=\"font-weight: 400;\">248 kg<\/span><\/p><\/td><\/tr><tr><td><p><span style=\"font-weight: 400;\">fireplace jacket<\/span><\/p><\/td><td><p><span style=\"font-weight: 400;\">5 mm<\/span><\/p><\/td><\/tr><tr><td><p><span style=\"font-weight: 400;\">heating surface<\/span><\/p><\/td><td><p><span style=\"font-weight: 400;\">3,9 m<\/span><span style=\"font-weight: 400;\">2<\/span><\/p><\/td><\/tr><tr><td><p><span style=\"font-weight: 400;\">water content<\/span><\/p><\/td><td><p><span style=\"font-weight: 400;\">126 liter<\/span><\/p><\/td><\/tr><tr><td><p><span style=\"font-weight: 400;\">water sid pressure max.<\/span><\/p><\/td><td><p><span style=\"font-weight: 400;\">2 bar<\/span><\/p><\/td><\/tr><tr><td><p><span style=\"font-weight: 400;\">single coal load<\/span><\/p><\/td><td><p><span style=\"font-weight: 400;\">50-55 kg<\/span><\/p><\/td><\/tr><tr><td><p><span style=\"font-weight: 400;\">burning time of a single coal load<\/span><\/p><\/td><td><p><span style=\"font-weight: 400;\">8-10 \u00f3ra<\/span><\/p><\/td><\/tr><tr><td><p><span style=\"font-weight: 400;\">reignit time (wood)<\/span><\/p><\/td><td><p><span style=\"font-weight: 400;\">4 \u00f3ra<\/span><\/p><\/td><\/tr><tr><td><p><span style=\"font-weight: 400;\">reignit time (coal)<\/span><\/p><\/td><td><p><span style=\"font-weight: 400;\">8 \u00f3ra<\/span><\/p><\/td><\/tr><tr><td><p><span style=\"font-weight: 400;\">draft requirement<\/span><\/p><\/td><td><p><span style=\"font-weight: 400;\">0,2 &#8211; 0,3 mbar<\/span><\/p><\/td><\/tr><tr><td><p><span style=\"font-weight: 400;\">average flue gas temperature<\/span><\/p><\/td><td><p><span style=\"font-weight: 400;\">240-260 C<\/span><span style=\"font-weight: 400;\">o<\/span><\/p><\/td><\/tr><tr><td><p><span style=\"font-weight: 400;\">flue gas mass flow max.<\/span><\/p><\/td><td><p><span style=\"font-weight: 400;\">25,9 g\/s<\/span><\/p><\/td><\/tr><tr><td><p><span style=\"font-weight: 400;\">CO emission class\u00a0<\/span><\/p><\/td><td><p><span style=\"font-weight: 400;\">I.<\/span><\/p><\/td><\/tr><tr><td><p><span style=\"font-weight: 400;\">efficiency<\/span><\/p><\/td><td><p><span style=\"font-weight: 400;\">80%<\/span><\/p><\/td><\/tr><tr><td><p><span style=\"font-weight: 400;\">water supply connection<\/span><\/p><\/td><td><p><span style=\"font-weight: 400;\">2&#8243;<\/span><\/p><\/td><\/tr><tr><td><p><span style=\"font-weight: 400;\">water return connection<\/span><\/p><\/td><td><p><span style=\"font-weight: 400;\">2&#8243;<\/span><\/p><\/td><\/tr><tr><td><p><span style=\"font-weight: 400;\">flue connection<\/span><\/p><\/td><td><p><span style=\"font-weight: 400;\">180 mm<\/span><\/p><\/td><\/tr><tr><td><p><span style=\"font-weight: 400;\">height (including flue pipe)<\/span><\/p><\/td><td><p><span style=\"font-weight: 400;\">1220 mm<\/span><\/p><\/td><\/tr><tr><td><p><span style=\"font-weight: 400;\">width<\/span><\/p><\/td><td><p><span style=\"font-weight: 400;\">720 mm<\/span><\/p><\/td><\/tr><tr><td><p><span style=\"font-weight: 400;\">depth<\/span><\/p><\/td><td><p><span style=\"font-weight: 400;\">590 mm<\/span><\/p><\/td><\/tr><tr><td><p><span style=\"font-weight: 400;\">fire door size<\/span><\/p><\/td><td><p><span style=\"font-weight: 400;\">320&#215;270 mm<\/span><\/p><\/td><\/tr><tr><td><p><span style=\"font-weight: 400;\">heatable air space<\/span><\/p><\/td><td><p><span style=\"font-weight: 400;\">980 m<\/span><span style=\"font-weight: 400;\">3<\/span><\/p><\/td><\/tr><\/tbody><\/table>\t\t\t\t\t\t\t\t<\/div>\n\t\t\t\t<\/div>\n\t\t\t\t<\/div>\n\t\t<div id=\"e-n-tab-content-918472305\" role=\"tabpanel\" aria-labelledby=\"e-n-tab-title-918472305\" data-tab-index=\"5\" style=\"--n-tabs-title-order: 5;\" class=\"elementor-element elementor-element-7bb4176 e-con-full e-flex e-con e-child\" data-id=\"7bb4176\" data-element_type=\"container\">\n\t\t\t\t<div class=\"elementor-element elementor-element-55179b8 elementor-widget elementor-widget-text-editor\" data-id=\"55179b8\" data-element_type=\"widget\" data-widget_type=\"text-editor.default\">\n\t\t\t\t<div class=\"elementor-widget-container\">\n\t\t\t\t\t\t\t\t\t<table><tbody><tr><td><p>heat output<\/p><\/td><td><p>64-71 kW<\/p><\/td><\/tr><tr><td><p>weight<\/p><\/td><td><p>385 kg<\/p><\/td><\/tr><tr><td><p>fireplace jacket<\/p><\/td><td><p>5 mm<\/p><\/td><\/tr><tr><td><p>heating surface<\/p><\/td><td><p>5,2 m2<\/p><\/td><\/tr><tr><td><p>water content<\/p><\/td><td><p>260 liter<\/p><\/td><\/tr><tr><td><p>water sid pressure max.<\/p><\/td><td><p>2 bar<\/p><\/td><\/tr><tr><td><p>single coal load<\/p><\/td><td><p>66-70 kg<\/p><\/td><\/tr><tr><td><p>burning time of a single coal load<\/p><\/td><td><p>4-6 \u00f3ra<\/p><\/td><\/tr><tr><td><p>reignit time (wood)<\/p><\/td><td><p>4 \u00f3ra<\/p><\/td><\/tr><tr><td><p>reignit time (coal)<\/p><\/td><td><p>6 \u00f3ra<\/p><\/td><\/tr><tr><td><p>draft requirement<\/p><\/td><td><p>0,4 mbar<\/p><\/td><\/tr><tr><td><p>average flue gas temperature<\/p><\/td><td><p>270-350 Co<\/p><\/td><\/tr><tr><td><p>flue gas mass flow max.<\/p><\/td><td><p>34,2 g\/s<\/p><\/td><\/tr><tr><td><p>CO emission class\u00a0<\/p><\/td><td><p>I.<\/p><\/td><\/tr><tr><td><p>efficiency<\/p><\/td><td><p>80%<\/p><\/td><\/tr><tr><td><p>water supply connection<\/p><\/td><td><p>2&#8243;<\/p><\/td><\/tr><tr><td><p>water return connection<\/p><\/td><td><p>2&#8243;<\/p><\/td><\/tr><tr><td><p>flue connection<\/p><\/td><td><p>200 mm<\/p><\/td><\/tr><tr><td><p>height (including flue pipe)<\/p><\/td><td><p>1228 mm<\/p><\/td><\/tr><tr><td><p>width<\/p><\/td><td><p>510 mm<\/p><\/td><\/tr><tr><td><p>depth<\/p><\/td><td><p>1050 mm<\/p><\/td><\/tr><tr><td><p>fire door size<\/p><\/td><td><p>350&#215;400 mm<\/p><\/td><\/tr><tr><td><p>heatable air space<\/p><\/td><td><p>1500 m3<\/p><\/td><\/tr><\/tbody><\/table>\t\t\t\t\t\t\t\t<\/div>\n\t\t\t\t<\/div>\n\t\t\t\t<\/div>\n\t\t<div id=\"e-n-tab-content-918472306\" role=\"tabpanel\" aria-labelledby=\"e-n-tab-title-918472306\" data-tab-index=\"6\" style=\"--n-tabs-title-order: 6;\" class=\"elementor-element elementor-element-9b4fe36 e-con-full e-flex e-con e-child\" data-id=\"9b4fe36\" data-element_type=\"container\">\n\t\t\t\t<div class=\"elementor-element elementor-element-69f5d74 elementor-widget elementor-widget-text-editor\" data-id=\"69f5d74\" data-element_type=\"widget\" data-widget_type=\"text-editor.default\">\n\t\t\t\t<div class=\"elementor-widget-container\">\n\t\t\t\t\t\t\t\t\t<table><tbody><tr><td><p>heat output<\/p><\/td><td><p>84-91 kW<\/p><\/td><\/tr><tr><td><p>weight<\/p><\/td><td><p>460 kg<\/p><\/td><\/tr><tr><td><p>fireplace jacket<\/p><\/td><td><p>5 mm<\/p><\/td><\/tr><tr><td><p>heating surface<\/p><\/td><td><p>6,6 m2<\/p><\/td><\/tr><tr><td><p>water content<\/p><\/td><td><p>315 liter<\/p><\/td><\/tr><tr><td><p>water sid pressure max.<\/p><\/td><td><p>2 bar<\/p><\/td><\/tr><tr><td><p>single coal load<\/p><\/td><td><p>78-90 kg<\/p><\/td><\/tr><tr><td><p>burning time of a single coal load<\/p><\/td><td><p>4-6 \u00f3ra<\/p><\/td><\/tr><tr><td><p>reignit time (wood)<\/p><\/td><td><p>4 \u00f3ra<\/p><\/td><\/tr><tr><td><p>reignit time (coal)<\/p><\/td><td><p>6 \u00f3ra<\/p><\/td><\/tr><tr><td><p>draft requirement<\/p><\/td><td><p>0,4-0,5 mbar<\/p><\/td><\/tr><tr><td><p>average flue gas temperature<\/p><\/td><td><p>270-360 Co<\/p><\/td><\/tr><tr><td><p>flue gas mass flow max.<\/p><\/td><td><p>46,8 g\/s<\/p><\/td><\/tr><tr><td><p>CO emission class\u00a0<\/p><\/td><td><p>I.<\/p><\/td><\/tr><tr><td><p>efficiency<\/p><\/td><td><p>80%<\/p><\/td><\/tr><tr><td><p>water supply connection<\/p><\/td><td><p>2,5&#8243;<\/p><\/td><\/tr><tr><td><p>water return connection<\/p><\/td><td><p>2,5&#8243;<\/p><\/td><\/tr><tr><td><p>flue connection<\/p><\/td><td><p>250 mm<\/p><\/td><\/tr><tr><td><p>height (including flue pipe)<\/p><\/td><td><p>1228 mm<\/p><\/td><\/tr><tr><td><p>width<\/p><\/td><td><p>610 mm<\/p><\/td><\/tr><tr><td><p>depth<\/p><\/td><td><p>1050 mm<\/p><\/td><\/tr><tr><td><p>fire door size<\/p><\/td><td><p>350&#215;500 mm<\/p><\/td><\/tr><tr><td><p>heatable air space<\/p><\/td><td><p>1840 m3<\/p><\/td><\/tr><\/tbody><\/table>\t\t\t\t\t\t\t\t<\/div>\n\t\t\t\t<\/div>\n\t\t\t\t<\/div>\n\t\t\t\t\t<\/div>\n\t\t<\/div>\n\t\t\t\t\t\t<\/div>\n\t\t\t\t<\/div>\n\t\t\t\t\t<\/div>\n\t\t\t\t<\/div>\n\t\t<div class=\"elementor-element elementor-element-e707b61 e-flex e-con-boxed e-con e-parent\" data-id=\"e707b61\" data-element_type=\"container\">\n\t\t\t\t\t<div class=\"e-con-inner\">\n\t\t\t\t<div class=\"elementor-element elementor-element-3d7acc3 elementor-widget elementor-widget-voldor-contact-form\" data-id=\"3d7acc3\" data-element_type=\"widget\" data-widget_type=\"voldor-contact-form.default\">\n\t\t\t\t<div class=\"elementor-widget-container\">\n\t\t\t\t\t\t<!-- Contact Section Start -->\r\n\t<section class=\"contact-one\">\r\n\t\t<div class=\"container\">\r\n\t\t\t<div class=\"col-12\">\r\n\t\t\t\t<div class=\"contact-one__top\">\r\n\t\t\t\t\t<div class=\"sec-title text-center wow fadeInUp\" data-wow-duration='1500ms' data-wow-delay='000ms'>\r\n\t\t\t\t\t\t<h6 class=\"sec-title__tagline\">  Contact<\/h6>\r\n\t\t\t\t\t\t<h3 class=\"sec-title__title\">Request a quote!<\/h3>\r\n\t\t\t\t\t<\/div>\r\n\t\t\t\t<\/div>\r\n\t\t\t\t<div class=\"wpcf7 no-js\" id=\"wpcf7-f653-o1\" lang=\"en-US\" dir=\"ltr\" data-wpcf7-id=\"653\">\n<div class=\"screen-reader-response\"><p role=\"status\" aria-live=\"polite\" aria-atomic=\"true\"><\/p> <ul><\/ul><\/div>\n<form action=\"\/en\/wp-json\/wp\/v2\/pages\/1360#wpcf7-f653-o1\" method=\"post\" class=\"wpcf7-form init\" aria-label=\"Contact form\" novalidate=\"novalidate\" data-status=\"init\" data-trp-original-action=\"\/en\/wp-json\/wp\/v2\/pages\/1360#wpcf7-f653-o1\">\n<div style=\"display: none;\">\n<input type=\"hidden\" name=\"_wpcf7\" value=\"653\" \/>\n<input type=\"hidden\" name=\"_wpcf7_version\" value=\"6.0.3\" \/>\n<input type=\"hidden\" name=\"_wpcf7_locale\" value=\"en_US\" \/>\n<input type=\"hidden\" name=\"_wpcf7_unit_tag\" value=\"wpcf7-f653-o1\" \/>\n<input type=\"hidden\" name=\"_wpcf7_container_post\" value=\"0\" \/>\n<input type=\"hidden\" name=\"_wpcf7_posted_data_hash\" value=\"\" \/>\n<\/div>\n<div class=\"contact-one__form contact-form-validated form-one background-base wow fadeInUp\" >\n    <div class=\"form-one__group\">\n        <div class=\"form-one__control\">\n           <span class=\"wpcf7-form-control-wrap\" data-name=\"text-673\"><input size=\"40\" maxlength=\"400\" class=\"wpcf7-form-control wpcf7-text wpcf7-validates-as-required\" aria-required=\"true\" aria-invalid=\"false\" placeholder=\"Name\" value=\"\" type=\"text\" name=\"text-673\" \/><\/span>\n        <\/div>\n        <div class=\"form-one__control\">\n            <span class=\"wpcf7-form-control-wrap\" data-name=\"email-264\"><input size=\"40\" maxlength=\"400\" class=\"wpcf7-form-control wpcf7-email wpcf7-validates-as-required wpcf7-text wpcf7-validates-as-email\" aria-required=\"true\" aria-invalid=\"false\" placeholder=\"Email\" value=\"\" type=\"email\" name=\"email-264\" \/><\/span>\n        <\/div>\n        <div class=\"form-one__control\">\n            <span class=\"wpcf7-form-control-wrap\" data-name=\"phone\"><input size=\"40\" maxlength=\"400\" class=\"wpcf7-form-control wpcf7-text wpcf7-validates-as-required\" aria-required=\"true\" aria-invalid=\"false\" placeholder=\"Phone\" value=\"\" type=\"text\" name=\"phone\" \/><\/span>\n        <\/div>\n        <div class=\"form-one__control\">\n            <span class=\"wpcf7-form-control-wrap\" data-name=\"Subject\"><input size=\"40\" maxlength=\"400\" class=\"wpcf7-form-control wpcf7-text wpcf7-validates-as-required\" aria-required=\"true\" aria-invalid=\"false\" placeholder=\"What would you like to inquire about?\" value=\"\" type=\"text\" name=\"Subject\" \/><\/span>\n        <\/div>\n        <div class=\"form-one__control form-one__control--full\">\n            <span class=\"wpcf7-form-control-wrap\" data-name=\"textarea-221\"><textarea cols=\"40\" rows=\"10\" maxlength=\"2000\" class=\"wpcf7-form-control wpcf7-textarea wpcf7-validates-as-required\" aria-required=\"true\" aria-invalid=\"false\" placeholder=\"Message\" name=\"textarea-221\"><\/textarea><\/span>\n        <\/div>\n        <div class=\"form-one__control text-center form-one__control--full\">\n            <button type=\"submit\" class=\"voldor-btn voldor-btn--base\">Send<\/button>\n        <\/div>\n    <\/div>\n<\/div><div class=\"wpcf7-response-output\" aria-hidden=\"true\"><\/div>\n<input type=\"hidden\" name=\"trp-form-language\" value=\"en\"\/><\/form>\n<\/div>\t\t\t<\/div>\r\n\t\t<\/div><!-- \/.container -->\r\n\t<\/section>\r\n\t<!-- Contact Section End-->\r\n\t\t\t\t<\/div>\n\t\t\t\t<\/div>\n\t\t\t\t\t<\/div>\n\t\t\t\t<\/div>\n\t\t\t\t<\/div>","protected":false},"excerpt":{"rendered":"<p>ErgoTherm Vegyest\u00fczel\u00e9s\u0171 kaz\u00e1nok Fejleszt\u00e9seink eredm\u00e9nyek\u00e9nt ker\u00fclt forgalmaz\u00e1sra a kiv\u00e1l\u00f3 hat\u00e1sfok\u00fa ErgoTherm vegyes t\u00fczel\u00e9s\u0171 kaz\u00e1n csal\u00e1d, mely az elt\u00e9r\u0151 kapacit\u00e1s ig\u00e9nyeknek megfelel\u0151en ker\u00fclt kialak\u00edt\u00e1sra. A kaz\u00e1n alkalmas csal\u00e1di h\u00e1zak, int\u00e9zm\u00e9nyek, m\u0171helyek, csarnokok meleg vizes k\u00f6zponti f\u0171t\u00e9s\u00e9re. A nagy m\u00e9ret\u0171 t\u0171zt\u00e9r kialak\u00edt\u00e1sa k\u00f6vetkezt\u00e9ben a hagyom\u00e1nyos t\u00fczel\u0151anyagok, mint a sz\u00e9n, brikett, t\u0171zifa nagyobb mennyis\u00e9g\u0171 bet\u00f6lt\u00e9se v\u00e1lik \u00edgy lehet\u0151v\u00e9. [&hellip;]<\/p>","protected":false},"author":1,"featured_media":0,"parent":0,"menu_order":0,"comment_status":"closed","ping_status":"closed","template":"elementor_header_footer","meta":{"footnotes":""},"class_list":["post-1360","page","type-page","status-publish","hentry"],"_links":{"self":[{"href":"https:\/\/www.ergofem.hu\/en\/wp-json\/wp\/v2\/pages\/1360","targetHints":{"allow":["GET"]}}],"collection":[{"href":"https:\/\/www.ergofem.hu\/en\/wp-json\/wp\/v2\/pages"}],"about":[{"href":"https:\/\/www.ergofem.hu\/en\/wp-json\/wp\/v2\/types\/page"}],"author":[{"embeddable":true,"href":"https:\/\/www.ergofem.hu\/en\/wp-json\/wp\/v2\/users\/1"}],"replies":[{"embeddable":true,"href":"https:\/\/www.ergofem.hu\/en\/wp-json\/wp\/v2\/comments?post=1360"}],"version-history":[{"count":49,"href":"https:\/\/www.ergofem.hu\/en\/wp-json\/wp\/v2\/pages\/1360\/revisions"}],"predecessor-version":[{"id":2075,"href":"https:\/\/www.ergofem.hu\/en\/wp-json\/wp\/v2\/pages\/1360\/revisions\/2075"}],"wp:attachment":[{"href":"https:\/\/www.ergofem.hu\/en\/wp-json\/wp\/v2\/media?parent=1360"}],"curies":[{"name":"wp","href":"https:\/\/api.w.org\/{rel}","templated":true}]}}