{"id":1506,"date":"2024-05-15T00:44:09","date_gmt":"2024-05-14T22:44:09","guid":{"rendered":"https:\/\/www.ergofem.hu\/?page_id=1506"},"modified":"2025-02-14T11:25:53","modified_gmt":"2025-02-14T10:25:53","slug":"lezeres-lemezvagas","status":"publish","type":"page","link":"https:\/\/www.ergofem.hu\/en\/lezeres-lemezvagas\/","title":{"rendered":"L\u00e9zeres lemezv\u00e1g\u00e1s"},"content":{"rendered":"<div data-elementor-type=\"wp-page\" data-elementor-id=\"1506\" class=\"elementor elementor-1506\" data-elementor-post-type=\"page\">\n\t\t\t\t<div class=\"elementor-element elementor-element-40183fd3 e-flex e-con-boxed e-con e-parent\" data-id=\"40183fd3\" data-element_type=\"container\">\n\t\t\t\t\t<div class=\"e-con-inner\">\n\t\t<div class=\"elementor-element elementor-element-5dc5eb3d e-con-full e-flex e-con e-child\" data-id=\"5dc5eb3d\" data-element_type=\"container\">\n\t\t\t\t<div class=\"elementor-element elementor-element-83418d7 elementor-widget elementor-widget-sidebar-nav\" data-id=\"83418d7\" data-element_type=\"widget\" data-widget_type=\"sidebar-nav.default\">\n\t\t\t\t<div class=\"elementor-widget-container\">\n\t\t\t\t\t    <div class=\"service-sidebar__single  wow fadeInUp\" data-wow-delay='500ms'>\r\n        <h3 class=\"service-sidebar__title\">egy\u00e9b Lemezmegmunk\u00e1l\u00e1s<\/h3>        <ul class=\"list-unstyled service-sidebar__nav ml-0\">\r\n                            <li class=\"\"><a href=\"https:\/\/www.ergofem.hu\/en\/cnc-elhajlitas\/\"  >CNC \u00e9lhajl\u00edt\u00e1s<i class=\"icon-arrow-right\"><\/i><\/a>\r\n                <\/li>\r\n                            <li class=\"\"><a href=\"https:\/\/www.ergofem.hu\/en\/lemezmegmunkalas\/ponthegesztes\/\"  >Ponthegeszt\u00e9s<i class=\"icon-arrow-right\"><\/i><\/a>\r\n                <\/li>\r\n                    <\/ul><!-- \/.list-unstyled service-sidebar__nav -->\r\n    <\/div>\r\n\t\t\t\t<\/div>\n\t\t\t\t<\/div>\n\t\t\t\t<div class=\"elementor-element elementor-element-4847fb52 elementor-widget elementor-widget-voldor-sidebar-call-to-action\" data-id=\"4847fb52\" data-element_type=\"widget\" data-widget_type=\"voldor-sidebar-call-to-action.default\">\n\t\t\t\t<div class=\"elementor-widget-container\">\n\t\t\t\t\t    <div class=\"service-sidebar__contact\">\r\n        <h3 class=\"service-sidebar__contact-title\">Comprehensive metalworking services\n<\/h3>                    <div class=\"service-sidebar__contact-btn\">\r\n                <a href=\"https:\/\/www.ergofem.hu\/en\/kapcsolat\/\"   class=\"voldor-btn voldor-btn--base\">Contact<\/a>\r\n            <\/div><!-- \/.service-sidebar__contact__icon -->\r\n                            <div class=\"service-sidebar__contact-image\">\r\n                <img decoding=\"async\" src=\"https:\/\/www.ergofem.hu\/wp-content\/uploads\/2024\/05\/service-men-1-1.png\" alt=\"alt\" title=\"service-men-1-1\" >            <\/div>\r\n                            <div class=\"service-sidebar__contact-angle\">\r\n                <img decoding=\"async\" src=\"https:\/\/www.ergofem.hu\/wp-content\/uploads\/2024\/05\/service-shape.png\" alt=\"service-shape\" title=\"service-shape\" >            <\/div>\r\n            <\/div><!-- \/.service-sidebar__contact -->\r\n\t\t\t\t<\/div>\n\t\t\t\t<\/div>\n\t\t\t\t<\/div>\n\t\t<div class=\"elementor-element elementor-element-1252833e e-con-full e-flex e-con e-child\" data-id=\"1252833e\" data-element_type=\"container\">\n\t\t\t\t<div class=\"elementor-element elementor-element-7e5e6af8 service-image elementor-widget elementor-widget-image\" data-id=\"7e5e6af8\" data-element_type=\"widget\" data-widget_type=\"image.default\">\n\t\t\t\t<div class=\"elementor-widget-container\">\n\t\t\t\t\t\t\t\t\t\t\t\t\t\t\t<img fetchpriority=\"high\" decoding=\"async\" width=\"800\" height=\"533\" src=\"https:\/\/www.ergofem.hu\/wp-content\/uploads\/2025\/02\/lezeres-lemezvagas-2.jpg\" class=\"attachment-full size-full wp-image-1408\" alt=\"\" srcset=\"https:\/\/www.ergofem.hu\/wp-content\/uploads\/2025\/02\/lezeres-lemezvagas-2.jpg 800w, https:\/\/www.ergofem.hu\/wp-content\/uploads\/2025\/02\/lezeres-lemezvagas-2-300x200.jpg 300w, https:\/\/www.ergofem.hu\/wp-content\/uploads\/2025\/02\/lezeres-lemezvagas-2-768x512.jpg 768w\" sizes=\"(max-width: 800px) 100vw, 800px\" \/>\t\t\t\t\t\t\t\t\t\t\t\t\t\t\t<\/div>\n\t\t\t\t<\/div>\n\t\t\t\t<div class=\"elementor-element elementor-element-23dbf2c3 elementor-widget elementor-widget-html\" data-id=\"23dbf2c3\" data-element_type=\"widget\" data-widget_type=\"html.default\">\n\t\t\t\t<div class=\"elementor-widget-container\">\n\t\t\t\t\t<h3 class=\"service-details__title wow fadeInUp\" data-wow-delay='300ms'>L\u00e9zeres lemezv\u00e1g\u00e1s<\/h3>\r\n<p class=\"service-details__text wow fadeInUp\" data-wow-delay='350ms'>A l\u00e9zerv\u00e1g\u00e1s sor\u00e1n a berendez\u00e9s a behelyezett lemezb\u0151l nagy teljes\u00edtm\u00e9ny\u0171 l\u00e9zersug\u00e1r seg\u00edts\u00e9g\u00e9vel v\u00e1gja ki a k\u00edv\u00e1nt munkadarabot a  vez\u00e9rl\u0151 sz\u00e1m\u00edt\u00f3g\u00e9p \u00e1ltal el\u0151re meghat\u00e1rozott \u00fatvonal ment\u00e9n.\r\nK\u00f6zvetlen\u00fcl a vev\u0151 \u00e1ltal rendelkez\u00e9s\u00fcnkre bocs\u00e1tott leggyakrabban alkalmazott \u201edxf.\u201d \u201edwg\u201d form\u00e1tumban, vagy saj\u00e1t magunk \u00e1ltal elk\u00e9sz\u00edtett ter\u00edt\u00e9krajz alapj\u00e1n.\r\nA Solid Edge valamint az AutoCad 3D-\u00e9s tervez\u0151 \u00e9s rajzol\u00f3 program lehet\u0151s\u00e9get ny\u00fajtanak a magas szint\u0171 bonyolultabb alkatr\u00e9szek tervez\u00e9s\u00e9re, gy\u00e1rt\u00e1s\u00e1ra.\r\n\r\n<\/p>\r\n<h3 class=\"service-details__sub-title wow fadeInUp\" data-wow-delay='300ms'>Szolg\u00e1ltat\u00e1sunk jellemz\u0151i: \r\n\r\n\t\t\t\t<\/div>\n\t\t\t\t<\/div>\n\t\t\t\t<div class=\"elementor-element elementor-element-ae805f6 elementor-icon-list--layout-traditional elementor-list-item-link-full_width elementor-widget elementor-widget-icon-list\" data-id=\"ae805f6\" data-element_type=\"widget\" data-widget_type=\"icon-list.default\">\n\t\t\t\t<div class=\"elementor-widget-container\">\n\t\t\t\t\t\t\t<ul class=\"elementor-icon-list-items\">\n\t\t\t\t\t\t\t<li class=\"elementor-icon-list-item\">\n\t\t\t\t\t\t\t\t\t\t<span class=\"elementor-icon-list-text\"><strong>G\u00e9p\u00fcnk: <\/strong> Microstep<\/span>\n\t\t\t\t\t\t\t\t\t<\/li>\n\t\t\t\t\t\t\t\t<li class=\"elementor-icon-list-item\">\n\t\t\t\t\t\t\t\t\t\t<span class=\"elementor-icon-list-text\"><strong>T\u00edpusa: <\/strong> Microlas 3001.15.<\/span>\n\t\t\t\t\t\t\t\t\t<\/li>\n\t\t\t\t\t\t\t\t<li class=\"elementor-icon-list-item\">\n\t\t\t\t\t\t\t\t\t\t<span class=\"elementor-icon-list-text\"><strong>Megmunk\u00e1lhat\u00f3 t\u00e1blam\u00e9ret:  <\/strong>  3000 x 1500 mm<\/span>\n\t\t\t\t\t\t\t\t\t<\/li>\n\t\t\t\t\t\t\t\t<li class=\"elementor-icon-list-item\">\n\t\t\t\t\t\t\t\t\t\t<span class=\"elementor-icon-list-text\"><strong>V\u00e1ghat\u00f3 lemezvastags\u00e1gok:<\/strong> <\/span>\n\t\t\t\t\t\t\t\t\t<\/li>\n\t\t\t\t\t\t\t\t<li class=\"elementor-icon-list-item\">\n\t\t\t\t\t\t\t\t\t\t<span class=\"elementor-icon-list-text\">Sz\u00e9nac\u00e9l: 0,5 -15 mm-ig<\/span>\n\t\t\t\t\t\t\t\t\t<\/li>\n\t\t\t\t\t\t\t\t<li class=\"elementor-icon-list-item\">\n\t\t\t\t\t\t\t\t\t\t<span class=\"elementor-icon-list-text\">Rozsdamentes ac\u00e9l (KO33): 0,5 -8 mm-ig<\/span>\n\t\t\t\t\t\t\t\t\t<\/li>\n\t\t\t\t\t\t\t\t<li class=\"elementor-icon-list-item\">\n\t\t\t\t\t\t\t\t\t\t<span class=\"elementor-icon-list-text\">Alum\u00ednium: 0,5-4 mm-ig<\/span>\n\t\t\t\t\t\t\t\t\t<\/li>\n\t\t\t\t\t\t<\/ul>\n\t\t\t\t\t\t<\/div>\n\t\t\t\t<\/div>\n\t\t\t\t<div class=\"elementor-element elementor-element-62c141e0 elementor-widget elementor-widget-voldor-icon-box\" data-id=\"62c141e0\" data-element_type=\"widget\" data-widget_type=\"voldor-icon-box.default\">\n\t\t\t\t<div class=\"elementor-widget-container\">\n\t\t\t\t\t    <div class=\"service-details__single\">\r\n        <div class=\"service-details__single-inner\">\r\n            <h3 class=\"service-details__title\">Why choose us?<\/h3>\r\n            <div class=\"row gutter-y-30\">\r\n                                    <div class=\"col-md-6\">\r\n                        <div class=\"service-details__inner-item wow fadeInUp\" data-wow-delay=\"300ms\">\r\n                            <div class=\"item-icon\">\r\n                                <div class=\"icon\">\r\n                                    <i aria-hidden=\"true\" class=\"icon-certificate-1-1\"><\/i>                                <\/div>\r\n                            <\/div>\r\n                            <div class=\"item-content\">\r\n                                <h4 class=\"item__title\">\r\n                                    <a href=\"https:\/\/www.ergofem.hu\/en\/kapcsolat\/\"  > More than 30 years of experience<\/a>\r\n                                <\/h4>\r\n                                <p class=\"item__dec\">The company is currently a leading market player in the southern Great Plain region and its catchment area with its activities<\/p>\r\n                            <\/div>\r\n                        <\/div>\r\n                    <\/div>\r\n                                    <div class=\"col-md-6\">\r\n                        <div class=\"service-details__inner-item wow fadeInUp\" data-wow-delay=\"300ms\">\r\n                            <div class=\"item-icon\">\r\n                                <div class=\"icon\">\r\n                                    <i aria-hidden=\"true\" class=\"fas fa-globe\"><\/i>                                <\/div>\r\n                            <\/div>\r\n                            <div class=\"item-content\">\r\n                                <h4 class=\"item__title\">\r\n                                    <a href=\"https:\/\/www.ergofem.hu\/en\/kapcsolat\/\"  >Precise, quality work<\/a>\r\n                                <\/h4>\r\n                                <p class=\"item__dec\">Our company places great emphasis on technical, technological, and human resource development, enabling us to provide our clients with a complete range of services in the field of metalworking.\n<\/p>\r\n                            <\/div>\r\n                        <\/div>\r\n                    <\/div>\r\n                            <\/div>\r\n        <\/div>\r\n    <\/div>\r\n\t\t\t\t<\/div>\n\t\t\t\t<\/div>\n\t\t\t\t<\/div>\n\t\t\t\t\t<\/div>\n\t\t\t\t<\/div>\n\t\t\t\t<\/div>","protected":false},"excerpt":{"rendered":"<p>egy\u00e9b Lemezmegmunk\u00e1l\u00e1s CNC \u00e9lhajl\u00edt\u00e1s Ponthegeszt\u00e9s Teljes k\u00f6r\u0171 f\u00e9mfeldolgoz\u00e1si szolg\u00e1ltat\u00e1s Kapcsolat L\u00e9zeres lemezv\u00e1g\u00e1s A l\u00e9zerv\u00e1g\u00e1s sor\u00e1n a berendez\u00e9s a behelyezett lemezb\u0151l nagy teljes\u00edtm\u00e9ny\u0171 l\u00e9zersug\u00e1r seg\u00edts\u00e9g\u00e9vel v\u00e1gja ki a k\u00edv\u00e1nt munkadarabot a vez\u00e9rl\u0151 sz\u00e1m\u00edt\u00f3g\u00e9p \u00e1ltal el\u0151re meghat\u00e1rozott \u00fatvonal ment\u00e9n. K\u00f6zvetlen\u00fcl a vev\u0151 \u00e1ltal rendelkez\u00e9s\u00fcnkre bocs\u00e1tott leggyakrabban alkalmazott \u201edxf.\u201d \u201edwg\u201d form\u00e1tumban, vagy saj\u00e1t magunk \u00e1ltal elk\u00e9sz\u00edtett ter\u00edt\u00e9krajz alapj\u00e1n. [&hellip;]<\/p>","protected":false},"author":1,"featured_media":0,"parent":0,"menu_order":0,"comment_status":"closed","ping_status":"closed","template":"elementor_header_footer","meta":{"footnotes":""},"class_list":["post-1506","page","type-page","status-publish","hentry"],"_links":{"self":[{"href":"https:\/\/www.ergofem.hu\/en\/wp-json\/wp\/v2\/pages\/1506","targetHints":{"allow":["GET"]}}],"collection":[{"href":"https:\/\/www.ergofem.hu\/en\/wp-json\/wp\/v2\/pages"}],"about":[{"href":"https:\/\/www.ergofem.hu\/en\/wp-json\/wp\/v2\/types\/page"}],"author":[{"embeddable":true,"href":"https:\/\/www.ergofem.hu\/en\/wp-json\/wp\/v2\/users\/1"}],"replies":[{"embeddable":true,"href":"https:\/\/www.ergofem.hu\/en\/wp-json\/wp\/v2\/comments?post=1506"}],"version-history":[{"count":16,"href":"https:\/\/www.ergofem.hu\/en\/wp-json\/wp\/v2\/pages\/1506\/revisions"}],"predecessor-version":[{"id":1599,"href":"https:\/\/www.ergofem.hu\/en\/wp-json\/wp\/v2\/pages\/1506\/revisions\/1599"}],"wp:attachment":[{"href":"https:\/\/www.ergofem.hu\/en\/wp-json\/wp\/v2\/media?parent=1506"}],"curies":[{"name":"wp","href":"https:\/\/api.w.org\/{rel}","templated":true}]}}