{"id":87,"date":"2024-05-12T02:46:52","date_gmt":"2024-05-12T02:46:52","guid":{"rendered":"http:\/\/voldor-demo.local\/?page_id=87"},"modified":"2025-03-12T08:13:57","modified_gmt":"2025-03-12T07:13:57","slug":"polcrendszerek","status":"publish","type":"page","link":"https:\/\/www.ergofem.hu\/en\/polcrendszerek\/","title":{"rendered":"Shelving systems"},"content":{"rendered":"<div data-elementor-type=\"wp-page\" data-elementor-id=\"87\" class=\"elementor elementor-87\" data-elementor-post-type=\"page\">\n\t\t\t\t<div class=\"elementor-element elementor-element-f3d1f14 e-flex e-con-boxed e-con e-parent\" data-id=\"f3d1f14\" data-element_type=\"container\">\n\t\t\t\t\t<div class=\"e-con-inner\">\n\t\t<div class=\"elementor-element elementor-element-4b9f185 e-con-full e-flex e-con e-child\" data-id=\"4b9f185\" data-element_type=\"container\">\n\t\t\t\t<div class=\"elementor-element elementor-element-0813155 e-n-tabs-none elementor-widget elementor-widget-n-tabs\" data-id=\"0813155\" data-element_type=\"widget\" data-settings=\"{&quot;horizontal_scroll_mobile&quot;:&quot;enable&quot;,&quot;tabs_justify_horizontal&quot;:&quot;center&quot;,&quot;horizontal_scroll&quot;:&quot;enable&quot;}\" data-widget_type=\"nested-tabs.default\">\n\t\t\t\t<div class=\"elementor-widget-container\">\n\t\t\t\t\t\t\t<div class=\"e-n-tabs\" data-widget-number=\"8466773\" aria-label=\"Tabs. Open items with Enter or Space, close with Escape and navigate using the Arrow keys.\">\n\t\t\t<div class=\"e-n-tabs-heading\" role=\"tablist\">\n\t\t\t\t\t<button id=\"e-n-tab-title-84667731\" class=\"e-n-tab-title\" aria-selected=\"true\" data-tab-index=\"1\" role=\"tab\" tabindex=\"0\" aria-controls=\"e-n-tab-content-84667731\" style=\"--n-tabs-title-order: 1;\">\n\t\t\t\t\t\t<span class=\"e-n-tab-title-text\">\n\t\t\t\tRolling archive shelving system\t\t\t<\/span>\n\t\t<\/button>\n\t\t\t\t<button id=\"e-n-tab-title-84667732\" class=\"e-n-tab-title\" aria-selected=\"false\" data-tab-index=\"2\" role=\"tab\" tabindex=\"-1\" aria-controls=\"e-n-tab-content-84667732\" style=\"--n-tabs-title-order: 2;\">\n\t\t\t\t\t\t<span class=\"e-n-tab-title-text\">\n\t\t\t\tFix shelving system\t\t\t<\/span>\n\t\t<\/button>\n\t\t\t\t\t<\/div>\n\t\t\t<div class=\"e-n-tabs-content\">\n\t\t\t\t<div id=\"e-n-tab-content-84667731\" role=\"tabpanel\" aria-labelledby=\"e-n-tab-title-84667731\" data-tab-index=\"1\" style=\"--n-tabs-title-order: 1;\" class=\"e-active elementor-element elementor-element-71c3d11 e-con-full e-flex e-con e-child\" data-id=\"71c3d11\" data-element_type=\"container\">\n\t\t\t\t<div class=\"elementor-element elementor-element-151c86f elementor-widget elementor-widget-text-editor\" data-id=\"151c86f\" data-element_type=\"widget\" data-widget_type=\"text-editor.default\">\n\t\t\t\t<div class=\"elementor-widget-container\">\n\t\t\t\t\t\t\t\t\t<h3><span style=\"font-weight: 400;\">1.GSZ.1. type rolling archive shelving system<\/span><\/h3>\n<p><span style=\"font-weight: 400;\">Which has generated favorable customer satisfaction as a result of a long, nearly 20 years of manufacturing experience and continuous developments. The system is suitable for the organized and easily movable storage of large quantities of documents.<\/span><\/p>\n<p><span style=\"font-weight: 400;\">When designing the system, we take into account individual needs, since we also have to use individual dimensions due to the different installation parameters.<\/span><\/p>\t\t\t\t\t\t\t\t<\/div>\n\t\t\t\t<\/div>\n\t\t\t\t<div class=\"elementor-element elementor-element-e5579c9 elementor-widget elementor-widget-icon-box\" data-id=\"e5579c9\" data-element_type=\"widget\" data-widget_type=\"icon-box.default\">\n\t\t\t\t<div class=\"elementor-widget-container\">\n\t\t\t\t\t\t\t<div class=\"elementor-icon-box-wrapper\">\n\n\t\t\t\n\t\t\t\t\t\t<div class=\"elementor-icon-box-content\">\n\n\t\t\t\t\t\t\t\t\t<div class=\"elementor-icon-box-title\">\n\t\t\t\t\t\t<span  >\n\t\t\t\t\t\t\tRail structure\t\t\t\t\t\t<\/span>\n\t\t\t\t\t<\/div>\n\t\t\t\t\n\t\t\t\t\t\t\t\t\t<p class=\"elementor-icon-box-description\">\n\t\t\t\t\t\tA row of cabinets is operated on 4 rails. The base plate of the rail is fixed to the floor with a frame fixing screw. The cabinets roll on 16 x16 mm square steel welded to the base plate, to which the tripping prevention device is attached. The tripping prevention device facilitates the loading and unloading of materials in the cabinets, as well as the tripping-free movement of the operating personnel.\n\t\t\t\t\t<\/p>\n\t\t\t\t\n\t\t\t<\/div>\n\t\t\t\n\t\t<\/div>\n\t\t\t\t\t\t<\/div>\n\t\t\t\t<\/div>\n\t\t\t\t<div class=\"elementor-element elementor-element-35c0bbb elementor-widget elementor-widget-icon-box\" data-id=\"35c0bbb\" data-element_type=\"widget\" data-widget_type=\"icon-box.default\">\n\t\t\t\t<div class=\"elementor-widget-container\">\n\t\t\t\t\t\t\t<div class=\"elementor-icon-box-wrapper\">\n\n\t\t\t\n\t\t\t\t\t\t<div class=\"elementor-icon-box-content\">\n\n\t\t\t\t\t\t\t\t\t<div class=\"elementor-icon-box-title\">\n\t\t\t\t\t\t<span  >\n\t\t\t\t\t\t\tRolling cabinet chassis (trolley)\t\t\t\t\t\t<\/span>\n\t\t\t\t\t<\/div>\n\t\t\t\t\n\t\t\t\t\t\t\t\t\t<p class=\"elementor-icon-box-description\">\n\t\t\t\t\t\tThe cabinet chassis is connected to the laid rails with 4 pairs of wheels. The drive is solved with a hand-operated wheel. By moving the hand wheel, we simultaneously drive the 4 - 4 wheels rolling on the rails, which also ensures the movement of the trolleys without swaying.<br>\nCompared to the rolling cabinets on the market, the movement and drive of the chassis contains a unique solution.<br>\nThe cabinets are easily moved by a double deceleration gear.<br>\nA toothed disc is built into the moving wheel fixed to the side of the cabinet, which ensures that the cabinets can be fixed in any position to avoid accidents.\n\n\t\t\t\t\t<\/p>\n\t\t\t\t\n\t\t\t<\/div>\n\t\t\t\n\t\t<\/div>\n\t\t\t\t\t\t<\/div>\n\t\t\t\t<\/div>\n\t\t\t\t<div class=\"elementor-element elementor-element-3fe8cfb elementor-widget elementor-widget-icon-box\" data-id=\"3fe8cfb\" data-element_type=\"widget\" data-widget_type=\"icon-box.default\">\n\t\t\t\t<div class=\"elementor-widget-container\">\n\t\t\t\t\t\t\t<div class=\"elementor-icon-box-wrapper\">\n\n\t\t\t\n\t\t\t\t\t\t<div class=\"elementor-icon-box-content\">\n\n\t\t\t\t\t\t\t\t\t<h3 class=\"elementor-icon-box-title\">\n\t\t\t\t\t\t<span  >\n\t\t\t\t\t\t\tSuperstructure\t\t\t\t\t\t<\/span>\n\t\t\t\t\t<\/h3>\n\t\t\t\t\n\t\t\t\t\t\t\t\t\t<p class=\"elementor-icon-box-description\">\n\t\t\t\t\t\tThe 1-1 column fixed to the chassis consists of 4 perforated elements. The shelves sit on a flat steel shelf support, which is connected to the perforation with a welded rivet. The shelves are equipped with a stiffening plate for a 100 kg\/shelf load.<br>\nThe shelf distances (shelf height) can be changed in 25 mm increments according to storage needs. The ends and top of the cabinets, as well as the chain drive, are equipped with a cover plate. <br>The label holder placed on the cabinets helps in the clear organization of documents. We attach a roller top guide to the top of the multi-level cabinets, which prevents the cabinets from tipping over. We attach 4 rubber bumpers to each cabinet to prevent the cabinets from being damaged mechanically.<br>\nThe surface treatment of the shelving system is carried out using electrostatic powder spraying technology.\n\t\t\t\t\t<\/p>\n\t\t\t\t\n\t\t\t<\/div>\n\t\t\t\n\t\t<\/div>\n\t\t\t\t\t\t<\/div>\n\t\t\t\t<\/div>\n\t\t\t\t<div class=\"elementor-element elementor-element-a2860f3 elementor-widget elementor-widget-voldor-gallery\" data-id=\"a2860f3\" data-element_type=\"widget\" data-widget_type=\"voldor-gallery.default\">\n\t\t\t\t<div class=\"elementor-widget-container\">\n\t\t\t\t\t    <section class=\"gallery-one gallery-one--page\">\r\n        <div class=\"container\">\r\n            <div class=\"row\">\r\n                                    <div class=\"col-md-6 col-lg-4\">\r\n                        <div class=\"gallery-one__card\">\r\n                            <img decoding=\"async\" src=\"https:\/\/www.ergofem.hu\/wp-content\/uploads\/2025\/02\/gordulo-allvanyos-1-1.jpg\" alt=\"gordulo-allvanyos-1\" title=\"gordulo-allvanyos-1\" >                            <div class=\"gallery-one__card__hover\">\r\n                                <a href=\"https:\/\/www.ergofem.hu\/wp-content\/uploads\/2025\/02\/gordulo-allvanyos-1-1.jpg\" class=\"img-popup\">\r\n                                    <div class=\"gallery-one__card__icon\">\r\n                                        <span class=\"gallery-one__card__icon__item\"><\/span>\r\n                                    <\/div>\r\n                                <\/a>\r\n                            <\/div><!-- \/.gallery-one__card__hover -->\r\n                        <\/div><!-- \/.gallery-one__card -->\r\n                    <\/div><!-- \/.col-md-6 col-lg-4 -->\r\n                                    <div class=\"col-md-6 col-lg-4\">\r\n                        <div class=\"gallery-one__card\">\r\n                            <img decoding=\"async\" src=\"https:\/\/www.ergofem.hu\/wp-content\/uploads\/2025\/02\/gordulo-allvanyos-3.jpg\" alt=\"gordulo-allvanyos-3\" title=\"gordulo-allvanyos-3\" >                            <div class=\"gallery-one__card__hover\">\r\n                                <a href=\"https:\/\/www.ergofem.hu\/wp-content\/uploads\/2025\/02\/gordulo-allvanyos-3.jpg\" class=\"img-popup\">\r\n                                    <div class=\"gallery-one__card__icon\">\r\n                                        <span class=\"gallery-one__card__icon__item\"><\/span>\r\n                                    <\/div>\r\n                                <\/a>\r\n                            <\/div><!-- \/.gallery-one__card__hover -->\r\n                        <\/div><!-- \/.gallery-one__card -->\r\n                    <\/div><!-- \/.col-md-6 col-lg-4 -->\r\n                                    <div class=\"col-md-6 col-lg-4\">\r\n                        <div class=\"gallery-one__card\">\r\n                            <img decoding=\"async\" src=\"https:\/\/www.ergofem.hu\/wp-content\/uploads\/2025\/02\/gordulo-allvanyos-2.jpg\" alt=\"gordulo-allvanyos-2\" title=\"gordulo-allvanyos-2\" >                            <div class=\"gallery-one__card__hover\">\r\n                                <a href=\"https:\/\/www.ergofem.hu\/wp-content\/uploads\/2025\/02\/gordulo-allvanyos-2.jpg\" class=\"img-popup\">\r\n                                    <div class=\"gallery-one__card__icon\">\r\n                                        <span class=\"gallery-one__card__icon__item\"><\/span>\r\n                                    <\/div>\r\n                                <\/a>\r\n                            <\/div><!-- \/.gallery-one__card__hover -->\r\n                        <\/div><!-- \/.gallery-one__card -->\r\n                    <\/div><!-- \/.col-md-6 col-lg-4 -->\r\n                            <\/div><!-- \/.row -->\r\n        <\/div><!-- \/.container-fluid -->\r\n    <\/section><!-- \/.gallery-one -->\r\n\t\t\t\t<\/div>\n\t\t\t\t<\/div>\n\t\t\t\t<\/div>\n\t\t<div id=\"e-n-tab-content-84667732\" role=\"tabpanel\" aria-labelledby=\"e-n-tab-title-84667732\" data-tab-index=\"2\" style=\"--n-tabs-title-order: 2;\" class=\"elementor-element elementor-element-f0fdc24 e-con-full e-flex e-con e-child\" data-id=\"f0fdc24\" data-element_type=\"container\">\n\t\t\t\t<div class=\"elementor-element elementor-element-d3a2acf elementor-widget elementor-widget-text-editor\" data-id=\"d3a2acf\" data-element_type=\"widget\" data-widget_type=\"text-editor.default\">\n\t\t\t\t<div class=\"elementor-widget-container\">\n\t\t\t\t\t\t\t\t\t<p><span style=\"font-weight: 400;\">During the development of the system elements, we continuously used decades of application experience and professional knowledge gained in the field of metal processing. The result is this technically and application-technically outstanding product, which meets the basic needs of shelving systems. Quick assembly, structural stability, adequate load capacity and competitive costs.<\/span><\/p>\n<p><span style=\"font-weight: 400;\">The height of the shelf can be varied according to needs.<\/span><\/p>\n<p><span style=\"font-weight: 400;\">The side panels of the metal-structured shelves can also be made with wood cladding, which lends a furniture character, satisfying aesthetic needs as well.<\/span><\/p>\n<p><span style=\"font-weight: 400;\">These aesthetic aspects are especially important when designing libraries.<\/span><\/p>\n<p><span style=\"font-weight: 400;\">When designing the system, we take into account individual needs, since we also have to use individual dimensions due to the different installation parameters.<\/span><\/p>\t\t\t\t\t\t\t\t<\/div>\n\t\t\t\t<\/div>\n\t\t\t\t<div class=\"elementor-element elementor-element-0448f1f elementor-widget elementor-widget-voldor-gallery\" data-id=\"0448f1f\" data-element_type=\"widget\" data-widget_type=\"voldor-gallery.default\">\n\t\t\t\t<div class=\"elementor-widget-container\">\n\t\t\t\t\t    <section class=\"gallery-one gallery-one--page\">\r\n        <div class=\"container\">\r\n            <div class=\"row\">\r\n                                    <div class=\"col-md-6 col-lg-4\">\r\n                        <div class=\"gallery-one__card\">\r\n                            <img decoding=\"async\" src=\"https:\/\/www.ergofem.hu\/wp-content\/uploads\/2025\/02\/fix-allvanyos-1-e1739965745481.jpg\" alt=\"fix-allvanyos-1\" title=\"fix-allvanyos-1\" >                            <div class=\"gallery-one__card__hover\">\r\n                                <a href=\"https:\/\/www.ergofem.hu\/wp-content\/uploads\/2025\/02\/fix-allvanyos-1.jpg\" class=\"img-popup\">\r\n                                    <div class=\"gallery-one__card__icon\">\r\n                                        <span class=\"gallery-one__card__icon__item\"><\/span>\r\n                                    <\/div>\r\n                                <\/a>\r\n                            <\/div><!-- \/.gallery-one__card__hover -->\r\n                        <\/div><!-- \/.gallery-one__card -->\r\n                    <\/div><!-- \/.col-md-6 col-lg-4 -->\r\n                                    <div class=\"col-md-6 col-lg-4\">\r\n                        <div class=\"gallery-one__card\">\r\n                            <img decoding=\"async\" src=\"https:\/\/www.ergofem.hu\/wp-content\/uploads\/2025\/02\/fix-allvanyos-2-e1739965718925.jpg\" alt=\"fix-allvanyos-2\" title=\"fix-allvanyos-2\" >                            <div class=\"gallery-one__card__hover\">\r\n                                <a href=\"https:\/\/www.ergofem.hu\/wp-content\/uploads\/2025\/02\/fix-allvanyos-2.jpg\" class=\"img-popup\">\r\n                                    <div class=\"gallery-one__card__icon\">\r\n                                        <span class=\"gallery-one__card__icon__item\"><\/span>\r\n                                    <\/div>\r\n                                <\/a>\r\n                            <\/div><!-- \/.gallery-one__card__hover -->\r\n                        <\/div><!-- \/.gallery-one__card -->\r\n                    <\/div><!-- \/.col-md-6 col-lg-4 -->\r\n                            <\/div><!-- \/.row -->\r\n        <\/div><!-- \/.container-fluid -->\r\n    <\/section><!-- \/.gallery-one -->\r\n\t\t\t\t<\/div>\n\t\t\t\t<\/div>\n\t\t\t\t<\/div>\n\t\t\t\t\t<\/div>\n\t\t<\/div>\n\t\t\t\t\t\t<\/div>\n\t\t\t\t<\/div>\n\t\t\t\t<\/div>\n\t\t\t\t\t<\/div>\n\t\t\t\t<\/div>\n\t\t<div class=\"elementor-element elementor-element-11e3901 e-flex e-con-boxed e-con e-parent\" data-id=\"11e3901\" data-element_type=\"container\">\n\t\t\t\t\t<div class=\"e-con-inner\">\n\t\t\t\t<div class=\"elementor-element elementor-element-ae2b00e elementor-widget elementor-widget-voldor-contact-form\" data-id=\"ae2b00e\" data-element_type=\"widget\" data-widget_type=\"voldor-contact-form.default\">\n\t\t\t\t<div class=\"elementor-widget-container\">\n\t\t\t\t\t\t<!-- Contact Section Start -->\r\n\t<section class=\"contact-one\">\r\n\t\t<div class=\"container\">\r\n\t\t\t<div class=\"col-12\">\r\n\t\t\t\t<div class=\"contact-one__top\">\r\n\t\t\t\t\t<div class=\"sec-title text-center wow fadeInUp\" data-wow-duration='1500ms' data-wow-delay='000ms'>\r\n\t\t\t\t\t\t<h6 class=\"sec-title__tagline\"> <img decoding=\"async\" src=\"https:\/\/www.ergofem.hu\/wp-content\/uploads\/2024\/05\/sec-title-s-1.png\" alt=\"alt\" title=\"sec-title-s-1\" class=\"sec-title__img\" > Contact<\/h6>\r\n\t\t\t\t\t\t<h3 class=\"sec-title__title\">Request a quote!<\/h3>\r\n\t\t\t\t\t<\/div>\r\n\t\t\t\t<\/div>\r\n\t\t\t\t<div class=\"wpcf7 no-js\" id=\"wpcf7-f653-o1\" lang=\"en-US\" dir=\"ltr\" data-wpcf7-id=\"653\">\n<div class=\"screen-reader-response\"><p role=\"status\" aria-live=\"polite\" aria-atomic=\"true\"><\/p> <ul><\/ul><\/div>\n<form action=\"\/en\/wp-json\/wp\/v2\/pages\/87#wpcf7-f653-o1\" method=\"post\" class=\"wpcf7-form init\" aria-label=\"Contact form\" novalidate=\"novalidate\" data-status=\"init\" data-trp-original-action=\"\/en\/wp-json\/wp\/v2\/pages\/87#wpcf7-f653-o1\">\n<div style=\"display: none;\">\n<input type=\"hidden\" name=\"_wpcf7\" value=\"653\" \/>\n<input type=\"hidden\" name=\"_wpcf7_version\" value=\"6.0.3\" \/>\n<input type=\"hidden\" name=\"_wpcf7_locale\" value=\"en_US\" \/>\n<input type=\"hidden\" name=\"_wpcf7_unit_tag\" value=\"wpcf7-f653-o1\" \/>\n<input type=\"hidden\" name=\"_wpcf7_container_post\" value=\"0\" \/>\n<input type=\"hidden\" name=\"_wpcf7_posted_data_hash\" value=\"\" \/>\n<\/div>\n<div class=\"contact-one__form contact-form-validated form-one background-base wow fadeInUp\" >\n    <div class=\"form-one__group\">\n        <div class=\"form-one__control\">\n           <span class=\"wpcf7-form-control-wrap\" data-name=\"text-673\"><input size=\"40\" maxlength=\"400\" class=\"wpcf7-form-control wpcf7-text wpcf7-validates-as-required\" aria-required=\"true\" aria-invalid=\"false\" placeholder=\"Name\" value=\"\" type=\"text\" name=\"text-673\" \/><\/span>\n        <\/div>\n        <div class=\"form-one__control\">\n            <span class=\"wpcf7-form-control-wrap\" data-name=\"email-264\"><input size=\"40\" maxlength=\"400\" class=\"wpcf7-form-control wpcf7-email wpcf7-validates-as-required wpcf7-text wpcf7-validates-as-email\" aria-required=\"true\" aria-invalid=\"false\" placeholder=\"Email\" value=\"\" type=\"email\" name=\"email-264\" \/><\/span>\n        <\/div>\n        <div class=\"form-one__control\">\n            <span class=\"wpcf7-form-control-wrap\" data-name=\"phone\"><input size=\"40\" maxlength=\"400\" class=\"wpcf7-form-control wpcf7-text wpcf7-validates-as-required\" aria-required=\"true\" aria-invalid=\"false\" placeholder=\"Phone\" value=\"\" type=\"text\" name=\"phone\" \/><\/span>\n        <\/div>\n        <div class=\"form-one__control\">\n            <span class=\"wpcf7-form-control-wrap\" data-name=\"Subject\"><input size=\"40\" maxlength=\"400\" class=\"wpcf7-form-control wpcf7-text wpcf7-validates-as-required\" aria-required=\"true\" aria-invalid=\"false\" placeholder=\"What would you like to inquire about?\" value=\"\" type=\"text\" name=\"Subject\" \/><\/span>\n        <\/div>\n        <div class=\"form-one__control form-one__control--full\">\n            <span class=\"wpcf7-form-control-wrap\" data-name=\"textarea-221\"><textarea cols=\"40\" rows=\"10\" maxlength=\"2000\" class=\"wpcf7-form-control wpcf7-textarea wpcf7-validates-as-required\" aria-required=\"true\" aria-invalid=\"false\" placeholder=\"Message\" name=\"textarea-221\"><\/textarea><\/span>\n        <\/div>\n        <div class=\"form-one__control text-center form-one__control--full\">\n            <button type=\"submit\" class=\"voldor-btn voldor-btn--base\">Send<\/button>\n        <\/div>\n    <\/div>\n<\/div><div class=\"wpcf7-response-output\" aria-hidden=\"true\"><\/div>\n<input type=\"hidden\" name=\"trp-form-language\" value=\"en\"\/><\/form>\n<\/div>\t\t\t<\/div>\r\n\t\t<\/div><!-- \/.container -->\r\n\t<\/section>\r\n\t<!-- Contact Section End-->\r\n\t\t\t\t<\/div>\n\t\t\t\t<\/div>\n\t\t\t\t\t<\/div>\n\t\t\t\t<\/div>\n\t\t\t\t<\/div>","protected":false},"excerpt":{"rendered":"<p>G\u00f6rd\u00fcl\u0151 \u00e1llv\u00e1nyos rendszer Fix \u00e1llv\u00e1nyos rendszerek GSZ.1. t\u00edpus\u00fa g\u00f6rd\u00fcl\u0151 iratt\u00e1ri polcrendszer Mely egy hossz\u00fa, k\u00f6zel 20 \u00e9ves gy\u00e1rt\u00e1si tapasztalat \u00e9s folyamatos fejleszt\u00e9sek eredm\u00e9nyek\u00e9nt kedvez\u0151 vev\u0151i megel\u00e9gedetts\u00e9get v\u00e1ltott ki. A rendszer alkalmas nagy mennyis\u00e9gi iratok rendszerezett \u00e9s k\u00f6nnyen mozgathat\u00f3 t\u00e1rol\u00e1s\u00e1ra. A rendszer kialak\u00edt\u00e1sakor figyelembe vessz\u00fck az egyedi ig\u00e9nyeket, hiszen a elt\u00e9r\u0151 be\u00e9p\u00edt\u00e9si param\u00e9terek miatt egyedi m\u00e9retez\u00e9seket [&hellip;]<\/p>","protected":false},"author":1,"featured_media":0,"parent":0,"menu_order":0,"comment_status":"closed","ping_status":"closed","template":"elementor_header_footer","meta":{"footnotes":""},"class_list":["post-87","page","type-page","status-publish","hentry"],"_links":{"self":[{"href":"https:\/\/www.ergofem.hu\/en\/wp-json\/wp\/v2\/pages\/87","targetHints":{"allow":["GET"]}}],"collection":[{"href":"https:\/\/www.ergofem.hu\/en\/wp-json\/wp\/v2\/pages"}],"about":[{"href":"https:\/\/www.ergofem.hu\/en\/wp-json\/wp\/v2\/types\/page"}],"author":[{"embeddable":true,"href":"https:\/\/www.ergofem.hu\/en\/wp-json\/wp\/v2\/users\/1"}],"replies":[{"embeddable":true,"href":"https:\/\/www.ergofem.hu\/en\/wp-json\/wp\/v2\/comments?post=87"}],"version-history":[{"count":52,"href":"https:\/\/www.ergofem.hu\/en\/wp-json\/wp\/v2\/pages\/87\/revisions"}],"predecessor-version":[{"id":2024,"href":"https:\/\/www.ergofem.hu\/en\/wp-json\/wp\/v2\/pages\/87\/revisions\/2024"}],"wp:attachment":[{"href":"https:\/\/www.ergofem.hu\/en\/wp-json\/wp\/v2\/media?parent=87"}],"curies":[{"name":"wp","href":"https:\/\/api.w.org\/{rel}","templated":true}]}}