{"id":121,"date":"2024-05-12T02:55:13","date_gmt":"2024-05-12T02:55:13","guid":{"rendered":"http:\/\/voldor-demo.local\/?page_id=121"},"modified":"2025-02-24T13:03:22","modified_gmt":"2025-02-24T12:03:22","slug":"kapcsolat","status":"publish","type":"page","link":"https:\/\/www.ergofem.hu\/hu\/kapcsolat\/","title":{"rendered":"Kapcsolat"},"content":{"rendered":"\t\t<div data-elementor-type=\"wp-page\" data-elementor-id=\"121\" class=\"elementor elementor-121\" data-elementor-post-type=\"page\">\n\t\t\t\t<div class=\"elementor-element elementor-element-7cc053b e-con-full e-flex e-con e-parent\" data-id=\"7cc053b\" data-element_type=\"container\">\n\t\t\t\t<div class=\"elementor-element elementor-element-9f1f335 elementor-widget elementor-widget-voldor-contact-form\" data-id=\"9f1f335\" data-element_type=\"widget\" data-widget_type=\"voldor-contact-form.default\">\n\t\t\t\t<div class=\"elementor-widget-container\">\n\t\t\t\t\t\t<!-- Contact Section Start -->\r\n\t<section class=\"contact-one\">\r\n\t\t<div class=\"container\">\r\n\t\t\t<div class=\"col-12\">\r\n\t\t\t\t<div class=\"contact-one__top\">\r\n\t\t\t\t\t<div class=\"sec-title text-center wow fadeInUp\" data-wow-duration='1500ms' data-wow-delay='000ms'>\r\n\t\t\t\t\t\t<h6 class=\"sec-title__tagline\"> <img decoding=\"async\" src=\"https:\/\/www.ergofem.hu\/wp-content\/uploads\/2024\/05\/sec-title-s-1.png\" alt=\"alt\" title=\"sec-title-s-1\" class=\"sec-title__img\" > Kapcsolat<\/h6>\r\n\t\t\t\t\t\t<h3 class=\"sec-title__title\">Aj\u00e1nlatk\u00e9r\u00e9s<\/h3>\r\n\t\t\t\t\t<\/div>\r\n\t\t\t\t<\/div>\r\n\t\t\t\t<div class=\"wpcf7 no-js\" id=\"wpcf7-f653-o1\" lang=\"en-US\" dir=\"ltr\" data-wpcf7-id=\"653\">\n<div class=\"screen-reader-response\"><p role=\"status\" aria-live=\"polite\" aria-atomic=\"true\"><\/p> <ul><\/ul><\/div>\n<form action=\"\/hu\/wp-json\/wp\/v2\/pages\/121#wpcf7-f653-o1\" method=\"post\" class=\"wpcf7-form init\" aria-label=\"Contact form\" novalidate=\"novalidate\" data-status=\"init\">\n<div style=\"display: none;\">\n<input type=\"hidden\" name=\"_wpcf7\" value=\"653\" \/>\n<input type=\"hidden\" name=\"_wpcf7_version\" value=\"6.0.3\" \/>\n<input type=\"hidden\" name=\"_wpcf7_locale\" value=\"en_US\" \/>\n<input type=\"hidden\" name=\"_wpcf7_unit_tag\" value=\"wpcf7-f653-o1\" \/>\n<input type=\"hidden\" name=\"_wpcf7_container_post\" value=\"0\" \/>\n<input type=\"hidden\" name=\"_wpcf7_posted_data_hash\" value=\"\" \/>\n<\/div>\n<div class=\"contact-one__form contact-form-validated form-one background-base wow fadeInUp\" >\n    <div class=\"form-one__group\">\n        <div class=\"form-one__control\">\n           <span class=\"wpcf7-form-control-wrap\" data-name=\"text-673\"><input size=\"40\" maxlength=\"400\" class=\"wpcf7-form-control wpcf7-text wpcf7-validates-as-required\" aria-required=\"true\" aria-invalid=\"false\" placeholder=\"N\u00e9v\" value=\"\" type=\"text\" name=\"text-673\" \/><\/span>\n        <\/div>\n        <div class=\"form-one__control\">\n            <span class=\"wpcf7-form-control-wrap\" data-name=\"email-264\"><input size=\"40\" maxlength=\"400\" class=\"wpcf7-form-control wpcf7-email wpcf7-validates-as-required wpcf7-text wpcf7-validates-as-email\" aria-required=\"true\" aria-invalid=\"false\" placeholder=\"E-mail c\u00edm\" value=\"\" type=\"email\" name=\"email-264\" \/><\/span>\n        <\/div>\n        <div class=\"form-one__control\">\n            <span class=\"wpcf7-form-control-wrap\" data-name=\"phone\"><input size=\"40\" maxlength=\"400\" class=\"wpcf7-form-control wpcf7-text wpcf7-validates-as-required\" aria-required=\"true\" aria-invalid=\"false\" placeholder=\"Telefonsz\u00e1m\" value=\"\" type=\"text\" name=\"phone\" \/><\/span>\n        <\/div>\n        <div class=\"form-one__control\">\n            <span class=\"wpcf7-form-control-wrap\" data-name=\"Subject\"><input size=\"40\" maxlength=\"400\" class=\"wpcf7-form-control wpcf7-text wpcf7-validates-as-required\" aria-required=\"true\" aria-invalid=\"false\" placeholder=\"Mivel kapcsolatban \u00e9rdekl\u0151dne?\" value=\"\" type=\"text\" name=\"Subject\" \/><\/span>\n        <\/div>\n        <div class=\"form-one__control form-one__control--full\">\n            <span class=\"wpcf7-form-control-wrap\" data-name=\"textarea-221\"><textarea cols=\"40\" rows=\"10\" maxlength=\"2000\" class=\"wpcf7-form-control wpcf7-textarea wpcf7-validates-as-required\" aria-required=\"true\" aria-invalid=\"false\" placeholder=\"\u00dczenet\" name=\"textarea-221\"><\/textarea><\/span>\n        <\/div>\n        <div class=\"form-one__control text-center form-one__control--full\">\n            <button type=\"submit\" class=\"voldor-btn voldor-btn--base\">Elk\u00fcld<\/button>\n        <\/div>\n    <\/div>\n<\/div><div class=\"wpcf7-response-output\" aria-hidden=\"true\"><\/div>\n<\/form>\n<\/div>\t\t\t<\/div>\r\n\t\t<\/div><!-- \/.container -->\r\n\t<\/section>\r\n\t<!-- Contact Section End-->\r\n\t\t\t\t<\/div>\n\t\t\t\t<\/div>\n\t\t\t\t<\/div>\n\t\t<div class=\"elementor-element elementor-element-caa29f8 e-con-full e-flex e-con e-parent\" data-id=\"caa29f8\" data-element_type=\"container\">\n\t\t\t\t<div class=\"elementor-element elementor-element-016bcc3 elementor-widget elementor-widget-voldor-google-maps\" data-id=\"016bcc3\" data-element_type=\"widget\" data-widget_type=\"voldor-google-maps.default\">\n\t\t\t\t<div class=\"elementor-widget-container\">\n\t\t\t\t\t\t\t<!-- Contact Section Start-->\r\n\t<section class=\"contact-bottom\">\r\n\t\t<div class=\"container\">\r\n\t\t\t<div class=\"contact-bottom__inner\">\r\n\t\t\t\t\t\t\t\t\t<div class=\"contact-bottom__inner__left\">\r\n\t\t\t\t\t\t<div class=\"contact-bottom__thumb\">\r\n\t\t\t\t\t\t\t<img decoding=\"async\" src=\"https:\/\/www.ergofem.hu\/wp-content\/uploads\/2024\/05\/contact.png\" alt=\"alt\" title=\"contact\" >\t\t\t\t\t\t<\/div>\r\n\t\t\t\t\t<\/div>\r\n\t\t\t\t\t\t\t\t<div class=\"contact-bottom__inner__right\">\r\n\t\t\t\t\t<div class=\"contact-bottom__inner__right__top\">\r\n\t\t\t\t\t\t<div class=\"contact-bottom__social\">\r\n\t\t\t\t\t\t\t\t\t\t\t\t\t\t\t<a href=\"https:\/\/www.facebook.com\/ergofem\"  ><i aria-hidden=\"true\" class=\"fab fa-facebook-f\"><\/i><\/a>\r\n\t\t\t\t\t\t\t\t\t\t\t\t\t<\/div>\r\n\t\t\t\t\t<\/div>\r\n\t\t\t\t\t<div class=\"contact-bottom__inner__right__bottom\">\r\n\t\t\t\t\t\t<ul class=\"contact-bottom__list list-unstyled ml-0\">\r\n\t\t\t\t\t\t\t\t\t\t\t\t\t\t\t<li class=\"contact-bottom__list__item\">\r\n\t\t\t\t\t\t\t\t\t<div class=\"contact-bottom__list__item__icon\">\r\n\t\t\t\t\t\t\t\t\t\t<i aria-hidden=\"true\" class=\"icon-telephone\"><\/i>\t\t\t\t\t\t\t\t\t<\/div>\r\n\t\t\t\t\t\t\t\t\t<div class=\"contact-bottom__list__item__content\">\r\n\t\t\t\t\t\t\t\t\t\t<p class=\"contact-bottom__list__item__subtitle\">Domokos Bal\u00e1zs - \u00fcgyvezet\u0151<\/p>\r\n\t\t\t\t\t\t\t\t\t\t<h6 class=\"contact-bottom__list__item__text\"><a href=\"tel:06 30 9859 926\"> \n06 30 9859 926<\/a><\/h6>\r\n\t\t\t\t\t\t\t\t\t<\/div>\r\n\t\t\t\t\t\t\t\t<\/li>\r\n\t\t\t\t\t\t\t\t\t\t\t\t\t\t\t<li class=\"contact-bottom__list__item\">\r\n\t\t\t\t\t\t\t\t\t<div class=\"contact-bottom__list__item__icon\">\r\n\t\t\t\t\t\t\t\t\t\t<i aria-hidden=\"true\" class=\"icon-telephone\"><\/i>\t\t\t\t\t\t\t\t\t<\/div>\r\n\t\t\t\t\t\t\t\t\t<div class=\"contact-bottom__list__item__content\">\r\n\t\t\t\t\t\t\t\t\t\t<p class=\"contact-bottom__list__item__subtitle\">Domokos Bal\u00e1zsn\u00e9 - gazdas\u00e1gi vezet\u0151<\/p>\r\n\t\t\t\t\t\t\t\t\t\t<h6 class=\"contact-bottom__list__item__text\"><a href=\"tel:06 30 9077 504\"> \n06 30 9077 504<\/a><\/h6>\r\n\t\t\t\t\t\t\t\t\t<\/div>\r\n\t\t\t\t\t\t\t\t<\/li>\r\n\t\t\t\t\t\t\t\t\t\t\t\t\t\t\t<li class=\"contact-bottom__list__item\">\r\n\t\t\t\t\t\t\t\t\t<div class=\"contact-bottom__list__item__icon\">\r\n\t\t\t\t\t\t\t\t\t\t<i aria-hidden=\"true\" class=\"icon-telephone\"><\/i>\t\t\t\t\t\t\t\t\t<\/div>\r\n\t\t\t\t\t\t\t\t\t<div class=\"contact-bottom__list__item__content\">\r\n\t\t\t\t\t\t\t\t\t\t<p class=\"contact-bottom__list__item__subtitle\">Domokos Zsuzsa - termel\u00e9svezet\u0151, beszerz\u0151<\/p>\r\n\t\t\t\t\t\t\t\t\t\t<h6 class=\"contact-bottom__list__item__text\"><a href=\"tel:06 70 7716 741\"> \n06 70 7716 741<\/a><\/h6>\r\n\t\t\t\t\t\t\t\t\t<\/div>\r\n\t\t\t\t\t\t\t\t<\/li>\r\n\t\t\t\t\t\t\t\t\t\t\t\t\t\t\t<li class=\"contact-bottom__list__item\">\r\n\t\t\t\t\t\t\t\t\t<div class=\"contact-bottom__list__item__icon\">\r\n\t\t\t\t\t\t\t\t\t\t<i aria-hidden=\"true\" class=\" icon-email2\"><\/i>\t\t\t\t\t\t\t\t\t<\/div>\r\n\t\t\t\t\t\t\t\t\t<div class=\"contact-bottom__list__item__content\">\r\n\t\t\t\t\t\t\t\t\t\t<p class=\"contact-bottom__list__item__subtitle\">E-mail<\/p>\r\n\t\t\t\t\t\t\t\t\t\t<h6 class=\"contact-bottom__list__item__text\"><a href=\"mailto:info@ergofem.hu\">info@ergofem.hu<\/a><\/h6>\r\n\t\t\t\t\t\t\t\t\t<\/div>\r\n\t\t\t\t\t\t\t\t<\/li>\r\n\t\t\t\t\t\t\t\t\t\t\t\t\t\t\t<li class=\"contact-bottom__list__item\">\r\n\t\t\t\t\t\t\t\t\t<div class=\"contact-bottom__list__item__icon\">\r\n\t\t\t\t\t\t\t\t\t\t<i aria-hidden=\"true\" class=\" icon-pin\"><\/i>\t\t\t\t\t\t\t\t\t<\/div>\r\n\t\t\t\t\t\t\t\t\t<div class=\"contact-bottom__list__item__content\">\r\n\t\t\t\t\t\t\t\t\t\t<p class=\"contact-bottom__list__item__subtitle\">L\u00e1togasson el hozz\u00e1nk<\/p>\r\n\t\t\t\t\t\t\t\t\t\t<h6 class=\"contact-bottom__list__item__text\">5661, \u00dajk\u00edgy\u00f3s, Eperjes \u00fat 2.<\/h6>\r\n\t\t\t\t\t\t\t\t\t<\/div>\r\n\t\t\t\t\t\t\t\t<\/li>\r\n\t\t\t\t\t\t\t\t\t\t\t\t\t<\/ul>\r\n\t\t\t\t\t<\/div>\r\n\t\t\t\t<\/div>\r\n\t\t\t<\/div>\r\n\t\t<\/div>\r\n\t\t<div class=\"google-map google-map__contact\">\r\n\t\t\t<iframe src=\"https:\/\/maps.google.com\/maps?q=5661%2C%20%C3%9Ajk%C3%ADgy%C3%B3s%2C%20Eperjes%20%C3%BAt%202.&#038;t=m&#038;z=11&#038;output=embed&#038;iwloc=near\" title=\"5661, \u00dajk\u00edgy\u00f3s, Eperjes \u00fat 2.\" class=\"template google map\" aria-label=\"5661, \u00dajk\u00edgy\u00f3s, Eperjes \u00fat 2.\" allowfullscreen><\/iframe>\r\n\t\t<\/div>\r\n\t\t<!-- \/.google-map -->\r\n\t<\/section>\r\n\t<!-- Contact Section End-->\r\n\r\n\t\t\t\t<\/div>\n\t\t\t\t<\/div>\n\t\t\t\t<\/div>\n\t\t\t\t<\/div>\n\t\t","protected":false},"excerpt":{"rendered":"<p>Kapcsolat Aj\u00e1nlatk\u00e9r\u00e9s Elk\u00fcld Domokos Bal\u00e1zs &#8211; \u00fcgyvezet\u0151 06 30 9859 926 Domokos Bal\u00e1zsn\u00e9 &#8211; gazdas\u00e1gi vezet\u0151 06 30 9077 504 Domokos Zsuzsa &#8211; termel\u00e9svezet\u0151, beszerz\u0151 06 70 7716 741 E-mail info@ergofem.hu L\u00e1togasson el hozz\u00e1nk 5661, \u00dajk\u00edgy\u00f3s, Eperjes \u00fat 2.<\/p>\n","protected":false},"author":1,"featured_media":0,"parent":0,"menu_order":0,"comment_status":"closed","ping_status":"closed","template":"elementor_header_footer","meta":{"footnotes":""},"class_list":["post-121","page","type-page","status-publish","hentry"],"_links":{"self":[{"href":"https:\/\/www.ergofem.hu\/hu\/wp-json\/wp\/v2\/pages\/121","targetHints":{"allow":["GET"]}}],"collection":[{"href":"https:\/\/www.ergofem.hu\/hu\/wp-json\/wp\/v2\/pages"}],"about":[{"href":"https:\/\/www.ergofem.hu\/hu\/wp-json\/wp\/v2\/types\/page"}],"author":[{"embeddable":true,"href":"https:\/\/www.ergofem.hu\/hu\/wp-json\/wp\/v2\/users\/1"}],"replies":[{"embeddable":true,"href":"https:\/\/www.ergofem.hu\/hu\/wp-json\/wp\/v2\/comments?post=121"}],"version-history":[{"count":14,"href":"https:\/\/www.ergofem.hu\/hu\/wp-json\/wp\/v2\/pages\/121\/revisions"}],"predecessor-version":[{"id":1939,"href":"https:\/\/www.ergofem.hu\/hu\/wp-json\/wp\/v2\/pages\/121\/revisions\/1939"}],"wp:attachment":[{"href":"https:\/\/www.ergofem.hu\/hu\/wp-json\/wp\/v2\/media?parent=121"}],"curies":[{"name":"wp","href":"https:\/\/api.w.org\/{rel}","templated":true}]}}