{"id":1496,"date":"2024-05-15T00:44:09","date_gmt":"2024-05-14T22:44:09","guid":{"rendered":"https:\/\/www.ergofem.hu\/?page_id=1496"},"modified":"2026-03-05T15:39:47","modified_gmt":"2026-03-05T14:39:47","slug":"keritesek-korlatok-gyartasa-szerelese","status":"publish","type":"page","link":"https:\/\/www.ergofem.hu\/hu\/keritesek-korlatok-gyartasa-szerelese\/","title":{"rendered":"Ker\u00edt\u00e9sek, korl\u00e1tok gy\u00e1rt\u00e1sa, szerel\u00e9se"},"content":{"rendered":"\t\t<div data-elementor-type=\"wp-page\" data-elementor-id=\"1496\" class=\"elementor elementor-1496\" data-elementor-post-type=\"page\">\n\t\t\t\t<div class=\"elementor-element elementor-element-40183fd3 e-flex e-con-boxed e-con e-parent\" data-id=\"40183fd3\" data-element_type=\"container\">\n\t\t\t\t\t<div class=\"e-con-inner\">\n\t\t<div class=\"elementor-element elementor-element-5dc5eb3d e-con-full e-flex e-con e-child\" data-id=\"5dc5eb3d\" data-element_type=\"container\">\n\t\t\t\t<div class=\"elementor-element elementor-element-83418d7 elementor-widget elementor-widget-sidebar-nav\" data-id=\"83418d7\" data-element_type=\"widget\" data-widget_type=\"sidebar-nav.default\">\n\t\t\t\t<div class=\"elementor-widget-container\">\n\t\t\t\t\t    <div class=\"service-sidebar__single  wow fadeInUp\" data-wow-delay='500ms'>\r\n        <h3 class=\"service-sidebar__title\">Tov\u00e1bbi szolg\u00e1ltat\u00e1sok<\/h3>        <ul class=\"list-unstyled service-sidebar__nav ml-0\">\r\n                            <li class=\"\"><a href=\"https:\/\/www.ergofem.hu\/acelszerkezet-gyartas\/\"  >Ac\u00e9lszerkezet gy\u00e1rt\u00e1s<i class=\"icon-arrow-right\"><\/i><\/a>\r\n                <\/li>\r\n                            <li class=\"\"><a href=\"https:\/\/www.ergofem.hu\/elotetok-gyartasa\/\"  >El\u0151tet\u0151k gy\u00e1rt\u00e1sa<i class=\"icon-arrow-right\"><\/i><\/a>\r\n                <\/li>\r\n                            <li class=\"\"><a href=\"https:\/\/www.ergofem.hu\/puffertartalyok-gyartasa\/\"  >Puffertart\u00e1lyok gy\u00e1rt\u00e1sa<i class=\"icon-arrow-right\"><\/i><\/a>\r\n                <\/li>\r\n                            <li class=\"\"><a href=\"https:\/\/www.ergofem.hu\/lakatos-bermunkak\/\"  >Lakatos b\u00e9rmunk\u00e1k<i class=\"icon-arrow-right\"><\/i><\/a>\r\n                <\/li>\r\n                    <\/ul><!-- \/.list-unstyled service-sidebar__nav -->\r\n    <\/div>\r\n\t\t\t\t<\/div>\n\t\t\t\t<\/div>\n\t\t\t\t<div class=\"elementor-element elementor-element-4847fb52 elementor-widget elementor-widget-voldor-sidebar-call-to-action\" data-id=\"4847fb52\" data-element_type=\"widget\" data-widget_type=\"voldor-sidebar-call-to-action.default\">\n\t\t\t\t<div class=\"elementor-widget-container\">\n\t\t\t\t\t    <div class=\"service-sidebar__contact\">\r\n        <h3 class=\"service-sidebar__contact-title\">Teljes k\u00f6r\u0171 f\u00e9mfeldolgoz\u00e1si szolg\u00e1ltat\u00e1s\n<\/h3>                    <div class=\"service-sidebar__contact-btn\">\r\n                <a href=\"https:\/\/www.ergofem.hu\/kapcsolat\/\"   class=\"voldor-btn voldor-btn--base\">Kapcsolat<\/a>\r\n            <\/div><!-- \/.service-sidebar__contact__icon -->\r\n                            <div class=\"service-sidebar__contact-image\">\r\n                <img decoding=\"async\" src=\"https:\/\/www.ergofem.hu\/wp-content\/uploads\/2024\/05\/service-men-1-1.png\" alt=\"alt\" title=\"service-men-1-1\" >            <\/div>\r\n                            <div class=\"service-sidebar__contact-angle\">\r\n                <img decoding=\"async\" src=\"https:\/\/www.ergofem.hu\/wp-content\/uploads\/2024\/05\/service-shape.png\" alt=\"service-shape\" title=\"service-shape\" >            <\/div>\r\n            <\/div><!-- \/.service-sidebar__contact -->\r\n\t\t\t\t<\/div>\n\t\t\t\t<\/div>\n\t\t\t\t<\/div>\n\t\t<div class=\"elementor-element elementor-element-1252833e e-con-full e-flex e-con e-child\" data-id=\"1252833e\" data-element_type=\"container\">\n\t\t\t\t<div class=\"elementor-element elementor-element-7e5e6af8 service-image elementor-widget elementor-widget-image\" data-id=\"7e5e6af8\" data-element_type=\"widget\" data-widget_type=\"image.default\">\n\t\t\t\t<div class=\"elementor-widget-container\">\n\t\t\t\t\t\t\t\t\t\t\t\t\t\t\t<img fetchpriority=\"high\" decoding=\"async\" width=\"1440\" height=\"960\" src=\"https:\/\/www.ergofem.hu\/wp-content\/uploads\/2026\/03\/castle-inn-szabadkigyos-07.jpg\" class=\"attachment-full size-full wp-image-2196\" alt=\"\" srcset=\"https:\/\/www.ergofem.hu\/wp-content\/uploads\/2026\/03\/castle-inn-szabadkigyos-07.jpg 1440w, https:\/\/www.ergofem.hu\/wp-content\/uploads\/2026\/03\/castle-inn-szabadkigyos-07-300x200.jpg 300w, https:\/\/www.ergofem.hu\/wp-content\/uploads\/2026\/03\/castle-inn-szabadkigyos-07-1024x683.jpg 1024w, https:\/\/www.ergofem.hu\/wp-content\/uploads\/2026\/03\/castle-inn-szabadkigyos-07-768x512.jpg 768w, https:\/\/www.ergofem.hu\/wp-content\/uploads\/2026\/03\/castle-inn-szabadkigyos-07-18x12.jpg 18w\" sizes=\"(max-width: 1440px) 100vw, 1440px\" \/>\t\t\t\t\t\t\t\t\t\t\t\t\t\t\t<\/div>\n\t\t\t\t<\/div>\n\t\t\t\t<div class=\"elementor-element elementor-element-23dbf2c3 elementor-widget elementor-widget-html\" data-id=\"23dbf2c3\" data-element_type=\"widget\" data-widget_type=\"html.default\">\n\t\t\t\t<div class=\"elementor-widget-container\">\n\t\t\t\t\t<h3 class=\"service-details__title wow fadeInUp\" data-wow-delay='300ms'>Ker\u00edt\u00e9sek, korl\u00e1tok gy\u00e1rt\u00e1sa, szerel\u00e9se\r\n<\/h3>\r\n<p class=\"service-details__text wow fadeInUp\" data-wow-delay='350ms'>Egyedi elk\u00e9pzel\u00e9s alapj\u00e1n tervezett kapuk, ker\u00edt\u00e9sek, korl\u00e1tok gy\u00e1rt\u00e1s\u00e1t v\u00e1llaljuk, legyen sz\u00f3 modern vagy klasszikus kov\u00e1csoltvas st\u00edlusr\u00f3l.\r\n\r\n\r\n<\/p>\r\n\r\n \r\n\r\n\t\t\t\t<\/div>\n\t\t\t\t<\/div>\n\t\t\t\t<div class=\"elementor-element elementor-element-db856c7 elementor-widget elementor-widget-gallery\" data-id=\"db856c7\" data-element_type=\"widget\" data-settings=\"{&quot;gallery_layout&quot;:&quot;justified&quot;,&quot;ideal_row_height&quot;:{&quot;unit&quot;:&quot;px&quot;,&quot;size&quot;:210,&quot;sizes&quot;:[]},&quot;lazyload&quot;:&quot;yes&quot;,&quot;ideal_row_height_laptop&quot;:{&quot;unit&quot;:&quot;px&quot;,&quot;size&quot;:150,&quot;sizes&quot;:[]},&quot;ideal_row_height_tablet&quot;:{&quot;unit&quot;:&quot;px&quot;,&quot;size&quot;:150,&quot;sizes&quot;:[]},&quot;ideal_row_height_mobile&quot;:{&quot;unit&quot;:&quot;px&quot;,&quot;size&quot;:150,&quot;sizes&quot;:[]},&quot;gap&quot;:{&quot;unit&quot;:&quot;px&quot;,&quot;size&quot;:10,&quot;sizes&quot;:[]},&quot;gap_laptop&quot;:{&quot;unit&quot;:&quot;px&quot;,&quot;size&quot;:10,&quot;sizes&quot;:[]},&quot;gap_tablet&quot;:{&quot;unit&quot;:&quot;px&quot;,&quot;size&quot;:10,&quot;sizes&quot;:[]},&quot;gap_mobile&quot;:{&quot;unit&quot;:&quot;px&quot;,&quot;size&quot;:10,&quot;sizes&quot;:[]},&quot;overlay_background&quot;:&quot;yes&quot;,&quot;content_hover_animation&quot;:&quot;fade-in&quot;}\" data-widget_type=\"gallery.default\">\n\t\t\t\t<div class=\"elementor-widget-container\">\n\t\t\t\t\t\t\t<div class=\"elementor-gallery__container\">\n\t\t\t\t\t\t\t<div class=\"e-gallery-item elementor-gallery-item elementor-animated-content\">\n\t\t\t\t\t<div class=\"e-gallery-image elementor-gallery-item__image\" data-thumbnail=\"https:\/\/www.ergofem.hu\/wp-content\/uploads\/2026\/03\/366799433_635318752067767_6605194465795615220_n-1-1536x1152.jpg\" data-width=\"1536\" data-height=\"1152\" aria-label=\"\" role=\"img\" ><\/div>\n\t\t\t\t\t\t\t\t\t\t\t<div class=\"elementor-gallery-item__overlay\"><\/div>\n\t\t\t\t\t\t\t\t\t\t\t\t\t\t<\/div>\n\t\t\t\t\t\t\t<div class=\"e-gallery-item elementor-gallery-item elementor-animated-content\">\n\t\t\t\t\t<div class=\"e-gallery-image elementor-gallery-item__image\" data-thumbnail=\"https:\/\/www.ergofem.hu\/wp-content\/uploads\/2026\/03\/castle-inn-szabadkigyos-wellnes-kert-04.jpg\" data-width=\"1500\" data-height=\"1000\" aria-label=\"\" role=\"img\" ><\/div>\n\t\t\t\t\t\t\t\t\t\t\t<div class=\"elementor-gallery-item__overlay\"><\/div>\n\t\t\t\t\t\t\t\t\t\t\t\t\t\t<\/div>\n\t\t\t\t\t\t\t<div class=\"e-gallery-item elementor-gallery-item elementor-animated-content\">\n\t\t\t\t\t<div class=\"e-gallery-image elementor-gallery-item__image\" data-thumbnail=\"https:\/\/www.ergofem.hu\/wp-content\/uploads\/2026\/03\/IMG_20220811_080032-1536x1152.jpg\" data-width=\"1536\" data-height=\"1152\" aria-label=\"\" role=\"img\" ><\/div>\n\t\t\t\t\t\t\t\t\t\t\t<div class=\"elementor-gallery-item__overlay\"><\/div>\n\t\t\t\t\t\t\t\t\t\t\t\t\t\t<\/div>\n\t\t\t\t\t\t\t<div class=\"e-gallery-item elementor-gallery-item elementor-animated-content\">\n\t\t\t\t\t<div class=\"e-gallery-image elementor-gallery-item__image\" data-thumbnail=\"https:\/\/www.ergofem.hu\/wp-content\/uploads\/2026\/03\/337062116_168976286068719_9146741631166779161_n-1536x1152.jpg\" data-width=\"1536\" data-height=\"1152\" aria-label=\"\" role=\"img\" ><\/div>\n\t\t\t\t\t\t\t\t\t\t\t<div class=\"elementor-gallery-item__overlay\"><\/div>\n\t\t\t\t\t\t\t\t\t\t\t\t\t\t<\/div>\n\t\t\t\t\t\t\t<div class=\"e-gallery-item elementor-gallery-item elementor-animated-content\">\n\t\t\t\t\t<div class=\"e-gallery-image elementor-gallery-item__image\" data-thumbnail=\"https:\/\/www.ergofem.hu\/wp-content\/uploads\/2026\/03\/nokia-kepek-569-1536x864.jpg\" data-width=\"1536\" data-height=\"864\" aria-label=\"\" role=\"img\" ><\/div>\n\t\t\t\t\t\t\t\t\t\t\t<div class=\"elementor-gallery-item__overlay\"><\/div>\n\t\t\t\t\t\t\t\t\t\t\t\t\t\t<\/div>\n\t\t\t\t\t\t\t<div class=\"e-gallery-item elementor-gallery-item elementor-animated-content\">\n\t\t\t\t\t<div class=\"e-gallery-image elementor-gallery-item__image\" data-thumbnail=\"https:\/\/www.ergofem.hu\/wp-content\/uploads\/2026\/03\/castle-inn-szabadkigyos-05.jpg\" data-width=\"1440\" data-height=\"960\" aria-label=\"\" role=\"img\" ><\/div>\n\t\t\t\t\t\t\t\t\t\t\t<div class=\"elementor-gallery-item__overlay\"><\/div>\n\t\t\t\t\t\t\t\t\t\t\t\t\t\t<\/div>\n\t\t\t\t\t<\/div>\n\t\t\t\t\t<\/div>\n\t\t\t\t<\/div>\n\t\t\t\t<div class=\"elementor-element elementor-element-62c141e0 elementor-widget elementor-widget-voldor-icon-box\" data-id=\"62c141e0\" data-element_type=\"widget\" data-widget_type=\"voldor-icon-box.default\">\n\t\t\t\t<div class=\"elementor-widget-container\">\n\t\t\t\t\t    <div class=\"service-details__single\">\r\n        <div class=\"service-details__single-inner\">\r\n            <h3 class=\"service-details__title\">Mi\u00e9rt v\u00e1lasszon minket?<\/h3>\r\n            <div class=\"row gutter-y-30\">\r\n                                    <div class=\"col-md-6\">\r\n                        <div class=\"service-details__inner-item wow fadeInUp \" data-wow-delay=\"300ms\">\r\n                            <div class=\"item-icon\">\r\n                                <div class=\"icon\">\r\n                                    <i aria-hidden=\"true\" class=\" icon-certificate-1-1\"><\/i>                                <\/div>\r\n                            <\/div>\r\n                            <div class=\"item-content\">\r\n                                <h4 class=\"item__title\">\r\n                                    <a href=\"https:\/\/www.ergofem.hu\/kapcsolat\/\"  > T\u00f6bb mint 30 \u00e9v tapasztalat<\/a>\r\n                                <\/h4>\r\n                                <p class=\"item__dec\">A v\u00e1llalkoz\u00e1s tev\u00e9kenys\u00e9g\u00e9vel jelenleg a d\u00e9l-alf\u00f6ldi r\u00e9gi\u00f3 \u00e9s annak vonz\u00e1sk\u00f6rzet\u00e9nek meghat\u00e1roz\u00f3 piaci szerepl\u0151je<\/p>\r\n                            <\/div>\r\n                        <\/div>\r\n                    <\/div>\r\n                                    <div class=\"col-md-6\">\r\n                        <div class=\"service-details__inner-item wow fadeInUp \" data-wow-delay=\"300ms\">\r\n                            <div class=\"item-icon\">\r\n                                <div class=\"icon\">\r\n                                    <i aria-hidden=\"true\" class=\"fas fa-globe\"><\/i>                                <\/div>\r\n                            <\/div>\r\n                            <div class=\"item-content\">\r\n                                <h4 class=\"item__title\">\r\n                                    <a href=\"https:\/\/www.ergofem.hu\/kapcsolat\/\"  >Pontos, min\u0151s\u00e9gi munkav\u00e9gz\u00e9s<\/a>\r\n                                <\/h4>\r\n                                <p class=\"item__dec\">C\u00e9g\u00fcnk nagy hangs\u00falyt fektet a technikai, technol\u00f3giai \u00e9s hum\u00e1ner\u0151 fejleszt\u00e9sekre, \u00edgy a f\u00e9mmegmunk\u00e1l\u00e1s ter\u00fclet\u00e9n komplett szolg\u00e1ltat\u00e1st tudunk ny\u00fajtani megrendel\u0151inknek.\n<\/p>\r\n                            <\/div>\r\n                        <\/div>\r\n                    <\/div>\r\n                            <\/div>\r\n        <\/div>\r\n    <\/div>\r\n\t\t\t\t<\/div>\n\t\t\t\t<\/div>\n\t\t\t\t<\/div>\n\t\t\t\t\t<\/div>\n\t\t\t\t<\/div>\n\t\t<div class=\"elementor-element elementor-element-458fb2b e-flex e-con-boxed e-con e-parent\" data-id=\"458fb2b\" data-element_type=\"container\">\n\t\t\t\t\t<div class=\"e-con-inner\">\n\t\t\t\t<div class=\"elementor-element elementor-element-cd2dac4 elementor-widget elementor-widget-voldor-contact-form\" data-id=\"cd2dac4\" data-element_type=\"widget\" data-widget_type=\"voldor-contact-form.default\">\n\t\t\t\t<div class=\"elementor-widget-container\">\n\t\t\t\t\t\t<!-- Contact Section Start -->\r\n\t<section class=\"contact-one\">\r\n\t\t<div class=\"container\">\r\n\t\t\t<div class=\"col-12\">\r\n\t\t\t\t<div class=\"contact-one__top\">\r\n\t\t\t\t\t<div class=\"sec-title text-center wow fadeInUp\" data-wow-duration='1500ms' data-wow-delay='000ms'>\r\n\t\t\t\t\t\t<h6 class=\"sec-title__tagline\"> <img decoding=\"async\" src=\"https:\/\/www.ergofem.hu\/wp-content\/uploads\/2024\/05\/sec-title-s-1.png\" alt=\"alt\" title=\"sec-title-s-1\" class=\"sec-title__img\" > Kapcsolat<\/h6>\r\n\t\t\t\t\t\t<h3 class=\"sec-title__title\">Aj\u00e1nlatk\u00e9r\u00e9s<\/h3>\r\n\t\t\t\t\t<\/div>\r\n\t\t\t\t<\/div>\r\n\t\t\t\t<div class=\"wpcf7 no-js\" id=\"wpcf7-f653-o1\" lang=\"en-US\" dir=\"ltr\" data-wpcf7-id=\"653\">\n<div class=\"screen-reader-response\"><p role=\"status\" aria-live=\"polite\" aria-atomic=\"true\"><\/p> <ul><\/ul><\/div>\n<form action=\"\/hu\/wp-json\/wp\/v2\/pages\/1496#wpcf7-f653-o1\" method=\"post\" class=\"wpcf7-form init\" aria-label=\"Contact form\" novalidate=\"novalidate\" data-status=\"init\">\n<div style=\"display: none;\">\n<input type=\"hidden\" name=\"_wpcf7\" value=\"653\" \/>\n<input type=\"hidden\" name=\"_wpcf7_version\" value=\"6.0.3\" \/>\n<input type=\"hidden\" name=\"_wpcf7_locale\" value=\"en_US\" \/>\n<input type=\"hidden\" name=\"_wpcf7_unit_tag\" value=\"wpcf7-f653-o1\" \/>\n<input type=\"hidden\" name=\"_wpcf7_container_post\" value=\"0\" \/>\n<input type=\"hidden\" name=\"_wpcf7_posted_data_hash\" value=\"\" \/>\n<\/div>\n<div class=\"contact-one__form contact-form-validated form-one background-base wow fadeInUp\" >\n    <div class=\"form-one__group\">\n        <div class=\"form-one__control\">\n           <span class=\"wpcf7-form-control-wrap\" data-name=\"text-673\"><input size=\"40\" maxlength=\"400\" class=\"wpcf7-form-control wpcf7-text wpcf7-validates-as-required\" aria-required=\"true\" aria-invalid=\"false\" placeholder=\"N\u00e9v\" value=\"\" type=\"text\" name=\"text-673\" \/><\/span>\n        <\/div>\n        <div class=\"form-one__control\">\n            <span class=\"wpcf7-form-control-wrap\" data-name=\"email-264\"><input size=\"40\" maxlength=\"400\" class=\"wpcf7-form-control wpcf7-email wpcf7-validates-as-required wpcf7-text wpcf7-validates-as-email\" aria-required=\"true\" aria-invalid=\"false\" placeholder=\"E-mail c\u00edm\" value=\"\" type=\"email\" name=\"email-264\" \/><\/span>\n        <\/div>\n        <div class=\"form-one__control\">\n            <span class=\"wpcf7-form-control-wrap\" data-name=\"phone\"><input size=\"40\" maxlength=\"400\" class=\"wpcf7-form-control wpcf7-text wpcf7-validates-as-required\" aria-required=\"true\" aria-invalid=\"false\" placeholder=\"Telefonsz\u00e1m\" value=\"\" type=\"text\" name=\"phone\" \/><\/span>\n        <\/div>\n        <div class=\"form-one__control\">\n            <span class=\"wpcf7-form-control-wrap\" data-name=\"Subject\"><input size=\"40\" maxlength=\"400\" class=\"wpcf7-form-control wpcf7-text wpcf7-validates-as-required\" aria-required=\"true\" aria-invalid=\"false\" placeholder=\"Mivel kapcsolatban \u00e9rdekl\u0151dne?\" value=\"\" type=\"text\" name=\"Subject\" \/><\/span>\n        <\/div>\n        <div class=\"form-one__control form-one__control--full\">\n            <span class=\"wpcf7-form-control-wrap\" data-name=\"textarea-221\"><textarea cols=\"40\" rows=\"10\" maxlength=\"2000\" class=\"wpcf7-form-control wpcf7-textarea wpcf7-validates-as-required\" aria-required=\"true\" aria-invalid=\"false\" placeholder=\"\u00dczenet\" name=\"textarea-221\"><\/textarea><\/span>\n        <\/div>\n        <div class=\"form-one__control text-center form-one__control--full\">\n            <button type=\"submit\" class=\"voldor-btn voldor-btn--base\">Elk\u00fcld<\/button>\n        <\/div>\n    <\/div>\n<\/div><div class=\"wpcf7-response-output\" aria-hidden=\"true\"><\/div>\n<\/form>\n<\/div>\t\t\t<\/div>\r\n\t\t<\/div><!-- \/.container -->\r\n\t<\/section>\r\n\t<!-- Contact Section End-->\r\n\t\t\t\t<\/div>\n\t\t\t\t<\/div>\n\t\t\t\t\t<\/div>\n\t\t\t\t<\/div>\n\t\t\t\t<\/div>\n\t\t","protected":false},"excerpt":{"rendered":"<p>Tov\u00e1bbi szolg\u00e1ltat\u00e1sok Ac\u00e9lszerkezet gy\u00e1rt\u00e1s El\u0151tet\u0151k gy\u00e1rt\u00e1sa Puffertart\u00e1lyok gy\u00e1rt\u00e1sa Lakatos b\u00e9rmunk\u00e1k Teljes k\u00f6r\u0171 f\u00e9mfeldolgoz\u00e1si szolg\u00e1ltat\u00e1s Kapcsolat Ker\u00edt\u00e9sek, korl\u00e1tok gy\u00e1rt\u00e1sa, szerel\u00e9se Egyedi elk\u00e9pzel\u00e9s alapj\u00e1n tervezett kapuk, ker\u00edt\u00e9sek, korl\u00e1tok gy\u00e1rt\u00e1s\u00e1t v\u00e1llaljuk, legyen sz\u00f3 modern vagy klasszikus kov\u00e1csoltvas st\u00edlusr\u00f3l. Mi\u00e9rt v\u00e1lasszon minket? T\u00f6bb mint 30 \u00e9v tapasztalat A v\u00e1llalkoz\u00e1s tev\u00e9kenys\u00e9g\u00e9vel jelenleg a d\u00e9l-alf\u00f6ldi r\u00e9gi\u00f3 \u00e9s annak vonz\u00e1sk\u00f6rzet\u00e9nek meghat\u00e1roz\u00f3 piaci [&hellip;]<\/p>\n","protected":false},"author":1,"featured_media":0,"parent":0,"menu_order":0,"comment_status":"closed","ping_status":"closed","template":"elementor_header_footer","meta":{"footnotes":""},"class_list":["post-1496","page","type-page","status-publish","hentry"],"_links":{"self":[{"href":"https:\/\/www.ergofem.hu\/hu\/wp-json\/wp\/v2\/pages\/1496","targetHints":{"allow":["GET"]}}],"collection":[{"href":"https:\/\/www.ergofem.hu\/hu\/wp-json\/wp\/v2\/pages"}],"about":[{"href":"https:\/\/www.ergofem.hu\/hu\/wp-json\/wp\/v2\/types\/page"}],"author":[{"embeddable":true,"href":"https:\/\/www.ergofem.hu\/hu\/wp-json\/wp\/v2\/users\/1"}],"replies":[{"embeddable":true,"href":"https:\/\/www.ergofem.hu\/hu\/wp-json\/wp\/v2\/comments?post=1496"}],"version-history":[{"count":32,"href":"https:\/\/www.ergofem.hu\/hu\/wp-json\/wp\/v2\/pages\/1496\/revisions"}],"predecessor-version":[{"id":2212,"href":"https:\/\/www.ergofem.hu\/hu\/wp-json\/wp\/v2\/pages\/1496\/revisions\/2212"}],"wp:attachment":[{"href":"https:\/\/www.ergofem.hu\/hu\/wp-json\/wp\/v2\/media?parent=1496"}],"curies":[{"name":"wp","href":"https:\/\/api.w.org\/{rel}","templated":true}]}}