{"id":1511,"date":"2024-05-15T00:44:09","date_gmt":"2024-05-14T22:44:09","guid":{"rendered":"https:\/\/www.ergofem.hu\/?page_id=1511"},"modified":"2025-02-14T12:11:09","modified_gmt":"2025-02-14T11:11:09","slug":"ponthegesztes","status":"publish","type":"page","link":"https:\/\/www.ergofem.hu\/hu\/ponthegesztes\/","title":{"rendered":"Ponthegeszt\u00e9s"},"content":{"rendered":"\t\t<div data-elementor-type=\"wp-page\" data-elementor-id=\"1511\" class=\"elementor elementor-1511\" data-elementor-post-type=\"page\">\n\t\t\t\t<div class=\"elementor-element elementor-element-40183fd3 e-flex e-con-boxed e-con e-parent\" data-id=\"40183fd3\" data-element_type=\"container\">\n\t\t\t\t\t<div class=\"e-con-inner\">\n\t\t<div class=\"elementor-element elementor-element-5dc5eb3d e-con-full e-flex e-con e-child\" data-id=\"5dc5eb3d\" data-element_type=\"container\">\n\t\t\t\t<div class=\"elementor-element elementor-element-83418d7 elementor-widget elementor-widget-sidebar-nav\" data-id=\"83418d7\" data-element_type=\"widget\" data-widget_type=\"sidebar-nav.default\">\n\t\t\t\t<div class=\"elementor-widget-container\">\n\t\t\t\t\t    <div class=\"service-sidebar__single  wow fadeInUp\" data-wow-delay='500ms'>\r\n        <h3 class=\"service-sidebar__title\">Lemezmegmunk\u00e1l\u00e1s<\/h3>        <ul class=\"list-unstyled service-sidebar__nav ml-0\">\r\n                            <li class=\"\"><a href=\"https:\/\/www.ergofem.hu\/lezeres-lemezvagas\/\"  >L\u00e9zeres lemezv\u00e1g\u00e1s<i class=\"icon-arrow-right\"><\/i><\/a>\r\n                <\/li>\r\n                            <li class=\"\"><a href=\"https:\/\/www.ergofem.hu\/cnc-elhajlitas\/\"  >CNC \u00e9lhajl\u00edt\u00e1s<i class=\"icon-arrow-right\"><\/i><\/a>\r\n                <\/li>\r\n                    <\/ul><!-- \/.list-unstyled service-sidebar__nav -->\r\n    <\/div>\r\n\t\t\t\t<\/div>\n\t\t\t\t<\/div>\n\t\t\t\t<div class=\"elementor-element elementor-element-4847fb52 elementor-widget elementor-widget-voldor-sidebar-call-to-action\" data-id=\"4847fb52\" data-element_type=\"widget\" data-widget_type=\"voldor-sidebar-call-to-action.default\">\n\t\t\t\t<div class=\"elementor-widget-container\">\n\t\t\t\t\t    <div class=\"service-sidebar__contact\">\r\n        <h3 class=\"service-sidebar__contact-title\">Teljes k\u00f6r\u0171 f\u00e9mfeldolgoz\u00e1si szolg\u00e1ltat\u00e1s\n<\/h3>                    <div class=\"service-sidebar__contact-btn\">\r\n                <a href=\"https:\/\/www.ergofem.hu\/kapcsolat\/\"   class=\"voldor-btn voldor-btn--base\">Kapcsolat<\/a>\r\n            <\/div><!-- \/.service-sidebar__contact__icon -->\r\n                            <div class=\"service-sidebar__contact-image\">\r\n                <img decoding=\"async\" src=\"https:\/\/www.ergofem.hu\/wp-content\/uploads\/2024\/05\/service-men-1-1.png\" alt=\"alt\" title=\"service-men-1-1\" >            <\/div>\r\n                            <div class=\"service-sidebar__contact-angle\">\r\n                <img decoding=\"async\" src=\"https:\/\/www.ergofem.hu\/wp-content\/uploads\/2024\/05\/service-shape.png\" alt=\"service-shape\" title=\"service-shape\" >            <\/div>\r\n            <\/div><!-- \/.service-sidebar__contact -->\r\n\t\t\t\t<\/div>\n\t\t\t\t<\/div>\n\t\t\t\t<\/div>\n\t\t<div class=\"elementor-element elementor-element-1252833e e-con-full e-flex e-con e-child\" data-id=\"1252833e\" data-element_type=\"container\">\n\t\t\t\t<div class=\"elementor-element elementor-element-7e5e6af8 service-image elementor-widget elementor-widget-image\" data-id=\"7e5e6af8\" data-element_type=\"widget\" data-widget_type=\"image.default\">\n\t\t\t\t<div class=\"elementor-widget-container\">\n\t\t\t\t\t\t\t\t\t\t\t\t\t\t\t<img fetchpriority=\"high\" decoding=\"async\" width=\"1080\" height=\"626\" src=\"https:\/\/www.ergofem.hu\/wp-content\/uploads\/2025\/02\/Ponthegesztes.jpg\" class=\"attachment-full size-full wp-image-1409\" alt=\"\" srcset=\"https:\/\/www.ergofem.hu\/wp-content\/uploads\/2025\/02\/Ponthegesztes.jpg 1080w, https:\/\/www.ergofem.hu\/wp-content\/uploads\/2025\/02\/Ponthegesztes-300x174.jpg 300w, https:\/\/www.ergofem.hu\/wp-content\/uploads\/2025\/02\/Ponthegesztes-1024x594.jpg 1024w, https:\/\/www.ergofem.hu\/wp-content\/uploads\/2025\/02\/Ponthegesztes-768x445.jpg 768w\" sizes=\"(max-width: 1080px) 100vw, 1080px\" \/>\t\t\t\t\t\t\t\t\t\t\t\t\t\t\t<\/div>\n\t\t\t\t<\/div>\n\t\t\t\t<div class=\"elementor-element elementor-element-23dbf2c3 elementor-widget elementor-widget-html\" data-id=\"23dbf2c3\" data-element_type=\"widget\" data-widget_type=\"html.default\">\n\t\t\t\t<div class=\"elementor-widget-container\">\n\t\t\t\t\t<h3 class=\"service-details__title wow fadeInUp\" data-wow-delay='300ms'>Ponthegeszt\u00e9s\r\n<\/h3>\r\n<p class=\"service-details__text wow fadeInUp\" data-wow-delay='350ms'>A ponthegeszt\u00e9s az egyik leggyakrabban alkalmazott f\u00e9m\u00f6sszekapcsol\u00e1si elj\u00e1r\u00e1s, amelyet els\u0151sorban az aut\u00f3iparban, \u00e9p\u00edt\u0151iparban \u00e9s egy\u00e9b f\u00e9mfeldolgoz\u00f3 \u00e1gazatokban haszn\u00e1lnak. Gyors, hat\u00e9kony \u00e9s k\u00f6lts\u00e9ghat\u00e9kony megold\u00e1s, amely biztos\u00edtja a tart\u00f3s \u00e9s eszt\u00e9tikus illeszt\u00e9seket.\r\n<\/p>\r\n<h3 class=\"service-details__sub-title wow fadeInUp\" data-wow-delay='300ms'>Szolg\u00e1ltat\u00e1sunk jellemz\u0151i: \t\t\t\t<\/div>\n\t\t\t\t<\/div>\n\t\t\t\t<div class=\"elementor-element elementor-element-ae805f6 elementor-icon-list--layout-traditional elementor-list-item-link-full_width elementor-widget elementor-widget-icon-list\" data-id=\"ae805f6\" data-element_type=\"widget\" data-widget_type=\"icon-list.default\">\n\t\t\t\t<div class=\"elementor-widget-container\">\n\t\t\t\t\t\t\t<ul class=\"elementor-icon-list-items\">\n\t\t\t\t\t\t\t<li class=\"elementor-icon-list-item\">\n\t\t\t\t\t\t\t\t\t\t<span class=\"elementor-icon-list-text\">Fogy\u00f3elektr\u00f3d\u00e1s v\u00e9d\u0151g\u00e1zos \u00edvhegeszt\u00e9s<\/span>\n\t\t\t\t\t\t\t\t\t<\/li>\n\t\t\t\t\t\t\t\t<li class=\"elementor-icon-list-item\">\n\t\t\t\t\t\t\t\t\t\t<span class=\"elementor-icon-list-text\">MIG, MAG (CO)<\/span>\n\t\t\t\t\t\t\t\t\t<\/li>\n\t\t\t\t\t\t\t\t<li class=\"elementor-icon-list-item\">\n\t\t\t\t\t\t\t\t\t\t<span class=\"elementor-icon-list-text\">AWI hegeszt\u00e9s<\/span>\n\t\t\t\t\t\t\t\t\t<\/li>\n\t\t\t\t\t\t<\/ul>\n\t\t\t\t\t\t<\/div>\n\t\t\t\t<\/div>\n\t\t\t\t<div class=\"elementor-element elementor-element-62c141e0 elementor-widget elementor-widget-voldor-icon-box\" data-id=\"62c141e0\" data-element_type=\"widget\" data-widget_type=\"voldor-icon-box.default\">\n\t\t\t\t<div class=\"elementor-widget-container\">\n\t\t\t\t\t    <div class=\"service-details__single\">\r\n        <div class=\"service-details__single-inner\">\r\n            <h3 class=\"service-details__title\">Mi\u00e9rt v\u00e1lasszon minket?<\/h3>\r\n            <div class=\"row gutter-y-30\">\r\n                                    <div class=\"col-md-6\">\r\n                        <div class=\"service-details__inner-item wow fadeInUp \" data-wow-delay=\"300ms\">\r\n                            <div class=\"item-icon\">\r\n                                <div class=\"icon\">\r\n                                    <i aria-hidden=\"true\" class=\" icon-certificate-1-1\"><\/i>                                <\/div>\r\n                            <\/div>\r\n                            <div class=\"item-content\">\r\n                                <h4 class=\"item__title\">\r\n                                    <a href=\"https:\/\/www.ergofem.hu\/kapcsolat\/\"  > T\u00f6bb mint 30 \u00e9v tapasztalat<\/a>\r\n                                <\/h4>\r\n                                <p class=\"item__dec\">A v\u00e1llalkoz\u00e1s tev\u00e9kenys\u00e9g\u00e9vel jelenleg a d\u00e9l-alf\u00f6ldi r\u00e9gi\u00f3 \u00e9s annak vonz\u00e1sk\u00f6rzet\u00e9nek meghat\u00e1roz\u00f3 piaci szerepl\u0151je<\/p>\r\n                            <\/div>\r\n                        <\/div>\r\n                    <\/div>\r\n                                    <div class=\"col-md-6\">\r\n                        <div class=\"service-details__inner-item wow fadeInUp \" data-wow-delay=\"300ms\">\r\n                            <div class=\"item-icon\">\r\n                                <div class=\"icon\">\r\n                                    <i aria-hidden=\"true\" class=\"fas fa-globe\"><\/i>                                <\/div>\r\n                            <\/div>\r\n                            <div class=\"item-content\">\r\n                                <h4 class=\"item__title\">\r\n                                    <a href=\"https:\/\/www.ergofem.hu\/team\/\"  >Pontos, min\u0151s\u00e9gi munkav\u00e9gz\u00e9s<\/a>\r\n                                <\/h4>\r\n                                <p class=\"item__dec\">C\u00e9g\u00fcnk nagy hangs\u00falyt fektet a technikai, technol\u00f3giai \u00e9s hum\u00e1ner\u0151 fejleszt\u00e9sekre, \u00edgy a f\u00e9mmegmunk\u00e1l\u00e1s ter\u00fclet\u00e9n komplett szolg\u00e1ltat\u00e1st tudunk ny\u00fajtani megrendel\u0151inknek.\n<\/p>\r\n                            <\/div>\r\n                        <\/div>\r\n                    <\/div>\r\n                            <\/div>\r\n        <\/div>\r\n    <\/div>\r\n\t\t\t\t<\/div>\n\t\t\t\t<\/div>\n\t\t\t\t<\/div>\n\t\t\t\t\t<\/div>\n\t\t\t\t<\/div>\n\t\t\t\t<\/div>\n\t\t","protected":false},"excerpt":{"rendered":"<p>Lemezmegmunk\u00e1l\u00e1s L\u00e9zeres lemezv\u00e1g\u00e1s CNC \u00e9lhajl\u00edt\u00e1s Teljes k\u00f6r\u0171 f\u00e9mfeldolgoz\u00e1si szolg\u00e1ltat\u00e1s Kapcsolat Ponthegeszt\u00e9s A ponthegeszt\u00e9s az egyik leggyakrabban alkalmazott f\u00e9m\u00f6sszekapcsol\u00e1si elj\u00e1r\u00e1s, amelyet els\u0151sorban az aut\u00f3iparban, \u00e9p\u00edt\u0151iparban \u00e9s egy\u00e9b f\u00e9mfeldolgoz\u00f3 \u00e1gazatokban haszn\u00e1lnak. Gyors, hat\u00e9kony \u00e9s k\u00f6lts\u00e9ghat\u00e9kony megold\u00e1s, amely biztos\u00edtja a tart\u00f3s \u00e9s eszt\u00e9tikus illeszt\u00e9seket. Szolg\u00e1ltat\u00e1sunk jellemz\u0151i: Fogy\u00f3elektr\u00f3d\u00e1s v\u00e9d\u0151g\u00e1zos \u00edvhegeszt\u00e9s MIG, MAG (CO) AWI hegeszt\u00e9s Mi\u00e9rt v\u00e1lasszon minket? T\u00f6bb [&hellip;]<\/p>\n","protected":false},"author":1,"featured_media":0,"parent":0,"menu_order":0,"comment_status":"closed","ping_status":"closed","template":"elementor_header_footer","meta":{"footnotes":""},"class_list":["post-1511","page","type-page","status-publish","hentry"],"_links":{"self":[{"href":"https:\/\/www.ergofem.hu\/hu\/wp-json\/wp\/v2\/pages\/1511","targetHints":{"allow":["GET"]}}],"collection":[{"href":"https:\/\/www.ergofem.hu\/hu\/wp-json\/wp\/v2\/pages"}],"about":[{"href":"https:\/\/www.ergofem.hu\/hu\/wp-json\/wp\/v2\/types\/page"}],"author":[{"embeddable":true,"href":"https:\/\/www.ergofem.hu\/hu\/wp-json\/wp\/v2\/users\/1"}],"replies":[{"embeddable":true,"href":"https:\/\/www.ergofem.hu\/hu\/wp-json\/wp\/v2\/comments?post=1511"}],"version-history":[{"count":13,"href":"https:\/\/www.ergofem.hu\/hu\/wp-json\/wp\/v2\/pages\/1511\/revisions"}],"predecessor-version":[{"id":1678,"href":"https:\/\/www.ergofem.hu\/hu\/wp-json\/wp\/v2\/pages\/1511\/revisions\/1678"}],"wp:attachment":[{"href":"https:\/\/www.ergofem.hu\/hu\/wp-json\/wp\/v2\/media?parent=1511"}],"curies":[{"name":"wp","href":"https:\/\/api.w.org\/{rel}","templated":true}]}}