{"id":1813,"date":"2024-05-12T02:46:52","date_gmt":"2024-05-12T00:46:52","guid":{"rendered":"https:\/\/www.ergofem.hu\/?page_id=1813"},"modified":"2025-03-12T08:16:25","modified_gmt":"2025-03-12T07:16:25","slug":"lakatos-bermunkak","status":"publish","type":"page","link":"https:\/\/www.ergofem.hu\/hu\/lakatos-bermunkak\/","title":{"rendered":"Lakatos b\u00e9rmunk\u00e1k"},"content":{"rendered":"\t\t<div data-elementor-type=\"wp-page\" data-elementor-id=\"1813\" class=\"elementor elementor-1813\" data-elementor-post-type=\"page\">\n\t\t\t\t<div class=\"elementor-element elementor-element-f3d1f14 e-flex e-con-boxed e-con e-parent\" data-id=\"f3d1f14\" data-element_type=\"container\">\n\t\t\t\t\t<div class=\"e-con-inner\">\n\t\t<div class=\"elementor-element elementor-element-4b9f185 e-con-full e-flex e-con e-child\" data-id=\"4b9f185\" data-element_type=\"container\">\n\t\t\t\t<div class=\"elementor-element elementor-element-0813155 e-n-tabs-none elementor-widget elementor-widget-n-tabs\" data-id=\"0813155\" data-element_type=\"widget\" data-settings=\"{&quot;horizontal_scroll_mobile&quot;:&quot;disable&quot;,&quot;tabs_justify_horizontal&quot;:&quot;center&quot;,&quot;horizontal_scroll&quot;:&quot;disable&quot;}\" data-widget_type=\"nested-tabs.default\">\n\t\t\t\t<div class=\"elementor-widget-container\">\n\t\t\t\t\t\t\t<div class=\"e-n-tabs\" data-widget-number=\"8466773\" aria-label=\"Tabs. Open items with Enter or Space, close with Escape and navigate using the Arrow keys.\">\n\t\t\t<div class=\"e-n-tabs-heading\" role=\"tablist\">\n\t\t\t\t\t<button id=\"e-n-tab-title-84667731\" class=\"e-n-tab-title\" aria-selected=\"true\" data-tab-index=\"1\" role=\"tab\" tabindex=\"0\" aria-controls=\"e-n-tab-content-84667731\" style=\"--n-tabs-title-order: 1;\">\n\t\t\t\t\t\t<span class=\"e-n-tab-title-text\">\n\t\t\t\tEszterg\u00e1l\u00e1s\t\t\t<\/span>\n\t\t<\/button>\n\t\t\t\t<button id=\"e-n-tab-title-84667732\" class=\"e-n-tab-title\" aria-selected=\"false\" data-tab-index=\"2\" role=\"tab\" tabindex=\"-1\" aria-controls=\"e-n-tab-content-84667732\" style=\"--n-tabs-title-order: 2;\">\n\t\t\t\t\t\t<span class=\"e-n-tab-title-text\">\n\t\t\t\t\u00c9lhajl\u00edt\u00e1s\t\t\t<\/span>\n\t\t<\/button>\n\t\t\t\t<button id=\"e-n-tab-title-84667733\" class=\"e-n-tab-title\" aria-selected=\"false\" data-tab-index=\"3\" role=\"tab\" tabindex=\"-1\" aria-controls=\"e-n-tab-content-84667733\" style=\"--n-tabs-title-order: 3;\">\n\t\t\t\t\t\t<span class=\"e-n-tab-title-text\">\n\t\t\t\tHegeszt\u00e9s\t\t\t<\/span>\n\t\t<\/button>\n\t\t\t\t<button id=\"e-n-tab-title-84667734\" class=\"e-n-tab-title\" aria-selected=\"false\" data-tab-index=\"4\" role=\"tab\" tabindex=\"-1\" aria-controls=\"e-n-tab-content-84667734\" style=\"--n-tabs-title-order: 4;\">\n\t\t\t\t\t\t<span class=\"e-n-tab-title-text\">\n\t\t\t\tL\u00e9zerv\u00e1g\u00e1s\t\t\t<\/span>\n\t\t<\/button>\n\t\t\t\t<button id=\"e-n-tab-title-84667735\" class=\"e-n-tab-title\" aria-selected=\"false\" data-tab-index=\"5\" role=\"tab\" tabindex=\"-1\" aria-controls=\"e-n-tab-content-84667735\" style=\"--n-tabs-title-order: 5;\">\n\t\t\t\t\t\t<span class=\"e-n-tab-title-text\">\n\t\t\t\tProfilhenger\u00edt\u00e9s\t\t\t<\/span>\n\t\t<\/button>\n\t\t\t\t<button id=\"e-n-tab-title-84667736\" class=\"e-n-tab-title\" aria-selected=\"false\" data-tab-index=\"6\" role=\"tab\" tabindex=\"-1\" aria-controls=\"e-n-tab-content-84667736\" style=\"--n-tabs-title-order: 6;\">\n\t\t\t\t\t\t<span class=\"e-n-tab-title-text\">\n\t\t\t\tHomoksz\u00f3r\u00e1s\t\t\t<\/span>\n\t\t<\/button>\n\t\t\t\t<button id=\"e-n-tab-title-84667737\" class=\"e-n-tab-title\" aria-selected=\"false\" data-tab-index=\"7\" role=\"tab\" tabindex=\"-1\" aria-controls=\"e-n-tab-content-84667737\" style=\"--n-tabs-title-order: 7;\">\n\t\t\t\t\t\t<span class=\"e-n-tab-title-text\">\n\t\t\t\t\u00dcveggy\u00f6ngysz\u00f3r\u00e1s\t\t\t<\/span>\n\t\t<\/button>\n\t\t\t\t<button id=\"e-n-tab-title-84667738\" class=\"e-n-tab-title\" aria-selected=\"false\" data-tab-index=\"8\" role=\"tab\" tabindex=\"-1\" aria-controls=\"e-n-tab-content-84667738\" style=\"--n-tabs-title-order: 8;\">\n\t\t\t\t\t\t<span class=\"e-n-tab-title-text\">\n\t\t\t\tElektrosztatikus porsz\u00f3r\u00e1s\t\t\t<\/span>\n\t\t<\/button>\n\t\t\t\t\t<\/div>\n\t\t\t<div class=\"e-n-tabs-content\">\n\t\t\t\t<div id=\"e-n-tab-content-84667731\" role=\"tabpanel\" aria-labelledby=\"e-n-tab-title-84667731\" data-tab-index=\"1\" style=\"--n-tabs-title-order: 1;\" class=\"e-active elementor-element elementor-element-71c3d11 e-con-full e-flex e-con e-child\" data-id=\"71c3d11\" data-element_type=\"container\">\n\t\t\t\t<div class=\"elementor-element elementor-element-af69273 elementor-widget elementor-widget-text-editor\" data-id=\"af69273\" data-element_type=\"widget\" data-widget_type=\"text-editor.default\">\n\t\t\t\t<div class=\"elementor-widget-container\">\n\t\t\t\t\t\t\t\t\t<p>Hagyom\u00e1nyos eszterg\u00e1val v\u00e1llaljuk egyedi vagy kis sz\u00e9ri\u00e1s term\u00e9kek gy\u00e1rt\u00e1s\u00e1t.<\/p>\t\t\t\t\t\t\t\t<\/div>\n\t\t\t\t<\/div>\n\t\t\t\t<\/div>\n\t\t<div id=\"e-n-tab-content-84667732\" role=\"tabpanel\" aria-labelledby=\"e-n-tab-title-84667732\" data-tab-index=\"2\" style=\"--n-tabs-title-order: 2;\" class=\" elementor-element elementor-element-f0fdc24 e-con-full e-flex e-con e-child\" data-id=\"f0fdc24\" data-element_type=\"container\">\n\t\t\t\t<div class=\"elementor-element elementor-element-d3a2acf elementor-widget elementor-widget-text-editor\" data-id=\"d3a2acf\" data-element_type=\"widget\" data-widget_type=\"text-editor.default\">\n\t\t\t\t<div class=\"elementor-widget-container\">\n\t\t\t\t\t\t\t\t\t<p>Hajl\u00edtott term\u00e9keinket a lemezmegmunk\u00e1l\u00e1s els\u0151 vonal\u00e1ba tartoz\u00f3 m\u00e1rk\u00e1j\u00fa \u00e9s tud\u00e1s\u00fa CNC vez\u00e9rl\u00e9s\u0171 g\u00e9peken munk\u00e1ljuk meg. \u00c9lhajl\u00edt\u00e1ssal foglalkoz\u00f3 szakembereink mindegyike rendelkezik megfelel\u0151 programoz\u00f3i ismeretekkel \u00e9s tapasztalattal. Az \u00e1tlagosn\u00e1l nagyobb kreativit\u00e1st ig\u00e9nyl\u0151 feladatot k\u00e9pzett koll\u00e9g\u00e1ink hat\u00e9kony min\u0151s\u00e9gbiztos\u00edt\u00e1si t\u00e1mogat\u00e1s mellett v\u00e9gzik.<\/p><p>Megmunk\u00e1l\u00e1si m\u00e9retek:<\/p><ul><li>legnagyobb hajl\u00edt\u00e1si hossz: 2600 mm<\/li><li>hajl\u00edt\u00e1si sz\u00f6gtartom\u00e1ny: 35-180\u00b0<\/li><li>maxim\u00e1lis nyom\u00f3er\u0151: 80 t<\/li><li>anyagvastags\u00e1g: max. 12 mm<\/li><\/ul>\t\t\t\t\t\t\t\t<\/div>\n\t\t\t\t<\/div>\n\t\t\t\t<\/div>\n\t\t<div id=\"e-n-tab-content-84667733\" role=\"tabpanel\" aria-labelledby=\"e-n-tab-title-84667733\" data-tab-index=\"3\" style=\"--n-tabs-title-order: 3;\" class=\" elementor-element elementor-element-f723b13 e-con-full e-flex e-con e-child\" data-id=\"f723b13\" data-element_type=\"container\">\n\t\t\t\t<div class=\"elementor-element elementor-element-5a98cce elementor-widget elementor-widget-text-editor\" data-id=\"5a98cce\" data-element_type=\"widget\" data-widget_type=\"text-editor.default\">\n\t\t\t\t<div class=\"elementor-widget-container\">\n\t\t\t\t\t\t\t\t\t<p>Egyedi \u00e9s sorozatban gy\u00e1rtott alkatr\u00e9szek hegeszt\u00e9s\u00e9t v\u00e1llaljuk min\u0151s\u00edtett hegeszt\u0151inkkel. V\u00e1llaljuk sz\u00e9nac\u00e9l, alum\u00ednium \u00e9s rozsdamentes anyagok hegeszt\u00e9s\u00e9t.<\/p><p>Rendelkez\u00e9sre \u00e1ll\u00f3 technol\u00f3gi\u00e1k:<\/p><ul><li>ponthegeszt\u00e9s<\/li><li>fogy\u00f3elektr\u00f3d\u00e1s v\u00e9d\u0151g\u00e1zas \u00edvhegeszt\u00e9s<\/li><li>MIG,MAG<\/li><li>AWI hegeszt\u00e9s<\/li><\/ul>\t\t\t\t\t\t\t\t<\/div>\n\t\t\t\t<\/div>\n\t\t\t\t<\/div>\n\t\t<div id=\"e-n-tab-content-84667734\" role=\"tabpanel\" aria-labelledby=\"e-n-tab-title-84667734\" data-tab-index=\"4\" style=\"--n-tabs-title-order: 4;\" class=\" elementor-element elementor-element-bdccd92 e-con-full e-flex e-con e-child\" data-id=\"bdccd92\" data-element_type=\"container\">\n\t\t\t\t<div class=\"elementor-element elementor-element-37f423c elementor-widget elementor-widget-text-editor\" data-id=\"37f423c\" data-element_type=\"widget\" data-widget_type=\"text-editor.default\">\n\t\t\t\t<div class=\"elementor-widget-container\">\n\t\t\t\t\t\t\t\t\t<p>Korszer\u0171 CO \u00e9s\u00a0 Fiber \u00a0l\u00e9zereink lehet\u0151v\u00e9 teszik, hogy gyorsan \u00e9s prec\u00edzen v\u00e1gjunk ac\u00e9l, rozsdamentes ac\u00e9l \u00e9s alum\u00ednium anyagokat. Legyen sz\u00f3 kis vagy nagy darabsz\u00e1m\u00fa alkatr\u00e9szekr\u0151l, b\u00e1rmilyen alakzatot k\u00f6nnyed\u00e9n l\u00e9trehozunk \u00e9s r\u00f6vid hat\u00e1rid\u0151n bel\u00fcl<br \/>megmunk\u00e1lunk. Rakt\u00e1runkban sz\u00e9les v\u00e1laszt\u00e9kban \u00e1llnak rendelkez\u00e9sre a gy\u00e1rt\u00e1shoz felhaszn\u00e1lhat\u00f3 alapanyagok, de amennyiben sz\u00fcks\u00e9ges, megb\u00edzhat\u00f3 besz\u00e1ll\u00edt\u00f3 partnereinkt\u0151l p\u00e1r napos sz\u00e1ll\u00edt\u00e1si id\u0151vel is beszerezz\u00fck a k\u00edv\u00e1nt alapanyagot.<\/p><p>L\u00e9zerv\u00e1g\u00e1s param\u00e9terei:<\/p><ul><li>Sz\u00e9nac\u00e9l: 0,2 mm-25 mm<\/li><li>Rozsdamentes ac\u00e9l: 0,2 mm-15 mm<\/li><li>Alum\u00ednium: 0,2 mm -10 mm<\/li><li>Horganyzott : 0,2 mm-5,0mm<\/li><\/ul><p>V\u00e1g\u00f3asztal m\u00e9retei: 1500&#215;3000 mm<\/p>\t\t\t\t\t\t\t\t<\/div>\n\t\t\t\t<\/div>\n\t\t\t\t<\/div>\n\t\t<div id=\"e-n-tab-content-84667735\" role=\"tabpanel\" aria-labelledby=\"e-n-tab-title-84667735\" data-tab-index=\"5\" style=\"--n-tabs-title-order: 5;\" class=\" elementor-element elementor-element-057a00f e-con-full e-flex e-con e-child\" data-id=\"057a00f\" data-element_type=\"container\">\n\t\t\t\t<div class=\"elementor-element elementor-element-10f95bf elementor-widget elementor-widget-text-editor\" data-id=\"10f95bf\" data-element_type=\"widget\" data-widget_type=\"text-editor.default\">\n\t\t\t\t<div class=\"elementor-widget-container\">\n\t\t\t\t\t\t\t\t\t<p>A profilhenger\u00edt\u00e9s sor\u00e1n a f\u00e9m vagy m\u00e1s anyag a hengerek k\u00f6z\u00f6tt \u00e1thaladva egy el\u0151re meghat\u00e1rozott keresztmetszet\u0171 profilra hajlik. Ez az elj\u00e1r\u00e1s sz\u00e9les k\u00f6rben alkalmazott olyan ter\u00fcleteken, ahol speci\u00e1lis form\u00e1j\u00fa elemeket, p\u00e9ld\u00e1ul cs\u00f6veket, rudakat vagy s\u00ednprofilokat kell el\u0151\u00e1ll\u00edtani.<\/p>\t\t\t\t\t\t\t\t<\/div>\n\t\t\t\t<\/div>\n\t\t\t\t<\/div>\n\t\t<div id=\"e-n-tab-content-84667736\" role=\"tabpanel\" aria-labelledby=\"e-n-tab-title-84667736\" data-tab-index=\"6\" style=\"--n-tabs-title-order: 6;\" class=\" elementor-element elementor-element-d4c65b3 e-con-full e-flex e-con e-child\" data-id=\"d4c65b3\" data-element_type=\"container\">\n\t\t\t\t<div class=\"elementor-element elementor-element-d00d682 elementor-widget elementor-widget-text-editor\" data-id=\"d00d682\" data-element_type=\"widget\" data-widget_type=\"text-editor.default\">\n\t\t\t\t<div class=\"elementor-widget-container\">\n\t\t\t\t\t\t\t\t\t<p><span style=\"font-weight: 400;\">A mechanikus tiszt\u00edt\u00e1snak ezt a form\u00e1j\u00e1t abban az esetben alkalmazzuk, ha a f\u00e9m fel\u00fclet\u00e9n korr\u00f3zi\u00f3, reve vagy m\u00e1s szil\u00e1rd szennyez\u0151d\u00e9sek tal\u00e1lhat\u00f3ak, amelyek nagyban rontj\u00e1k a porlakk bevonat min\u0151s\u00e9g\u00e9t, valamint eszt\u00e9tikai megjelen\u00e9s\u00e9t. A s\u0171r\u00edtett leveg\u0151s szemcsesz\u00f3r\u00e1s eset\u00e9n a sz\u00f3r\u00f3anyag \u00e1ltal\u00e1ban k\u00fcl\u00f6nb\u00f6z\u0151 m\u00e9ret\u0171 homok. Szemcsesz\u00f3r\u00e1s<\/span><b>\u00a0<\/b><span style=\"font-weight: 400;\">sor\u00e1n nagy nyom\u00e1s\u00fa leveg\u0151vel f\u00e9mszemcs\u00e9ket juttatunk a munkadarabokra. A szemcsesz\u00f3r\u00e1s elj\u00e1r\u00e1s a legalkalmasabb a szennyezett, korrod\u00e1lt f\u00e9mfel\u00fcletek tiszt\u00edt\u00e1s\u00e1ra. A szemcsesz\u00f3r\u00f3 teremben vas, ac\u00e9l alapanyagok, hegesztett szerkezetek fel\u00fclettiszt\u00edt\u00e1sa, rev\u00e9tlen\u00edt\u00e9se, fest\u00e9s el\u0151tti fel\u00fclet el\u0151k\u00e9sz\u00edt\u00e9se t\u00f6rt\u00e9nik.<\/span><span style=\"font-weight: 400;\"><br \/><\/span><span style=\"font-weight: 400;\">A s\u0171r\u00edtett leveg\u0151s szemcsesz\u00f3r\u00e1s eset\u00e9n a sz\u00f3r\u00f3anyagot-\u00e1ltal\u00e1ban k\u00fcl\u00f6nb\u00f6z\u0151 m\u00e9ret\u0171 f\u00e9m szemcs\u00e9t-a s\u0171r\u00edtett leveg\u0151 energi\u00e1j\u00e1t felhaszn\u00e1lva, nagy sebess\u00e9ggel a tiszt\u00edtand\u00f3 fel\u00fcletre rep\u00edtj\u00fck. A nagy energi\u00e1val becsap\u00f3d\u00f3 szemcse a koptat\u00f3 s\u00farl\u00f3d\u00f3 hat\u00e1s k\u00f6vetkezt\u00e9ben elt\u00e1vol\u00edtja a tiszt\u00edtand\u00f3 anyag fel\u00fcleti r\u00e9teg\u00e9t. A szemcseanyag min\u0151s\u00e9g\u00e9t \u00e9s mennyis\u00e9g\u00e9t a kezelend\u0151 alapanyag hat\u00e1rozza meg. A szemcsesz\u00f3r\u00e1s sor\u00e1n SA 2.5-3 min\u0151s\u00e9g\u0171 fel\u00fclet \u00e9rhet\u0151 el, amire a standard alapoz\u00f3 \u00e9s fed\u0151lakkokon k\u00edv\u00fcl j\u00f3 min\u0151s\u00e9g\u0171 porfest\u00e9k bevonat is felvihet\u0151.<\/span><span style=\"font-weight: 400;\"><br \/><\/span><span style=\"font-weight: 400;\">A szemcsesz\u00f3r\u00e1s m\u00e1sik nagy el\u0151nye a fel\u00fcleti \u00e9rdess\u00e9g kialak\u00edt\u00e1sa, mely kiv\u00e1l\u00f3an tapad\u00f3 fel\u00fcletet hoz l\u00e9tre a k\u00e9s\u0151bbi bevonatok sz\u00e1m\u00e1ra.<\/span><\/p><ul><li style=\"font-weight: 400;\" aria-level=\"3\"><b>Sz\u00f3r\u00f3 kabin m\u00e9rete:\u00a0<\/b><span style=\"font-weight: 400;\">3000 mm x 6000 mm x 3000 mm<\/span><\/li><\/ul>\t\t\t\t\t\t\t\t<\/div>\n\t\t\t\t<\/div>\n\t\t\t\t<\/div>\n\t\t<div id=\"e-n-tab-content-84667737\" role=\"tabpanel\" aria-labelledby=\"e-n-tab-title-84667737\" data-tab-index=\"7\" style=\"--n-tabs-title-order: 7;\" class=\" elementor-element elementor-element-6452d0d e-con-full e-flex e-con e-child\" data-id=\"6452d0d\" data-element_type=\"container\">\n\t\t\t\t<div class=\"elementor-element elementor-element-6bdb668 elementor-widget elementor-widget-text-editor\" data-id=\"6bdb668\" data-element_type=\"widget\" data-widget_type=\"text-editor.default\">\n\t\t\t\t<div class=\"elementor-widget-container\">\n\t\t\t\t\t\t\t\t\t<p><span style=\"font-weight: 400;\">Az \u00fcveggy\u00f6ngysz\u00f3r\u00e1s egy speci\u00e1lis fel\u00fclettiszt\u00edt\u00e1si \u00e9s fel\u00fcletkezel\u00e9si elj\u00e1r\u00e1s, amely sor\u00e1n\u00a0 \u00fcveggy\u00f6ngy szemcs\u00e9k sz\u00f3r\u00e1s\u00e1val tiszt\u00edtj\u00e1k \u00e9s alak\u00edtj\u00e1k k\u00fcl\u00f6nb\u00f6z\u0151 k\u00f6nny\u0171f\u00e9m, sz\u00ednesf\u00e9m ,rozsdamentes ac\u00e9l anyagok fel\u00fclet\u00e9t. Ez egy olyan technika, amelyet c\u00e9lja fel\u00fclet\u00a0 sim\u00e1v\u00e1 \u00e9s egyenletess\u00e9 t\u00e9tele. A fel\u00fclet selymesf\u00e9ny\u0171, eszt\u00e9tikus \u00e9s k\u00f6nnyen tiszt\u00edthat\u00f3 lesz.<\/span><\/p>\t\t\t\t\t\t\t\t<\/div>\n\t\t\t\t<\/div>\n\t\t\t\t<\/div>\n\t\t<div id=\"e-n-tab-content-84667738\" role=\"tabpanel\" aria-labelledby=\"e-n-tab-title-84667738\" data-tab-index=\"8\" style=\"--n-tabs-title-order: 8;\" class=\" elementor-element elementor-element-e345617 e-con-full e-flex e-con e-child\" data-id=\"e345617\" data-element_type=\"container\">\n\t\t\t\t<div class=\"elementor-element elementor-element-83d9da3 elementor-widget elementor-widget-text-editor\" data-id=\"83d9da3\" data-element_type=\"widget\" data-widget_type=\"text-editor.default\">\n\t\t\t\t<div class=\"elementor-widget-container\">\n\t\t\t\t\t\t\t\t\t<p><span style=\"font-weight: 400;\">Az elektrosztatikus porfest\u00e9s, m\u00e1s n\u00e9ven a porsz\u00f3r\u00e1s, egy k\u00f6rnyezetbar\u00e1t technol\u00f3gia, amely alkalmas a legk\u00fcl\u00f6nb\u00f6z\u0151bb rendeltet\u00e9s\u0171 ac\u00e9l \u00e9s alum\u00ednium fel\u00fcletek fel\u00fcletkezel\u00e9s\u00e9re.<\/span><\/p><p><span style=\"font-weight: 400;\">A leggyakrabban alkalmazott bevonatnak sz\u00e1m\u00edt a f\u00e9miparban, g\u00e9piparban, \u00e9lelmiszeriparban \u00e9s eg\u00e9szs\u00e9g\u00fcgyben. Kiv\u00e1l\u00f3 korr\u00f3zi\u00f3v\u00e9delmet ny\u00fajt a k\u00f6rnyezeti hat\u00e1sokkal szemben, ugyanakkor eszt\u00e9tikai megjelen\u00e9s\u00e9ben is minden ig\u00e9nyt kiel\u00e9g\u00edt.<\/span><\/p><p><span style=\"font-weight: 400;\">Ezzel a technol\u00f3gi\u00e1val a hagyom\u00e1nyos old\u00f3szeres fest\u00e9si elj\u00e1r\u00e1st\u00f3l elt\u00e9r\u0151en tart\u00f3sabb bevonatot \u00e9rhet\u00fcnk el \u00fagy, hogy a k\u00f6rnyezetre gyakorolt k\u00e1ros hat\u00e1sa a minim\u00e1lisra cs\u00f6kken. Tov\u00e1bbi el\u0151nye, hogy az \u00e1tfut\u00e1si id\u0151 r\u00f6vid, hiszen nem kell alapozni, nem kell a sz\u00e1rad\u00e1sra v\u00e1rni, hiszen a be\u00e9get\u00e9st k\u00f6vet\u0151en szinte r\u00f6gt\u00f6n sz\u00e1ll\u00edthat\u00f3v\u00e1 v\u00e1lik.<\/span><\/p><p><span style=\"font-weight: 400;\">Az elj\u00e1r\u00e1s l\u00e9nyege hogy elektrosztatikusan felt\u00f6ltj\u00fck a poli\u00e9szter, vagy epoxi-poli\u00e9szter alapanyagot tartalmaz\u00f3 fest\u00e9kport, amelyet a f\u00e9m t\u00e1rgy mag\u00e1hoz vonz \u00e9s egyenletes porr\u00e9teg k\u00e9pz\u0151dik rajta.<\/span><\/p><p><b>A porsz\u00f3r\u00e1s technol\u00f3gi\u00e1ja<\/b><\/p><p><b style=\"text-align: var(--text-align);\">Fel\u00fclet el\u0151k\u00e9sz\u00edt\u00e9s:<\/b><\/p><ul><li><span style=\"font-weight: 400;\">zs\u00edrtalan\u00edt\u00e1s\/vasfoszf\u00e1toz\u00e1s\/\u00f6bl\u00edt\u00e9s\/sz\u00e1r\u00edt\u00e1s<\/span><\/li><li>homok- vagy szemcsesz\u00f3r\u00e1s<\/li><\/ul><p><b>Porsz\u00f3r\u00e1s:<\/b><span style=\"font-weight: 400;\">\u00a0Az el\u0151zetesen megtiszt\u00edtott \u00e9s zs\u00edrtalan\u00edtott f\u00e9mfel\u00fcletre speci\u00e1lis porsz\u00f3r\u00f3 pisztollyal egy kabinban a hideg letestelt f\u00e9mfel\u00fcletre felsz\u00f3rjuk a m\u0171anyagalap\u00fa porfest\u00e9ket, mely a sztatikus felt\u00f6lt\u0151d\u00e9s k\u00f6vetkezt\u00e9ben megtapad a fel\u00fcleten. A sztatika v\u00e1ltoztat\u00e1s\u00e1val a megtapadt r\u00e9teg szab\u00e1lyozhat\u00f3.<\/span><\/p><p><b>Be\u00e9get\u00e9s:\u00a0<\/b><span style=\"font-weight: 400;\">L\u00e9gkever\u00e9ses kemenc\u00e9ben a porsz\u00f3rt elemeket 160-220 Celsius fok k\u00f6z\u00f6tti h\u0151 tartom\u00e1nyban 15-20 perc id\u0151tartammal r\u00e1olvasztjuk a f\u00e9m fel\u00fclet\u00e9re.<\/span><span style=\"font-weight: 400;\"><br \/><\/span><span style=\"font-weight: 400;\">Az \u00edgy kapott visszah\u0171lt fel\u00fclet 50-70 mikron r\u00e9tegvastags\u00e1gnak felel meg. Ezt a r\u00e9teget n\u00f6velni lehet alapoz\u00e1ssal, dupla porsz\u00f3r\u00e1ssal, meleg f\u00e9mfel\u00fclettel ak\u00e1r 150-250 mikronig. A be\u00e1ll\u00edtott h\u0151m\u00e9rs\u00e9klet el\u00e9r\u00e9se ut\u00e1n a h\u0151m\u00e9rs\u00e9kleten tart\u00e1s automatikusan t\u00f6rt\u00e9nik.<\/span><\/p><p><b>Elektrosztatikus porsz\u00f3r\u00f3 szolg\u00e1ltat\u00e1sunk jellemz\u0151i:<\/b><span style=\"font-weight: 400;\"><br \/><\/span><b>Sz\u00f3r\u00f3pisztoly:<\/b><span style=\"font-weight: 400;\">\u00a0NORDSON t\u00edpus<\/span><span style=\"font-weight: 400;\"><br \/><\/span><b>Kemence terhel\u00e9se:<\/b><span style=\"font-weight: 400;\">\u00a0200 kg\/m s\u00falyterhel\u00e9ssel.<\/span><span style=\"font-weight: 400;\"><br \/><\/span><b>Fest\u00e9s vastags\u00e1ga<\/b><span style=\"font-weight: 400;\">: 60-150 mikron r\u00e9tegvastags\u00e1gban.<\/span><span style=\"font-weight: 400;\"><br \/><\/span><b>M\u0171szak kapacit\u00e1s<\/b><span style=\"font-weight: 400;\">: 210 m\u00b2\/m\u0171szak<\/span><span style=\"font-weight: 400;\"><br \/><\/span><b>Be\u00e9get\u0151 kemenc\u00e9j\u00e9nek befoglal\u00f3 m\u00e9rete<\/b><span style=\"font-weight: 400;\">: 6500 mm x 1750 mm x 1950 mm (hossz\u00d7sz\u00e9l.\u00d7mag.), az \u00e1tl\u00f3 2600 mm<\/span><\/p>\t\t\t\t\t\t\t\t<\/div>\n\t\t\t\t<\/div>\n\t\t\t\t<\/div>\n\t\t\t\t\t<\/div>\n\t\t<\/div>\n\t\t\t\t\t\t<\/div>\n\t\t\t\t<\/div>\n\t\t\t\t<\/div>\n\t\t\t\t\t<\/div>\n\t\t\t\t<\/div>\n\t\t<div class=\"elementor-element elementor-element-11e3901 e-flex e-con-boxed e-con e-parent\" data-id=\"11e3901\" data-element_type=\"container\">\n\t\t\t\t\t<div class=\"e-con-inner\">\n\t\t\t\t<div class=\"elementor-element elementor-element-ae2b00e elementor-widget elementor-widget-voldor-contact-form\" data-id=\"ae2b00e\" data-element_type=\"widget\" data-widget_type=\"voldor-contact-form.default\">\n\t\t\t\t<div class=\"elementor-widget-container\">\n\t\t\t\t\t\t<!-- Contact Section Start -->\r\n\t<section class=\"contact-one\">\r\n\t\t<div class=\"container\">\r\n\t\t\t<div class=\"col-12\">\r\n\t\t\t\t<div class=\"contact-one__top\">\r\n\t\t\t\t\t<div class=\"sec-title text-center wow fadeInUp\" data-wow-duration='1500ms' data-wow-delay='000ms'>\r\n\t\t\t\t\t\t<h6 class=\"sec-title__tagline\"> <img decoding=\"async\" src=\"https:\/\/www.ergofem.hu\/wp-content\/uploads\/2024\/05\/sec-title-s-1.png\" alt=\"alt\" title=\"sec-title-s-1\" class=\"sec-title__img\" > Kapcsolat<\/h6>\r\n\t\t\t\t\t\t<h3 class=\"sec-title__title\">K\u00e9rjen aj\u00e1nlatot!<\/h3>\r\n\t\t\t\t\t<\/div>\r\n\t\t\t\t<\/div>\r\n\t\t\t\t<div class=\"wpcf7 no-js\" id=\"wpcf7-f653-o1\" lang=\"en-US\" dir=\"ltr\" data-wpcf7-id=\"653\">\n<div class=\"screen-reader-response\"><p role=\"status\" aria-live=\"polite\" aria-atomic=\"true\"><\/p> <ul><\/ul><\/div>\n<form action=\"\/hu\/wp-json\/wp\/v2\/pages\/1813#wpcf7-f653-o1\" method=\"post\" class=\"wpcf7-form init\" aria-label=\"Contact form\" novalidate=\"novalidate\" data-status=\"init\">\n<div style=\"display: none;\">\n<input type=\"hidden\" name=\"_wpcf7\" value=\"653\" \/>\n<input type=\"hidden\" name=\"_wpcf7_version\" value=\"6.0.3\" \/>\n<input type=\"hidden\" name=\"_wpcf7_locale\" value=\"en_US\" \/>\n<input type=\"hidden\" name=\"_wpcf7_unit_tag\" value=\"wpcf7-f653-o1\" \/>\n<input type=\"hidden\" name=\"_wpcf7_container_post\" value=\"0\" \/>\n<input type=\"hidden\" name=\"_wpcf7_posted_data_hash\" value=\"\" \/>\n<\/div>\n<div class=\"contact-one__form contact-form-validated form-one background-base wow fadeInUp\" >\n    <div class=\"form-one__group\">\n        <div class=\"form-one__control\">\n           <span class=\"wpcf7-form-control-wrap\" data-name=\"text-673\"><input size=\"40\" maxlength=\"400\" class=\"wpcf7-form-control wpcf7-text wpcf7-validates-as-required\" aria-required=\"true\" aria-invalid=\"false\" placeholder=\"N\u00e9v\" value=\"\" type=\"text\" name=\"text-673\" \/><\/span>\n        <\/div>\n        <div class=\"form-one__control\">\n            <span class=\"wpcf7-form-control-wrap\" data-name=\"email-264\"><input size=\"40\" maxlength=\"400\" class=\"wpcf7-form-control wpcf7-email wpcf7-validates-as-required wpcf7-text wpcf7-validates-as-email\" aria-required=\"true\" aria-invalid=\"false\" placeholder=\"E-mail c\u00edm\" value=\"\" type=\"email\" name=\"email-264\" \/><\/span>\n        <\/div>\n        <div class=\"form-one__control\">\n            <span class=\"wpcf7-form-control-wrap\" data-name=\"phone\"><input size=\"40\" maxlength=\"400\" class=\"wpcf7-form-control wpcf7-text wpcf7-validates-as-required\" aria-required=\"true\" aria-invalid=\"false\" placeholder=\"Telefonsz\u00e1m\" value=\"\" type=\"text\" name=\"phone\" \/><\/span>\n        <\/div>\n        <div class=\"form-one__control\">\n            <span class=\"wpcf7-form-control-wrap\" data-name=\"Subject\"><input size=\"40\" maxlength=\"400\" class=\"wpcf7-form-control wpcf7-text wpcf7-validates-as-required\" aria-required=\"true\" aria-invalid=\"false\" placeholder=\"Mivel kapcsolatban \u00e9rdekl\u0151dne?\" value=\"\" type=\"text\" name=\"Subject\" \/><\/span>\n        <\/div>\n        <div class=\"form-one__control form-one__control--full\">\n            <span class=\"wpcf7-form-control-wrap\" data-name=\"textarea-221\"><textarea cols=\"40\" rows=\"10\" maxlength=\"2000\" class=\"wpcf7-form-control wpcf7-textarea wpcf7-validates-as-required\" aria-required=\"true\" aria-invalid=\"false\" placeholder=\"\u00dczenet\" name=\"textarea-221\"><\/textarea><\/span>\n        <\/div>\n        <div class=\"form-one__control text-center form-one__control--full\">\n            <button type=\"submit\" class=\"voldor-btn voldor-btn--base\">Elk\u00fcld<\/button>\n        <\/div>\n    <\/div>\n<\/div><div class=\"wpcf7-response-output\" aria-hidden=\"true\"><\/div>\n<\/form>\n<\/div>\t\t\t<\/div>\r\n\t\t<\/div><!-- \/.container -->\r\n\t<\/section>\r\n\t<!-- Contact Section End-->\r\n\t\t\t\t<\/div>\n\t\t\t\t<\/div>\n\t\t\t\t\t<\/div>\n\t\t\t\t<\/div>\n\t\t\t\t<\/div>\n\t\t","protected":false},"excerpt":{"rendered":"<p>Eszterg\u00e1l\u00e1s \u00c9lhajl\u00edt\u00e1s Hegeszt\u00e9s L\u00e9zerv\u00e1g\u00e1s Profilhenger\u00edt\u00e9s Homoksz\u00f3r\u00e1s \u00dcveggy\u00f6ngysz\u00f3r\u00e1s Elektrosztatikus porsz\u00f3r\u00e1s Hagyom\u00e1nyos eszterg\u00e1val v\u00e1llaljuk egyedi vagy kis sz\u00e9ri\u00e1s term\u00e9kek gy\u00e1rt\u00e1s\u00e1t. Hajl\u00edtott term\u00e9keinket a lemezmegmunk\u00e1l\u00e1s els\u0151 vonal\u00e1ba tartoz\u00f3 m\u00e1rk\u00e1j\u00fa \u00e9s tud\u00e1s\u00fa CNC vez\u00e9rl\u00e9s\u0171 g\u00e9peken munk\u00e1ljuk meg. \u00c9lhajl\u00edt\u00e1ssal foglalkoz\u00f3 szakembereink mindegyike rendelkezik megfelel\u0151 programoz\u00f3i ismeretekkel \u00e9s tapasztalattal. Az \u00e1tlagosn\u00e1l nagyobb kreativit\u00e1st ig\u00e9nyl\u0151 feladatot k\u00e9pzett koll\u00e9g\u00e1ink hat\u00e9kony min\u0151s\u00e9gbiztos\u00edt\u00e1si t\u00e1mogat\u00e1s mellett [&hellip;]<\/p>\n","protected":false},"author":1,"featured_media":0,"parent":0,"menu_order":0,"comment_status":"closed","ping_status":"closed","template":"elementor_header_footer","meta":{"footnotes":""},"class_list":["post-1813","page","type-page","status-publish","hentry"],"_links":{"self":[{"href":"https:\/\/www.ergofem.hu\/hu\/wp-json\/wp\/v2\/pages\/1813","targetHints":{"allow":["GET"]}}],"collection":[{"href":"https:\/\/www.ergofem.hu\/hu\/wp-json\/wp\/v2\/pages"}],"about":[{"href":"https:\/\/www.ergofem.hu\/hu\/wp-json\/wp\/v2\/types\/page"}],"author":[{"embeddable":true,"href":"https:\/\/www.ergofem.hu\/hu\/wp-json\/wp\/v2\/users\/1"}],"replies":[{"embeddable":true,"href":"https:\/\/www.ergofem.hu\/hu\/wp-json\/wp\/v2\/comments?post=1813"}],"version-history":[{"count":16,"href":"https:\/\/www.ergofem.hu\/hu\/wp-json\/wp\/v2\/pages\/1813\/revisions"}],"predecessor-version":[{"id":2030,"href":"https:\/\/www.ergofem.hu\/hu\/wp-json\/wp\/v2\/pages\/1813\/revisions\/2030"}],"wp:attachment":[{"href":"https:\/\/www.ergofem.hu\/hu\/wp-json\/wp\/v2\/media?parent=1813"}],"curies":[{"name":"wp","href":"https:\/\/api.w.org\/{rel}","templated":true}]}}