{"id":2031,"date":"2025-03-12T08:17:04","date_gmt":"2025-03-12T07:17:04","guid":{"rendered":"https:\/\/www.ergofem.hu\/?page_id=2031"},"modified":"2025-03-12T08:26:13","modified_gmt":"2025-03-12T07:26:13","slug":"tanusitvany","status":"publish","type":"page","link":"https:\/\/www.ergofem.hu\/hu\/tanusitvany\/","title":{"rendered":"Tan\u00fas\u00edtv\u00e1ny"},"content":{"rendered":"\t\t<div data-elementor-type=\"wp-page\" data-elementor-id=\"2031\" class=\"elementor elementor-2031\" data-elementor-post-type=\"page\">\n\t\t\t\t<div class=\"elementor-element elementor-element-6cf344e e-flex e-con-boxed e-con e-parent\" data-id=\"6cf344e\" data-element_type=\"container\">\n\t\t\t\t\t<div class=\"e-con-inner\">\n\t\t<div class=\"elementor-element elementor-element-8b413fc e-con-full e-flex e-con e-child\" data-id=\"8b413fc\" data-element_type=\"container\">\n\t\t\t\t<div class=\"elementor-element elementor-element-edc9bc1 elementor-widget elementor-widget-gallery\" data-id=\"edc9bc1\" data-element_type=\"widget\" data-settings=\"{&quot;gallery_layout&quot;:&quot;masonry&quot;,&quot;columns&quot;:2,&quot;lazyload&quot;:&quot;yes&quot;,&quot;columns_tablet&quot;:2,&quot;columns_mobile&quot;:1,&quot;gap&quot;:{&quot;unit&quot;:&quot;px&quot;,&quot;size&quot;:10,&quot;sizes&quot;:[]},&quot;gap_laptop&quot;:{&quot;unit&quot;:&quot;px&quot;,&quot;size&quot;:10,&quot;sizes&quot;:[]},&quot;gap_tablet&quot;:{&quot;unit&quot;:&quot;px&quot;,&quot;size&quot;:10,&quot;sizes&quot;:[]},&quot;gap_mobile&quot;:{&quot;unit&quot;:&quot;px&quot;,&quot;size&quot;:10,&quot;sizes&quot;:[]},&quot;link_to&quot;:&quot;file&quot;,&quot;overlay_background&quot;:&quot;yes&quot;,&quot;content_hover_animation&quot;:&quot;fade-in&quot;}\" data-widget_type=\"gallery.default\">\n\t\t\t\t<div class=\"elementor-widget-container\">\n\t\t\t\t\t\t\t<div class=\"elementor-gallery__container\">\n\t\t\t\t\t\t\t<a class=\"e-gallery-item elementor-gallery-item elementor-animated-content\" href=\"https:\/\/www.ergofem.hu\/wp-content\/uploads\/2025\/03\/CertUnion.jpg\" data-elementor-open-lightbox=\"yes\" data-elementor-lightbox-slideshow=\"edc9bc1\" data-elementor-lightbox-title=\"CertUnion\" data-e-action-hash=\"#elementor-action%3Aaction%3Dlightbox%26settings%3DeyJpZCI6MjAzOCwidXJsIjoiaHR0cHM6XC9cL3d3dy5lcmdvZmVtLmh1XC93cC1jb250ZW50XC91cGxvYWRzXC8yMDI1XC8wM1wvQ2VydFVuaW9uLmpwZyIsInNsaWRlc2hvdyI6ImVkYzliYzEifQ%3D%3D\">\n\t\t\t\t\t<div class=\"e-gallery-image elementor-gallery-item__image\" data-thumbnail=\"https:\/\/www.ergofem.hu\/wp-content\/uploads\/2025\/03\/CertUnion-722x1024.jpg\" data-width=\"640\" data-height=\"908\" aria-label=\"\" role=\"img\" ><\/div>\n\t\t\t\t\t\t\t\t\t\t\t<div class=\"elementor-gallery-item__overlay\"><\/div>\n\t\t\t\t\t\t\t\t\t\t\t\t\t\t<\/a>\n\t\t\t\t\t\t\t<a class=\"e-gallery-item elementor-gallery-item elementor-animated-content\" href=\"https:\/\/www.ergofem.hu\/wp-content\/uploads\/2025\/03\/CertUnion_angol.jpg\" data-elementor-open-lightbox=\"yes\" data-elementor-lightbox-slideshow=\"edc9bc1\" data-elementor-lightbox-title=\"CertUnion_angol\" data-e-action-hash=\"#elementor-action%3Aaction%3Dlightbox%26settings%3DeyJpZCI6MjAzNywidXJsIjoiaHR0cHM6XC9cL3d3dy5lcmdvZmVtLmh1XC93cC1jb250ZW50XC91cGxvYWRzXC8yMDI1XC8wM1wvQ2VydFVuaW9uX2FuZ29sLmpwZyIsInNsaWRlc2hvdyI6ImVkYzliYzEifQ%3D%3D\">\n\t\t\t\t\t<div class=\"e-gallery-image elementor-gallery-item__image\" data-thumbnail=\"https:\/\/www.ergofem.hu\/wp-content\/uploads\/2025\/03\/CertUnion_angol-715x1024.jpg\" data-width=\"640\" data-height=\"917\" aria-label=\"\" role=\"img\" ><\/div>\n\t\t\t\t\t\t\t\t\t\t\t<div class=\"elementor-gallery-item__overlay\"><\/div>\n\t\t\t\t\t\t\t\t\t\t\t\t\t\t<\/a>\n\t\t\t\t\t\t\t<a class=\"e-gallery-item elementor-gallery-item elementor-animated-content\" href=\"https:\/\/www.ergofem.hu\/wp-content\/uploads\/2025\/03\/F-TTHU-07-01_hu_Tanusitvany_ISO-3834-2_2024-07_ERGOFEM_Oldal_1.jpg\" data-elementor-open-lightbox=\"yes\" data-elementor-lightbox-slideshow=\"edc9bc1\" data-elementor-lightbox-title=\"F-TTHU-07-01_hu_Tan\u00fas\u00edtv\u00e1ny_ISO 3834-2_2024-07_ERGOF\u00c9M_Oldal_1\" data-e-action-hash=\"#elementor-action%3Aaction%3Dlightbox%26settings%3DeyJpZCI6MjAzNSwidXJsIjoiaHR0cHM6XC9cL3d3dy5lcmdvZmVtLmh1XC93cC1jb250ZW50XC91cGxvYWRzXC8yMDI1XC8wM1wvRi1UVEhVLTA3LTAxX2h1X1RhbnVzaXR2YW55X0lTTy0zODM0LTJfMjAyNC0wN19FUkdPRkVNX09sZGFsXzEuanBnIiwic2xpZGVzaG93IjoiZWRjOWJjMSJ9\">\n\t\t\t\t\t<div class=\"e-gallery-image elementor-gallery-item__image\" data-thumbnail=\"https:\/\/www.ergofem.hu\/wp-content\/uploads\/2025\/03\/F-TTHU-07-01_hu_Tanusitvany_ISO-3834-2_2024-07_ERGOFEM_Oldal_1-724x1024.jpg\" data-width=\"640\" data-height=\"905\" aria-label=\"\" role=\"img\" ><\/div>\n\t\t\t\t\t\t\t\t\t\t\t<div class=\"elementor-gallery-item__overlay\"><\/div>\n\t\t\t\t\t\t\t\t\t\t\t\t\t\t<\/a>\n\t\t\t\t\t\t\t<a class=\"e-gallery-item elementor-gallery-item elementor-animated-content\" href=\"https:\/\/www.ergofem.hu\/wp-content\/uploads\/2025\/03\/F-TTHU-07-01_hu_Tanusitvany_ISO-3834-2_2024-07_ERGOFEM_Oldal_2.jpg\" data-elementor-open-lightbox=\"yes\" data-elementor-lightbox-slideshow=\"edc9bc1\" data-elementor-lightbox-title=\"F-TTHU-07-01_hu_Tan\u00fas\u00edtv\u00e1ny_ISO 3834-2_2024-07_ERGOF\u00c9M_Oldal_2\" data-e-action-hash=\"#elementor-action%3Aaction%3Dlightbox%26settings%3DeyJpZCI6MjAzNiwidXJsIjoiaHR0cHM6XC9cL3d3dy5lcmdvZmVtLmh1XC93cC1jb250ZW50XC91cGxvYWRzXC8yMDI1XC8wM1wvRi1UVEhVLTA3LTAxX2h1X1RhbnVzaXR2YW55X0lTTy0zODM0LTJfMjAyNC0wN19FUkdPRkVNX09sZGFsXzIuanBnIiwic2xpZGVzaG93IjoiZWRjOWJjMSJ9\">\n\t\t\t\t\t<div class=\"e-gallery-image elementor-gallery-item__image\" data-thumbnail=\"https:\/\/www.ergofem.hu\/wp-content\/uploads\/2025\/03\/F-TTHU-07-01_hu_Tanusitvany_ISO-3834-2_2024-07_ERGOFEM_Oldal_2-724x1024.jpg\" data-width=\"640\" data-height=\"905\" aria-label=\"\" role=\"img\" ><\/div>\n\t\t\t\t\t\t\t\t\t\t\t<div class=\"elementor-gallery-item__overlay\"><\/div>\n\t\t\t\t\t\t\t\t\t\t\t\t\t\t<\/a>\n\t\t\t\t\t\t\t<a class=\"e-gallery-item elementor-gallery-item elementor-animated-content\" href=\"https:\/\/www.ergofem.hu\/wp-content\/uploads\/2025\/03\/F-TTHU-07-01_en_Certificate_ISO-3834-2_2024-07_ERGOFEM_Oldal_1.jpg\" data-elementor-open-lightbox=\"yes\" data-elementor-lightbox-slideshow=\"edc9bc1\" data-elementor-lightbox-title=\"F-TTHU-07-01_en_Certificate_ISO 3834-2_2024-07_ERGOF\u00c9M_Oldal_1\" data-e-action-hash=\"#elementor-action%3Aaction%3Dlightbox%26settings%3DeyJpZCI6MjA0MywidXJsIjoiaHR0cHM6XC9cL3d3dy5lcmdvZmVtLmh1XC93cC1jb250ZW50XC91cGxvYWRzXC8yMDI1XC8wM1wvRi1UVEhVLTA3LTAxX2VuX0NlcnRpZmljYXRlX0lTTy0zODM0LTJfMjAyNC0wN19FUkdPRkVNX09sZGFsXzEuanBnIiwic2xpZGVzaG93IjoiZWRjOWJjMSJ9\">\n\t\t\t\t\t<div class=\"e-gallery-image elementor-gallery-item__image\" data-thumbnail=\"https:\/\/www.ergofem.hu\/wp-content\/uploads\/2025\/03\/F-TTHU-07-01_en_Certificate_ISO-3834-2_2024-07_ERGOFEM_Oldal_1-724x1024.jpg\" data-width=\"640\" data-height=\"905\" aria-label=\"\" role=\"img\" ><\/div>\n\t\t\t\t\t\t\t\t\t\t\t<div class=\"elementor-gallery-item__overlay\"><\/div>\n\t\t\t\t\t\t\t\t\t\t\t\t\t\t<\/a>\n\t\t\t\t\t\t\t<a class=\"e-gallery-item elementor-gallery-item elementor-animated-content\" href=\"https:\/\/www.ergofem.hu\/wp-content\/uploads\/2025\/03\/F-TTHU-07-01_en_Certificate_ISO-3834-2_2024-07_ERGOFEM_Oldal_2.jpg\" data-elementor-open-lightbox=\"yes\" data-elementor-lightbox-slideshow=\"edc9bc1\" data-elementor-lightbox-title=\"F-TTHU-07-01_en_Certificate_ISO 3834-2_2024-07_ERGOF\u00c9M_Oldal_2\" data-e-action-hash=\"#elementor-action%3Aaction%3Dlightbox%26settings%3DeyJpZCI6MjAzNCwidXJsIjoiaHR0cHM6XC9cL3d3dy5lcmdvZmVtLmh1XC93cC1jb250ZW50XC91cGxvYWRzXC8yMDI1XC8wM1wvRi1UVEhVLTA3LTAxX2VuX0NlcnRpZmljYXRlX0lTTy0zODM0LTJfMjAyNC0wN19FUkdPRkVNX09sZGFsXzIuanBnIiwic2xpZGVzaG93IjoiZWRjOWJjMSJ9\">\n\t\t\t\t\t<div class=\"e-gallery-image elementor-gallery-item__image\" data-thumbnail=\"https:\/\/www.ergofem.hu\/wp-content\/uploads\/2025\/03\/F-TTHU-07-01_en_Certificate_ISO-3834-2_2024-07_ERGOFEM_Oldal_2-724x1024.jpg\" data-width=\"640\" data-height=\"905\" aria-label=\"\" role=\"img\" ><\/div>\n\t\t\t\t\t\t\t\t\t\t\t<div class=\"elementor-gallery-item__overlay\"><\/div>\n\t\t\t\t\t\t\t\t\t\t\t\t\t\t<\/a>\n\t\t\t\t\t\t\t<a class=\"e-gallery-item elementor-gallery-item elementor-animated-content\" href=\"https:\/\/www.ergofem.hu\/wp-content\/uploads\/2025\/03\/F-TTHU-06-02_hu_Tanusitvany_EN1090-2_2024-07_ERGOFEM.jpg\" data-elementor-open-lightbox=\"yes\" data-elementor-lightbox-slideshow=\"edc9bc1\" data-elementor-lightbox-title=\"F-TTHU-06-02_hu_Tan\u00fas\u00edtv\u00e1ny_EN1090-2_2024-07_ERGOF\u00c9M\" data-e-action-hash=\"#elementor-action%3Aaction%3Dlightbox%26settings%3DeyJpZCI6MjA0MiwidXJsIjoiaHR0cHM6XC9cL3d3dy5lcmdvZmVtLmh1XC93cC1jb250ZW50XC91cGxvYWRzXC8yMDI1XC8wM1wvRi1UVEhVLTA2LTAyX2h1X1RhbnVzaXR2YW55X0VOMTA5MC0yXzIwMjQtMDdfRVJHT0ZFTS5qcGciLCJzbGlkZXNob3ciOiJlZGM5YmMxIn0%3D\">\n\t\t\t\t\t<div class=\"e-gallery-image elementor-gallery-item__image\" data-thumbnail=\"https:\/\/www.ergofem.hu\/wp-content\/uploads\/2025\/03\/F-TTHU-06-02_hu_Tanusitvany_EN1090-2_2024-07_ERGOFEM-724x1024.jpg\" data-width=\"640\" data-height=\"905\" aria-label=\"\" role=\"img\" ><\/div>\n\t\t\t\t\t\t\t\t\t\t\t<div class=\"elementor-gallery-item__overlay\"><\/div>\n\t\t\t\t\t\t\t\t\t\t\t\t\t\t<\/a>\n\t\t\t\t\t\t\t<a class=\"e-gallery-item elementor-gallery-item elementor-animated-content\" href=\"https:\/\/www.ergofem.hu\/wp-content\/uploads\/2025\/03\/F-TTHU-06-02_en_Certificate_EN1090-2_2024-07_ERGOFEM.jpg\" data-elementor-open-lightbox=\"yes\" data-elementor-lightbox-slideshow=\"edc9bc1\" data-elementor-lightbox-title=\"F-TTHU-06-02_en_Certificate_EN1090-2_2024-07_ERGOF\u00c9M\" data-e-action-hash=\"#elementor-action%3Aaction%3Dlightbox%26settings%3DeyJpZCI6MjA0MSwidXJsIjoiaHR0cHM6XC9cL3d3dy5lcmdvZmVtLmh1XC93cC1jb250ZW50XC91cGxvYWRzXC8yMDI1XC8wM1wvRi1UVEhVLTA2LTAyX2VuX0NlcnRpZmljYXRlX0VOMTA5MC0yXzIwMjQtMDdfRVJHT0ZFTS5qcGciLCJzbGlkZXNob3ciOiJlZGM5YmMxIn0%3D\">\n\t\t\t\t\t<div class=\"e-gallery-image elementor-gallery-item__image\" data-thumbnail=\"https:\/\/www.ergofem.hu\/wp-content\/uploads\/2025\/03\/F-TTHU-06-02_en_Certificate_EN1090-2_2024-07_ERGOFEM-724x1024.jpg\" data-width=\"640\" data-height=\"905\" aria-label=\"\" role=\"img\" ><\/div>\n\t\t\t\t\t\t\t\t\t\t\t<div class=\"elementor-gallery-item__overlay\"><\/div>\n\t\t\t\t\t\t\t\t\t\t\t\t\t\t<\/a>\n\t\t\t\t\t\t\t<a class=\"e-gallery-item elementor-gallery-item elementor-animated-content\" href=\"https:\/\/www.ergofem.hu\/wp-content\/uploads\/2025\/03\/F-TTHU-06-01_hu_Tanusitvany_CPR_EN1090-1_2024-07_ERGOFEM.jpg\" data-elementor-open-lightbox=\"yes\" data-elementor-lightbox-slideshow=\"edc9bc1\" data-elementor-lightbox-title=\"F-TTHU-06-01_hu_Tan\u00fas\u00edtv\u00e1ny_CPR_EN1090-1_2024-07_ERGOF\u00c9M\" data-e-action-hash=\"#elementor-action%3Aaction%3Dlightbox%26settings%3DeyJpZCI6MjA0MCwidXJsIjoiaHR0cHM6XC9cL3d3dy5lcmdvZmVtLmh1XC93cC1jb250ZW50XC91cGxvYWRzXC8yMDI1XC8wM1wvRi1UVEhVLTA2LTAxX2h1X1RhbnVzaXR2YW55X0NQUl9FTjEwOTAtMV8yMDI0LTA3X0VSR09GRU0uanBnIiwic2xpZGVzaG93IjoiZWRjOWJjMSJ9\">\n\t\t\t\t\t<div class=\"e-gallery-image elementor-gallery-item__image\" data-thumbnail=\"https:\/\/www.ergofem.hu\/wp-content\/uploads\/2025\/03\/F-TTHU-06-01_hu_Tanusitvany_CPR_EN1090-1_2024-07_ERGOFEM-724x1024.jpg\" data-width=\"640\" data-height=\"905\" aria-label=\"\" role=\"img\" ><\/div>\n\t\t\t\t\t\t\t\t\t\t\t<div class=\"elementor-gallery-item__overlay\"><\/div>\n\t\t\t\t\t\t\t\t\t\t\t\t\t\t<\/a>\n\t\t\t\t\t\t\t<a class=\"e-gallery-item elementor-gallery-item elementor-animated-content\" href=\"https:\/\/www.ergofem.hu\/wp-content\/uploads\/2025\/03\/F-TTHU-06-01_en_Certificate_CPR_EN1090-1_2024-07_ERGOFEM.jpg\" data-elementor-open-lightbox=\"yes\" data-elementor-lightbox-slideshow=\"edc9bc1\" data-elementor-lightbox-title=\"F-TTHU-06-01_en_Certificate_CPR_EN1090-1_2024-07_ERGOF\u00c9M\" data-e-action-hash=\"#elementor-action%3Aaction%3Dlightbox%26settings%3DeyJpZCI6MjAzOSwidXJsIjoiaHR0cHM6XC9cL3d3dy5lcmdvZmVtLmh1XC93cC1jb250ZW50XC91cGxvYWRzXC8yMDI1XC8wM1wvRi1UVEhVLTA2LTAxX2VuX0NlcnRpZmljYXRlX0NQUl9FTjEwOTAtMV8yMDI0LTA3X0VSR09GRU0uanBnIiwic2xpZGVzaG93IjoiZWRjOWJjMSJ9\">\n\t\t\t\t\t<div class=\"e-gallery-image elementor-gallery-item__image\" data-thumbnail=\"https:\/\/www.ergofem.hu\/wp-content\/uploads\/2025\/03\/F-TTHU-06-01_en_Certificate_CPR_EN1090-1_2024-07_ERGOFEM-724x1024.jpg\" data-width=\"640\" data-height=\"905\" aria-label=\"\" role=\"img\" ><\/div>\n\t\t\t\t\t\t\t\t\t\t\t<div class=\"elementor-gallery-item__overlay\"><\/div>\n\t\t\t\t\t\t\t\t\t\t\t\t\t\t<\/a>\n\t\t\t\t\t<\/div>\n\t\t\t\t\t<\/div>\n\t\t\t\t<\/div>\n\t\t\t\t<\/div>\n\t\t\t\t\t<\/div>\n\t\t\t\t<\/div>\n\t\t\t\t<\/div>\n\t\t","protected":false},"excerpt":{"rendered":"","protected":false},"author":1,"featured_media":0,"parent":0,"menu_order":0,"comment_status":"closed","ping_status":"closed","template":"elementor_header_footer","meta":{"footnotes":""},"class_list":["post-2031","page","type-page","status-publish","hentry"],"_links":{"self":[{"href":"https:\/\/www.ergofem.hu\/hu\/wp-json\/wp\/v2\/pages\/2031","targetHints":{"allow":["GET"]}}],"collection":[{"href":"https:\/\/www.ergofem.hu\/hu\/wp-json\/wp\/v2\/pages"}],"about":[{"href":"https:\/\/www.ergofem.hu\/hu\/wp-json\/wp\/v2\/types\/page"}],"author":[{"embeddable":true,"href":"https:\/\/www.ergofem.hu\/hu\/wp-json\/wp\/v2\/users\/1"}],"replies":[{"embeddable":true,"href":"https:\/\/www.ergofem.hu\/hu\/wp-json\/wp\/v2\/comments?post=2031"}],"version-history":[{"count":4,"href":"https:\/\/www.ergofem.hu\/hu\/wp-json\/wp\/v2\/pages\/2031\/revisions"}],"predecessor-version":[{"id":2046,"href":"https:\/\/www.ergofem.hu\/hu\/wp-json\/wp\/v2\/pages\/2031\/revisions\/2046"}],"wp:attachment":[{"href":"https:\/\/www.ergofem.hu\/hu\/wp-json\/wp\/v2\/media?parent=2031"}],"curies":[{"name":"wp","href":"https:\/\/api.w.org\/{rel}","templated":true}]}}