{"id":2047,"date":"2024-05-15T00:44:09","date_gmt":"2024-05-14T22:44:09","guid":{"rendered":"https:\/\/www.ergofem.hu\/?page_id=2047"},"modified":"2025-03-12T08:34:22","modified_gmt":"2025-03-12T07:34:22","slug":"puffertartalyok-gyartasa","status":"publish","type":"page","link":"https:\/\/www.ergofem.hu\/hu\/puffertartalyok-gyartasa\/","title":{"rendered":"Puffertart\u00e1lyok gy\u00e1rt\u00e1sa"},"content":{"rendered":"\t\t<div data-elementor-type=\"wp-page\" data-elementor-id=\"2047\" class=\"elementor elementor-2047\" data-elementor-post-type=\"page\">\n\t\t\t\t<div class=\"elementor-element elementor-element-40183fd3 e-flex e-con-boxed e-con e-parent\" data-id=\"40183fd3\" data-element_type=\"container\">\n\t\t\t\t\t<div class=\"e-con-inner\">\n\t\t<div class=\"elementor-element elementor-element-5dc5eb3d e-con-full e-flex e-con e-child\" data-id=\"5dc5eb3d\" data-element_type=\"container\">\n\t\t\t\t<div class=\"elementor-element elementor-element-83418d7 elementor-widget elementor-widget-sidebar-nav\" data-id=\"83418d7\" data-element_type=\"widget\" data-widget_type=\"sidebar-nav.default\">\n\t\t\t\t<div class=\"elementor-widget-container\">\n\t\t\t\t\t    <div class=\"service-sidebar__single  wow fadeInUp\" data-wow-delay='500ms'>\r\n        <h3 class=\"service-sidebar__title\">Tov\u00e1bbi szolg\u00e1ltat\u00e1saink<\/h3>        <ul class=\"list-unstyled service-sidebar__nav ml-0\">\r\n                            <li class=\"\"><a href=\"https:\/\/www.ergofem.hu\/acelszerkezet-gyartas\/\"  >Ac\u00e9lszerkezet gy\u00e1rt\u00e1s<i class=\"icon-arrow-right\"><\/i><\/a>\r\n                <\/li>\r\n                            <li class=\"\"><a href=\"https:\/\/www.ergofem.hu\/elotetok-gyartasa\/\"  >El\u0151tet\u0151k gy\u00e1rt\u00e1sa<i class=\"icon-arrow-right\"><\/i><\/a>\r\n                <\/li>\r\n                            <li class=\"\"><a href=\"https:\/\/www.ergofem.hu\/keritesek-korlatok-gyartasa-szerelese\/\"  >Ker\u00edt\u00e9sek, korl\u00e1tok gy\u00e1rt\u00e1sa, szerel\u00e9se<i class=\"icon-arrow-right\"><\/i><\/a>\r\n                <\/li>\r\n                            <li class=\"\"><a href=\"https:\/\/www.ergofem.hu\/lakatos-bermunkak\/\"  >Lakatos b\u00e9rmunk\u00e1k<i class=\"icon-arrow-right\"><\/i><\/a>\r\n                <\/li>\r\n                    <\/ul><!-- \/.list-unstyled service-sidebar__nav -->\r\n    <\/div>\r\n\t\t\t\t<\/div>\n\t\t\t\t<\/div>\n\t\t\t\t<div class=\"elementor-element elementor-element-4847fb52 elementor-widget elementor-widget-voldor-sidebar-call-to-action\" data-id=\"4847fb52\" data-element_type=\"widget\" data-widget_type=\"voldor-sidebar-call-to-action.default\">\n\t\t\t\t<div class=\"elementor-widget-container\">\n\t\t\t\t\t    <div class=\"service-sidebar__contact\">\r\n        <h3 class=\"service-sidebar__contact-title\">Teljes k\u00f6r\u0171 f\u00e9mfeldolgoz\u00e1si szolg\u00e1ltat\u00e1s\n<\/h3>                    <div class=\"service-sidebar__contact-btn\">\r\n                <a href=\"https:\/\/www.ergofem.hu\/kapcsolat\/\"   class=\"voldor-btn voldor-btn--base\">Kapcsolat<\/a>\r\n            <\/div><!-- \/.service-sidebar__contact__icon -->\r\n                            <div class=\"service-sidebar__contact-image\">\r\n                <img decoding=\"async\" src=\"https:\/\/www.ergofem.hu\/wp-content\/uploads\/2024\/05\/service-men-1-1.png\" alt=\"alt\" title=\"service-men-1-1\" >            <\/div>\r\n                            <div class=\"service-sidebar__contact-angle\">\r\n                <img decoding=\"async\" src=\"https:\/\/www.ergofem.hu\/wp-content\/uploads\/2024\/05\/service-shape.png\" alt=\"service-shape\" title=\"service-shape\" >            <\/div>\r\n            <\/div><!-- \/.service-sidebar__contact -->\r\n\t\t\t\t<\/div>\n\t\t\t\t<\/div>\n\t\t\t\t<\/div>\n\t\t<div class=\"elementor-element elementor-element-1252833e e-con-full e-flex e-con e-child\" data-id=\"1252833e\" data-element_type=\"container\">\n\t\t\t\t<div class=\"elementor-element elementor-element-7e5e6af8 service-image elementor-widget elementor-widget-image\" data-id=\"7e5e6af8\" data-element_type=\"widget\" data-widget_type=\"image.default\">\n\t\t\t\t<div class=\"elementor-widget-container\">\n\t\t\t\t\t\t\t\t\t\t\t\t\t\t\t<img fetchpriority=\"high\" decoding=\"async\" width=\"1000\" height=\"667\" src=\"https:\/\/www.ergofem.hu\/wp-content\/uploads\/2025\/03\/96043.jpg\" class=\"attachment-full size-full wp-image-2049\" alt=\"\" srcset=\"https:\/\/www.ergofem.hu\/wp-content\/uploads\/2025\/03\/96043.jpg 1000w, https:\/\/www.ergofem.hu\/wp-content\/uploads\/2025\/03\/96043-300x200.jpg 300w, https:\/\/www.ergofem.hu\/wp-content\/uploads\/2025\/03\/96043-768x512.jpg 768w\" sizes=\"(max-width: 1000px) 100vw, 1000px\" \/>\t\t\t\t\t\t\t\t\t\t\t\t\t\t\t<\/div>\n\t\t\t\t<\/div>\n\t\t\t\t<div class=\"elementor-element elementor-element-23dbf2c3 elementor-widget elementor-widget-html\" data-id=\"23dbf2c3\" data-element_type=\"widget\" data-widget_type=\"html.default\">\n\t\t\t\t<div class=\"elementor-widget-container\">\n\t\t\t\t\t<h3 class=\"service-details__title wow fadeInUp\" data-wow-delay='300ms'>Puffertart\u00e1lyok gy\u00e1rt\u00e1sa:\r\n<\/h3>\r\n<p class=\"service-details__text wow fadeInUp\" data-wow-delay='350ms'>A puffertart\u00e1ly egy melegv\u00edzt\u00e1rol\u00f3, amely igen j\u00f3 szigetel\u00e9ssel van ell\u00e1tva. Feladata a melegvizet el\u0151\u00e1ll\u00edt\u00f3 k\u00e9sz\u00fcl\u00e9kek, berendez\u00e9sek pl. kaz\u00e1n, kandall\u00f3, napkollektor stb. \u00e1ltal el\u0151\u00e1ll\u00edtott h\u0151energi\u00e1t a k\u00e9s\u0151bbi felhaszn\u00e1l\u00e1s c\u00e9lj\u00e1b\u00f3l t\u00e1rolja. Az \u00edgy megtermelt \u00e9s t\u00e1rolt h\u0151t a k\u00e9s\u0151bbiekben f\u0171t\u00e9sre, meleg v\u00edz el\u0151\u00e1ll\u00edt\u00e1s\u00e1ra b\u00e1rmikor felhaszn\u00e1lhat\u00f3. Bizonyos esetekben a puffertart\u00e1ly n\u00e9lk\u00fcl\u00f6zhetetlen berendez\u00e9s. Ennek oka, hogy a h\u0151energia el\u0151\u00e1ll\u00edt\u00e1sa \u00e9s felhaszn\u00e1l\u00e1sa k\u00f6z\u00f6tt hossz\u00fa id\u0151tartam is eltelhet, illetve az energia el\u0151\u00e1ll\u00edt\u00e1s folyamata is id\u0151ig\u00e9nyes. Szil\u00e1rd t\u00fczel\u00e9s\u0171 kaz\u00e1nok ( sz\u00e9n, fa, pellet) m\u0171k\u00f6d\u00e9se k\u00f6zben a megtermelt, de fel nem haszn\u00e1lt h\u0151energi\u00e1t is a puffertart\u00e1ly elt\u00e1rolja, \u00edgy a t\u00fczel\u0151anyag lefoly\u00e1s n\u00e9lk\u00fcl, megfelel\u0151 l\u00e9gfelesleg mellett tud el\u00e9gni, mivel az \u00e9p\u00fclet felf\u0171t\u00e9s\u00e9t k\u00f6vet\u0151en a kaz\u00e1nt nem kell elz\u00e1rni.<br><br> \r\nAzok a f\u0171t\u00e9si rendszerek, amik puffertart\u00e1llyal rendelkeznek, sokkal jobb hat\u00e1sfokkal \u00fczemelnek, ez\u00e9rt a f\u0171t\u00e9si szezonban kevesebb t\u00fczel\u0151anyagra van sz\u00fcks\u00e9g. A hat\u00e1sfok n\u00f6veked\u00e9se mellett \u00e9s a t\u00f6k\u00e9letesebb \u00e9g\u00e9s miatt a f\u00fcstg\u00e1z \u00f6sszet\u00e9tele is javul, \u00edgy kevesebb szennyez\u0151anyag jut a l\u00e9gk\u00f6rbe. A puffertart\u00e1lyok el\u0151nye az \u00e1tmeneti id\u0151szakban mutatkozik meg l\u00e9nyegesen, amikor a kaz\u00e1n \u00e1ltal termelt h\u0151energi\u00e1ra nincs sz\u00fcks\u00e9g. Ilyen esetben a puffertart\u00e1ly elt\u00e1rolja a felesleget, \u00edgy a megtermelt h\u0151energia nem v\u00e9sz el. M\u00e1sik nagy el\u0151nye a puffertart\u00e1lyok alkalmaz\u00e1s\u00e1nak a komfort n\u00f6veked\u00e9se. A f\u0171t\u00f6tt \u00e9p\u00fcletben \u00edgy hosszabb id\u0151re elny\u00fajthat\u00f3 \u00e9s kiegyens\u00falyozottab f\u0171t\u00e9s biztos\u00edthat\u00f3, ez\u00e1ltal a kaz\u00e1n fel\u00fcgyelet\u00e9re kevesebb figyelem sz\u00fcks\u00e9ges.\r\n\r\n\r\n<\/p>\r\n \r\n\r\n\t\t\t\t<\/div>\n\t\t\t\t<\/div>\n\t\t\t\t<div class=\"elementor-element elementor-element-62c141e0 elementor-widget elementor-widget-voldor-icon-box\" data-id=\"62c141e0\" data-element_type=\"widget\" data-widget_type=\"voldor-icon-box.default\">\n\t\t\t\t<div class=\"elementor-widget-container\">\n\t\t\t\t\t    <div class=\"service-details__single\">\r\n        <div class=\"service-details__single-inner\">\r\n            <h3 class=\"service-details__title\">Mi\u00e9rt v\u00e1lasszon minket?<\/h3>\r\n            <div class=\"row gutter-y-30\">\r\n                                    <div class=\"col-md-6\">\r\n                        <div class=\"service-details__inner-item wow fadeInUp \" data-wow-delay=\"300ms\">\r\n                            <div class=\"item-icon\">\r\n                                <div class=\"icon\">\r\n                                    <i aria-hidden=\"true\" class=\" icon-certificate-1-1\"><\/i>                                <\/div>\r\n                            <\/div>\r\n                            <div class=\"item-content\">\r\n                                <h4 class=\"item__title\">\r\n                                    <a href=\"https:\/\/www.ergofem.hu\/kapcsolat\/\"  > T\u00f6bb mint 30 \u00e9v tapasztalat<\/a>\r\n                                <\/h4>\r\n                                <p class=\"item__dec\">A v\u00e1llalkoz\u00e1s tev\u00e9kenys\u00e9g\u00e9vel jelenleg a d\u00e9l-alf\u00f6ldi r\u00e9gi\u00f3 \u00e9s annak vonz\u00e1sk\u00f6rzet\u00e9nek meghat\u00e1roz\u00f3 piaci szerepl\u0151je<\/p>\r\n                            <\/div>\r\n                        <\/div>\r\n                    <\/div>\r\n                                    <div class=\"col-md-6\">\r\n                        <div class=\"service-details__inner-item wow fadeInUp \" data-wow-delay=\"300ms\">\r\n                            <div class=\"item-icon\">\r\n                                <div class=\"icon\">\r\n                                    <i aria-hidden=\"true\" class=\"fas fa-globe\"><\/i>                                <\/div>\r\n                            <\/div>\r\n                            <div class=\"item-content\">\r\n                                <h4 class=\"item__title\">\r\n                                    <a href=\"https:\/\/www.ergofem.hu\/kapcsolat\/\"  >Pontos, min\u0151s\u00e9gi munkav\u00e9gz\u00e9s<\/a>\r\n                                <\/h4>\r\n                                <p class=\"item__dec\">C\u00e9g\u00fcnk nagy hangs\u00falyt fektet a technikai, technol\u00f3giai \u00e9s hum\u00e1ner\u0151 fejleszt\u00e9sekre, \u00edgy a f\u00e9mmegmunk\u00e1l\u00e1s ter\u00fclet\u00e9n komplett szolg\u00e1ltat\u00e1st tudunk ny\u00fajtani megrendel\u0151inknek.\n<\/p>\r\n                            <\/div>\r\n                        <\/div>\r\n                    <\/div>\r\n                            <\/div>\r\n        <\/div>\r\n    <\/div>\r\n\t\t\t\t<\/div>\n\t\t\t\t<\/div>\n\t\t\t\t<\/div>\n\t\t\t\t\t<\/div>\n\t\t\t\t<\/div>\n\t\t<div class=\"elementor-element elementor-element-b2c5269 e-flex e-con-boxed e-con e-parent\" data-id=\"b2c5269\" data-element_type=\"container\">\n\t\t\t\t\t<div class=\"e-con-inner\">\n\t\t\t\t<div class=\"elementor-element elementor-element-2c8e9dd elementor-widget elementor-widget-voldor-contact-form\" data-id=\"2c8e9dd\" data-element_type=\"widget\" data-widget_type=\"voldor-contact-form.default\">\n\t\t\t\t<div class=\"elementor-widget-container\">\n\t\t\t\t\t\t<!-- Contact Section Start -->\r\n\t<section class=\"contact-one\">\r\n\t\t<div class=\"container\">\r\n\t\t\t<div class=\"col-12\">\r\n\t\t\t\t<div class=\"contact-one__top\">\r\n\t\t\t\t\t<div class=\"sec-title text-center wow fadeInUp\" data-wow-duration='1500ms' data-wow-delay='000ms'>\r\n\t\t\t\t\t\t<h6 class=\"sec-title__tagline\"> <img decoding=\"async\" src=\"https:\/\/www.ergofem.hu\/wp-content\/uploads\/2024\/05\/sec-title-s-1.png\" alt=\"alt\" title=\"sec-title-s-1\" class=\"sec-title__img\" > Kapcsolat<\/h6>\r\n\t\t\t\t\t\t<h3 class=\"sec-title__title\">Aj\u00e1nlatk\u00e9r\u00e9s<\/h3>\r\n\t\t\t\t\t<\/div>\r\n\t\t\t\t<\/div>\r\n\t\t\t\t<div class=\"wpcf7 no-js\" id=\"wpcf7-f653-o1\" lang=\"en-US\" dir=\"ltr\" data-wpcf7-id=\"653\">\n<div class=\"screen-reader-response\"><p role=\"status\" aria-live=\"polite\" aria-atomic=\"true\"><\/p> <ul><\/ul><\/div>\n<form action=\"\/hu\/wp-json\/wp\/v2\/pages\/2047#wpcf7-f653-o1\" method=\"post\" class=\"wpcf7-form init\" aria-label=\"Contact form\" novalidate=\"novalidate\" data-status=\"init\">\n<div style=\"display: none;\">\n<input type=\"hidden\" name=\"_wpcf7\" value=\"653\" \/>\n<input type=\"hidden\" name=\"_wpcf7_version\" value=\"6.0.3\" \/>\n<input type=\"hidden\" name=\"_wpcf7_locale\" value=\"en_US\" \/>\n<input type=\"hidden\" name=\"_wpcf7_unit_tag\" value=\"wpcf7-f653-o1\" \/>\n<input type=\"hidden\" name=\"_wpcf7_container_post\" value=\"0\" \/>\n<input type=\"hidden\" name=\"_wpcf7_posted_data_hash\" value=\"\" \/>\n<\/div>\n<div class=\"contact-one__form contact-form-validated form-one background-base wow fadeInUp\" >\n    <div class=\"form-one__group\">\n        <div class=\"form-one__control\">\n           <span class=\"wpcf7-form-control-wrap\" data-name=\"text-673\"><input size=\"40\" maxlength=\"400\" class=\"wpcf7-form-control wpcf7-text wpcf7-validates-as-required\" aria-required=\"true\" aria-invalid=\"false\" placeholder=\"N\u00e9v\" value=\"\" type=\"text\" name=\"text-673\" \/><\/span>\n        <\/div>\n        <div class=\"form-one__control\">\n            <span class=\"wpcf7-form-control-wrap\" data-name=\"email-264\"><input size=\"40\" maxlength=\"400\" class=\"wpcf7-form-control wpcf7-email wpcf7-validates-as-required wpcf7-text wpcf7-validates-as-email\" aria-required=\"true\" aria-invalid=\"false\" placeholder=\"E-mail c\u00edm\" value=\"\" type=\"email\" name=\"email-264\" \/><\/span>\n        <\/div>\n        <div class=\"form-one__control\">\n            <span class=\"wpcf7-form-control-wrap\" data-name=\"phone\"><input size=\"40\" maxlength=\"400\" class=\"wpcf7-form-control wpcf7-text wpcf7-validates-as-required\" aria-required=\"true\" aria-invalid=\"false\" placeholder=\"Telefonsz\u00e1m\" value=\"\" type=\"text\" name=\"phone\" \/><\/span>\n        <\/div>\n        <div class=\"form-one__control\">\n            <span class=\"wpcf7-form-control-wrap\" data-name=\"Subject\"><input size=\"40\" maxlength=\"400\" class=\"wpcf7-form-control wpcf7-text wpcf7-validates-as-required\" aria-required=\"true\" aria-invalid=\"false\" placeholder=\"Mivel kapcsolatban \u00e9rdekl\u0151dne?\" value=\"\" type=\"text\" name=\"Subject\" \/><\/span>\n        <\/div>\n        <div class=\"form-one__control form-one__control--full\">\n            <span class=\"wpcf7-form-control-wrap\" data-name=\"textarea-221\"><textarea cols=\"40\" rows=\"10\" maxlength=\"2000\" class=\"wpcf7-form-control wpcf7-textarea wpcf7-validates-as-required\" aria-required=\"true\" aria-invalid=\"false\" placeholder=\"\u00dczenet\" name=\"textarea-221\"><\/textarea><\/span>\n        <\/div>\n        <div class=\"form-one__control text-center form-one__control--full\">\n            <button type=\"submit\" class=\"voldor-btn voldor-btn--base\">Elk\u00fcld<\/button>\n        <\/div>\n    <\/div>\n<\/div><div class=\"wpcf7-response-output\" aria-hidden=\"true\"><\/div>\n<\/form>\n<\/div>\t\t\t<\/div>\r\n\t\t<\/div><!-- \/.container -->\r\n\t<\/section>\r\n\t<!-- Contact Section End-->\r\n\t\t\t\t<\/div>\n\t\t\t\t<\/div>\n\t\t\t\t\t<\/div>\n\t\t\t\t<\/div>\n\t\t\t\t<\/div>\n\t\t","protected":false},"excerpt":{"rendered":"<p>Tov\u00e1bbi szolg\u00e1ltat\u00e1saink Ac\u00e9lszerkezet gy\u00e1rt\u00e1s El\u0151tet\u0151k gy\u00e1rt\u00e1sa Ker\u00edt\u00e9sek, korl\u00e1tok gy\u00e1rt\u00e1sa, szerel\u00e9se Lakatos b\u00e9rmunk\u00e1k Teljes k\u00f6r\u0171 f\u00e9mfeldolgoz\u00e1si szolg\u00e1ltat\u00e1s Kapcsolat Puffertart\u00e1lyok gy\u00e1rt\u00e1sa: A puffertart\u00e1ly egy melegv\u00edzt\u00e1rol\u00f3, amely igen j\u00f3 szigetel\u00e9ssel van ell\u00e1tva. Feladata a melegvizet el\u0151\u00e1ll\u00edt\u00f3 k\u00e9sz\u00fcl\u00e9kek, berendez\u00e9sek pl. kaz\u00e1n, kandall\u00f3, napkollektor stb. \u00e1ltal el\u0151\u00e1ll\u00edtott h\u0151energi\u00e1t a k\u00e9s\u0151bbi felhaszn\u00e1l\u00e1s c\u00e9lj\u00e1b\u00f3l t\u00e1rolja. Az \u00edgy megtermelt \u00e9s t\u00e1rolt h\u0151t a [&hellip;]<\/p>\n","protected":false},"author":1,"featured_media":0,"parent":0,"menu_order":0,"comment_status":"closed","ping_status":"closed","template":"elementor_header_footer","meta":{"footnotes":""},"class_list":["post-2047","page","type-page","status-publish","hentry"],"_links":{"self":[{"href":"https:\/\/www.ergofem.hu\/hu\/wp-json\/wp\/v2\/pages\/2047","targetHints":{"allow":["GET"]}}],"collection":[{"href":"https:\/\/www.ergofem.hu\/hu\/wp-json\/wp\/v2\/pages"}],"about":[{"href":"https:\/\/www.ergofem.hu\/hu\/wp-json\/wp\/v2\/types\/page"}],"author":[{"embeddable":true,"href":"https:\/\/www.ergofem.hu\/hu\/wp-json\/wp\/v2\/users\/1"}],"replies":[{"embeddable":true,"href":"https:\/\/www.ergofem.hu\/hu\/wp-json\/wp\/v2\/comments?post=2047"}],"version-history":[{"count":4,"href":"https:\/\/www.ergofem.hu\/hu\/wp-json\/wp\/v2\/pages\/2047\/revisions"}],"predecessor-version":[{"id":2052,"href":"https:\/\/www.ergofem.hu\/hu\/wp-json\/wp\/v2\/pages\/2047\/revisions\/2052"}],"wp:attachment":[{"href":"https:\/\/www.ergofem.hu\/hu\/wp-json\/wp\/v2\/media?parent=2047"}],"curies":[{"name":"wp","href":"https:\/\/api.w.org\/{rel}","templated":true}]}}