{"id":75,"date":"2024-05-12T02:44:15","date_gmt":"2024-05-12T02:44:15","guid":{"rendered":"http:\/\/voldor-demo.local\/?page_id=75"},"modified":"2026-03-05T15:42:22","modified_gmt":"2026-03-05T14:42:22","slug":"szolgaltatasaink","status":"publish","type":"page","link":"https:\/\/www.ergofem.hu\/hu\/szolgaltatasaink\/","title":{"rendered":"Szolg\u00e1ltat\u00e1saink"},"content":{"rendered":"\t\t<div data-elementor-type=\"wp-page\" data-elementor-id=\"75\" class=\"elementor elementor-75\" data-elementor-post-type=\"page\">\n\t\t\t\t<div class=\"elementor-element elementor-element-d7c45d7 e-con-full e-flex e-con e-parent\" data-id=\"d7c45d7\" data-element_type=\"container\">\n\t\t\t\t<div class=\"elementor-element elementor-element-eada65a elementor-widget elementor-widget-voldor-service\" data-id=\"eada65a\" data-element_type=\"widget\" data-widget_type=\"voldor-service.default\">\n\t\t\t\t<div class=\"elementor-widget-container\">\n\t\t\t\t\t\r\n    <section class=\"service-page\">\r\n        <div class=\"container\">\r\n            <div class=\"row gutter-y-30\">\r\n                                    <div class=\"col-md-6 col-lg-4\">\r\n                        <div class=\"service-card wow fadeInUp\" data-wow-duration='1500ms' data-wow-delay='100ms'>\r\n                            <div class=\"service-card__inner\">\r\n                                <div class=\"service-card__icon\">\r\n                                    <i aria-hidden=\"true\" class=\"icon-welding-machine-1\"><\/i>                                <\/div>\r\n                                <div class=\"service-card__content\">\r\n                                    <h4 class=\"service-card__content__title\">\r\n                                        <a href=\"https:\/\/www.ergofem.hu\/acelszerkezet-gyartas\/\"  >Ac\u00e9lszerkezet gy\u00e1rt\u00e1s<\/a>\r\n                                    <\/h4>\r\n                                    <p class=\"service-card__content__text\">2024-ben bevezett\u00fck az igen magas k\u00f6vetelm\u00e9nyeket t\u00e1maszt\u00f3 EN 1090-1 \u00e9s EN 1090-2 Ac\u00e9lszerkezetek gy\u00e1rt\u00e1si rendszer\u00e9t. <\/p>\r\n                                <\/div>\r\n                                <div class=\"service-card__thumb\">\r\n                                    <div class=\"service-card__thumb__item\">\r\n                                        <img decoding=\"async\" src=\"https:\/\/www.ergofem.hu\/wp-content\/uploads\/2025\/02\/213.jpg\" alt=\"Ac\u00e9lszerkezet gy\u00e1rt\u00e1s\" title=\"Ac\u00e9lszerkezet gy\u00e1rt\u00e1s\" >                                    <\/div>\r\n                                    <a href=\"https:\/\/www.ergofem.hu\/acelszerkezet-gyartas\/\"   class=\"voldor-btn voldor-btn--base\">Tov\u00e1bb<\/a>\r\n                                <\/div>\r\n                            <\/div>\r\n                        <\/div>\r\n                    <\/div>\r\n                                    <div class=\"col-md-6 col-lg-4\">\r\n                        <div class=\"service-card wow fadeInUp\" data-wow-duration='1500ms' data-wow-delay='100ms'>\r\n                            <div class=\"service-card__inner\">\r\n                                <div class=\"service-card__icon\">\r\n                                    <i aria-hidden=\"true\" class=\" icon-welding-1-1\"><\/i>                                <\/div>\r\n                                <div class=\"service-card__content\">\r\n                                    <h4 class=\"service-card__content__title\">\r\n                                        <a href=\"https:\/\/www.ergofem.hu\/elotetok-gyartasa\/\"  >El\u0151tet\u0151k gy\u00e1rt\u00e1sa<\/a>\r\n                                    <\/h4>\r\n                                    <p class=\"service-card__content__text\">A bej\u00e1rati ajt\u00f3 el\u00e9 vagy a terasz fel\u00e9 telep\u00edthet\u0151 el\u0151tet\u0151 gy\u00e1rt\u00e1s\u00e1t \u00e9s telep\u00edt\u00e9s\u00e9t v\u00e1llaljuk \u00fcgyfeleink r\u00e9sz\u00e9re.<\/p>\r\n                                <\/div>\r\n                                <div class=\"service-card__thumb\">\r\n                                    <div class=\"service-card__thumb__item\">\r\n                                        <img decoding=\"async\" src=\"https:\/\/www.ergofem.hu\/wp-content\/uploads\/2025\/02\/15975.jpg\" alt=\"El\u0151tet\u0151k gy\u00e1rt\u00e1sa\" title=\"El\u0151tet\u0151k gy\u00e1rt\u00e1sa\" >                                    <\/div>\r\n                                    <a href=\"https:\/\/www.ergofem.hu\/elotetok-gyartasa\/\"   class=\"voldor-btn voldor-btn--base\">Tov\u00e1bb<\/a>\r\n                                <\/div>\r\n                            <\/div>\r\n                        <\/div>\r\n                    <\/div>\r\n                                    <div class=\"col-md-6 col-lg-4\">\r\n                        <div class=\"service-card wow fadeInUp\" data-wow-duration='1500ms' data-wow-delay='100ms'>\r\n                            <div class=\"service-card__inner\">\r\n                                <div class=\"service-card__icon\">\r\n                                    <i aria-hidden=\"true\" class=\" icon-welding-mask-3-1\"><\/i>                                <\/div>\r\n                                <div class=\"service-card__content\">\r\n                                    <h4 class=\"service-card__content__title\">\r\n                                        <a href=\"https:\/\/www.ergofem.hu\/keritesek-korlatok-gyartasa-szerelese\/\"  >Ker\u00edt\u00e9sek, korl\u00e1tok gy\u00e1rt\u00e1sa, szerel\u00e9se<\/a>\r\n                                    <\/h4>\r\n                                    <p class=\"service-card__content__text\">Egyedi elk\u00e9pzel\u00e9s alapj\u00e1n tervezett kapuk, ker\u00edt\u00e9sek, korl\u00e1tok gy\u00e1rt\u00e1s\u00e1t v\u00e1llaljuk.<\/p>\r\n                                <\/div>\r\n                                <div class=\"service-card__thumb\">\r\n                                    <div class=\"service-card__thumb__item\">\r\n                                        <img decoding=\"async\" src=\"https:\/\/www.ergofem.hu\/wp-content\/uploads\/2026\/03\/castle-inn-szabadkigyos-07.jpg\" alt=\"xr:d:DAF07rSNOPE:10,j:4352013185421816189,t:23112223\" title=\"xr:d:DAF07rSNOPE:10,j:4352013185421816189,t:23112223\" >                                    <\/div>\r\n                                    <a href=\"https:\/\/www.ergofem.hu\/keritesek-korlatok-gyartasa-szerelese\/\"   class=\"voldor-btn voldor-btn--base\">Tov\u00e1bb<\/a>\r\n                                <\/div>\r\n                            <\/div>\r\n                        <\/div>\r\n                    <\/div>\r\n                                    <div class=\"col-md-6 col-lg-4\">\r\n                        <div class=\"service-card wow fadeInUp\" data-wow-duration='1500ms' data-wow-delay='100ms'>\r\n                            <div class=\"service-card__inner\">\r\n                                <div class=\"service-card__icon\">\r\n                                    <i aria-hidden=\"true\" class=\"fas fa-water\"><\/i>                                <\/div>\r\n                                <div class=\"service-card__content\">\r\n                                    <h4 class=\"service-card__content__title\">\r\n                                        <a href=\"https:\/\/www.ergofem.hu\/puffertartalyok-gyartasa\/\"  >Puffertart\u00e1lyok gy\u00e1rt\u00e1sa<\/a>\r\n                                    <\/h4>\r\n                                    <p class=\"service-card__content__text\">A puffertart\u00e1ly egy melegv\u00edzt\u00e1rol\u00f3, amely igen j\u00f3 szigetel\u00e9ssel van ell\u00e1tva.<\/p>\r\n                                <\/div>\r\n                                <div class=\"service-card__thumb\">\r\n                                    <div class=\"service-card__thumb__item\">\r\n                                        <img decoding=\"async\" src=\"https:\/\/www.ergofem.hu\/wp-content\/uploads\/2025\/03\/96043.jpg\" alt=\"Buffer tanks\" title=\"Buffer tanks\" >                                    <\/div>\r\n                                    <a href=\"https:\/\/www.ergofem.hu\/puffertartalyok-gyartasa\/\"   class=\"voldor-btn voldor-btn--base\">Tov\u00e1bb<\/a>\r\n                                <\/div>\r\n                            <\/div>\r\n                        <\/div>\r\n                    <\/div>\r\n                                    <div class=\"col-md-6 col-lg-4\">\r\n                        <div class=\"service-card wow fadeInUp\" data-wow-duration='1500ms' data-wow-delay='100ms'>\r\n                            <div class=\"service-card__inner\">\r\n                                <div class=\"service-card__icon\">\r\n                                    <i aria-hidden=\"true\" class=\" icon-welding-mask-1\"><\/i>                                <\/div>\r\n                                <div class=\"service-card__content\">\r\n                                    <h4 class=\"service-card__content__title\">\r\n                                        <a href=\"https:\/\/www.ergofem.hu\/lakatos-bermunkak\/\"  >Lakatos b\u00e9rmunk\u00e1k\n<\/a>\r\n                                    <\/h4>\r\n                                    <p class=\"service-card__content__text\">Eszterg\u00e1l\u00e1s, \u00e9lhajl\u00edt\u00e1s, hegeszt\u00e9s, l\u00e9zerv\u00e1g\u00e1s, profilhenger\u00edt\u00e9s, homoksz\u00f3r\u00e1s, \u00fcveggy\u00f6ngysz\u00f3r\u00e1s, elektrosztatikus porsz\u00f3r\u00e1s<\/p>\r\n                                <\/div>\r\n                                <div class=\"service-card__thumb\">\r\n                                    <div class=\"service-card__thumb__item\">\r\n                                        <img decoding=\"async\" src=\"https:\/\/www.ergofem.hu\/wp-content\/uploads\/2025\/02\/elektrosztatikus-porszoras-1.jpg\" alt=\"elektrosztatikus-porszoras-1\" title=\"elektrosztatikus-porszoras-1\" >                                    <\/div>\r\n                                    <a href=\"https:\/\/www.ergofem.hu\/lakatos-bermunkak\/\"   class=\"voldor-btn voldor-btn--base\">Tov\u00e1bb<\/a>\r\n                                <\/div>\r\n                            <\/div>\r\n                        <\/div>\r\n                    <\/div>\r\n                            <\/div>\r\n        <\/div>\r\n    <\/section>\r\n\r\n\t\t\t\t<\/div>\n\t\t\t\t<\/div>\n\t\t\t\t<\/div>\n\t\t\t\t<\/div>\n\t\t","protected":false},"excerpt":{"rendered":"<p>Ac\u00e9lszerkezet gy\u00e1rt\u00e1s 2024-ben bevezett\u00fck az igen magas k\u00f6vetelm\u00e9nyeket t\u00e1maszt\u00f3 EN 1090-1 \u00e9s EN 1090-2 Ac\u00e9lszerkezetek gy\u00e1rt\u00e1si rendszer\u00e9t. Tov\u00e1bb El\u0151tet\u0151k gy\u00e1rt\u00e1sa A bej\u00e1rati ajt\u00f3 el\u00e9 vagy a terasz fel\u00e9 telep\u00edthet\u0151 el\u0151tet\u0151 gy\u00e1rt\u00e1s\u00e1t \u00e9s telep\u00edt\u00e9s\u00e9t v\u00e1llaljuk \u00fcgyfeleink r\u00e9sz\u00e9re. Tov\u00e1bb Ker\u00edt\u00e9sek, korl\u00e1tok gy\u00e1rt\u00e1sa, szerel\u00e9se Egyedi elk\u00e9pzel\u00e9s alapj\u00e1n tervezett kapuk, ker\u00edt\u00e9sek, korl\u00e1tok gy\u00e1rt\u00e1s\u00e1t v\u00e1llaljuk. Tov\u00e1bb Puffertart\u00e1lyok gy\u00e1rt\u00e1sa A puffertart\u00e1ly [&hellip;]<\/p>\n","protected":false},"author":1,"featured_media":0,"parent":0,"menu_order":0,"comment_status":"closed","ping_status":"closed","template":"elementor_header_footer","meta":{"footnotes":""},"class_list":["post-75","page","type-page","status-publish","hentry"],"_links":{"self":[{"href":"https:\/\/www.ergofem.hu\/hu\/wp-json\/wp\/v2\/pages\/75","targetHints":{"allow":["GET"]}}],"collection":[{"href":"https:\/\/www.ergofem.hu\/hu\/wp-json\/wp\/v2\/pages"}],"about":[{"href":"https:\/\/www.ergofem.hu\/hu\/wp-json\/wp\/v2\/types\/page"}],"author":[{"embeddable":true,"href":"https:\/\/www.ergofem.hu\/hu\/wp-json\/wp\/v2\/users\/1"}],"replies":[{"embeddable":true,"href":"https:\/\/www.ergofem.hu\/hu\/wp-json\/wp\/v2\/comments?post=75"}],"version-history":[{"count":23,"href":"https:\/\/www.ergofem.hu\/hu\/wp-json\/wp\/v2\/pages\/75\/revisions"}],"predecessor-version":[{"id":2215,"href":"https:\/\/www.ergofem.hu\/hu\/wp-json\/wp\/v2\/pages\/75\/revisions\/2215"}],"wp:attachment":[{"href":"https:\/\/www.ergofem.hu\/hu\/wp-json\/wp\/v2\/media?parent=75"}],"curies":[{"name":"wp","href":"https:\/\/api.w.org\/{rel}","templated":true}]}}