{"id":87,"date":"2024-05-12T02:46:52","date_gmt":"2024-05-12T02:46:52","guid":{"rendered":"http:\/\/voldor-demo.local\/?page_id=87"},"modified":"2025-03-12T08:13:57","modified_gmt":"2025-03-12T07:13:57","slug":"polcrendszerek","status":"publish","type":"page","link":"https:\/\/www.ergofem.hu\/hu\/polcrendszerek\/","title":{"rendered":"Polcrendszerek"},"content":{"rendered":"\t\t<div data-elementor-type=\"wp-page\" data-elementor-id=\"87\" class=\"elementor elementor-87\" data-elementor-post-type=\"page\">\n\t\t\t\t<div class=\"elementor-element elementor-element-f3d1f14 e-flex e-con-boxed e-con e-parent\" data-id=\"f3d1f14\" data-element_type=\"container\">\n\t\t\t\t\t<div class=\"e-con-inner\">\n\t\t<div class=\"elementor-element elementor-element-4b9f185 e-con-full e-flex e-con e-child\" data-id=\"4b9f185\" data-element_type=\"container\">\n\t\t\t\t<div class=\"elementor-element elementor-element-0813155 e-n-tabs-none elementor-widget elementor-widget-n-tabs\" data-id=\"0813155\" data-element_type=\"widget\" data-settings=\"{&quot;horizontal_scroll_mobile&quot;:&quot;enable&quot;,&quot;tabs_justify_horizontal&quot;:&quot;center&quot;,&quot;horizontal_scroll&quot;:&quot;enable&quot;}\" data-widget_type=\"nested-tabs.default\">\n\t\t\t\t<div class=\"elementor-widget-container\">\n\t\t\t\t\t\t\t<div class=\"e-n-tabs\" data-widget-number=\"8466773\" aria-label=\"Tabs. Open items with Enter or Space, close with Escape and navigate using the Arrow keys.\">\n\t\t\t<div class=\"e-n-tabs-heading\" role=\"tablist\">\n\t\t\t\t\t<button id=\"e-n-tab-title-84667731\" class=\"e-n-tab-title\" aria-selected=\"true\" data-tab-index=\"1\" role=\"tab\" tabindex=\"0\" aria-controls=\"e-n-tab-content-84667731\" style=\"--n-tabs-title-order: 1;\">\n\t\t\t\t\t\t<span class=\"e-n-tab-title-text\">\n\t\t\t\tG\u00f6rd\u00fcl\u0151 \u00e1llv\u00e1nyos rendszer\t\t\t<\/span>\n\t\t<\/button>\n\t\t\t\t<button id=\"e-n-tab-title-84667732\" class=\"e-n-tab-title\" aria-selected=\"false\" data-tab-index=\"2\" role=\"tab\" tabindex=\"-1\" aria-controls=\"e-n-tab-content-84667732\" style=\"--n-tabs-title-order: 2;\">\n\t\t\t\t\t\t<span class=\"e-n-tab-title-text\">\n\t\t\t\tFix \u00e1llv\u00e1nyos rendszerek\t\t\t<\/span>\n\t\t<\/button>\n\t\t\t\t\t<\/div>\n\t\t\t<div class=\"e-n-tabs-content\">\n\t\t\t\t<div id=\"e-n-tab-content-84667731\" role=\"tabpanel\" aria-labelledby=\"e-n-tab-title-84667731\" data-tab-index=\"1\" style=\"--n-tabs-title-order: 1;\" class=\"e-active elementor-element elementor-element-71c3d11 e-con-full e-flex e-con e-child\" data-id=\"71c3d11\" data-element_type=\"container\">\n\t\t\t\t<div class=\"elementor-element elementor-element-151c86f elementor-widget elementor-widget-text-editor\" data-id=\"151c86f\" data-element_type=\"widget\" data-widget_type=\"text-editor.default\">\n\t\t\t\t<div class=\"elementor-widget-container\">\n\t\t\t\t\t\t\t\t\t<h3><span style=\"font-weight: 400;\">GSZ.1. t\u00edpus\u00fa g\u00f6rd\u00fcl\u0151 iratt\u00e1ri polcrendszer<\/span><\/h3>\n<p><span style=\"font-weight: 400;\">Mely egy hossz\u00fa, k\u00f6zel 20 \u00e9ves gy\u00e1rt\u00e1si tapasztalat \u00e9s folyamatos fejleszt\u00e9sek eredm\u00e9nyek\u00e9nt kedvez\u0151 vev\u0151i megel\u00e9gedetts\u00e9get v\u00e1ltott ki. A rendszer alkalmas nagy mennyis\u00e9gi iratok rendszerezett \u00e9s k\u00f6nnyen mozgathat\u00f3 t\u00e1rol\u00e1s\u00e1ra.<\/span><\/p>\n<p><span style=\"font-weight: 400;\">A rendszer kialak\u00edt\u00e1sakor figyelembe vessz\u00fck az egyedi ig\u00e9nyeket, hiszen a elt\u00e9r\u0151 be\u00e9p\u00edt\u00e9si param\u00e9terek miatt egyedi m\u00e9retez\u00e9seket is kell alkalmaznunk.<\/span><\/p>\t\t\t\t\t\t\t\t<\/div>\n\t\t\t\t<\/div>\n\t\t\t\t<div class=\"elementor-element elementor-element-e5579c9 elementor-widget elementor-widget-icon-box\" data-id=\"e5579c9\" data-element_type=\"widget\" data-widget_type=\"icon-box.default\">\n\t\t\t\t<div class=\"elementor-widget-container\">\n\t\t\t\t\t\t\t<div class=\"elementor-icon-box-wrapper\">\n\n\t\t\t\n\t\t\t\t\t\t<div class=\"elementor-icon-box-content\">\n\n\t\t\t\t\t\t\t\t\t<div class=\"elementor-icon-box-title\">\n\t\t\t\t\t\t<span  >\n\t\t\t\t\t\t\tS\u00ednszerkezet\t\t\t\t\t\t<\/span>\n\t\t\t\t\t<\/div>\n\t\t\t\t\n\t\t\t\t\t\t\t\t\t<p class=\"elementor-icon-box-description\">\n\t\t\t\t\t\tEgy szekr\u00e9nysort 4 s\u00ednen m\u0171k\u00f6dtet\u00fcnk. A s\u00edn talplemez\u00e9t a padl\u00f3zathoz tokr\u00f6gz\u00edt\u0151 csavarral r\u00f6gz\u00edt\u00fcnk. A talplemezre hegesztett 16 x16 mm n\u00e9gyzetac\u00e9lon g\u00f6rd\u00fclnek a szekr\u00e9nyek amelyhez kapcsol\u00f3dik a botl\u00e1s g\u00e1tl\u00f3.\nA botl\u00e1s g\u00e1tl\u00f3 el\u0151seg\u00edti a szekr\u00e9nyekben l\u00e9v\u0151 anyagok ki \u00e9s berak\u00e1s\u00e1t, illetve a kezel\u0151 szem\u00e9lyzet botl\u00e1smentes k\u00f6zleked\u00e9s\u00e9t.\n\t\t\t\t\t<\/p>\n\t\t\t\t\n\t\t\t<\/div>\n\t\t\t\n\t\t<\/div>\n\t\t\t\t\t\t<\/div>\n\t\t\t\t<\/div>\n\t\t\t\t<div class=\"elementor-element elementor-element-35c0bbb elementor-widget elementor-widget-icon-box\" data-id=\"35c0bbb\" data-element_type=\"widget\" data-widget_type=\"icon-box.default\">\n\t\t\t\t<div class=\"elementor-widget-container\">\n\t\t\t\t\t\t\t<div class=\"elementor-icon-box-wrapper\">\n\n\t\t\t\n\t\t\t\t\t\t<div class=\"elementor-icon-box-content\">\n\n\t\t\t\t\t\t\t\t\t<div class=\"elementor-icon-box-title\">\n\t\t\t\t\t\t<span  >\n\t\t\t\t\t\t\tG\u00f6rd\u00fcl\u0151 szekr\u00e9ny alv\u00e1z (kocsi)\t\t\t\t\t\t<\/span>\n\t\t\t\t\t<\/div>\n\t\t\t\t\n\t\t\t\t\t\t\t\t\t<p class=\"elementor-icon-box-description\">\n\t\t\t\t\t\tA lerakott s\u00ednekre 4 p\u00e1r ker\u00e9kkel csatlakoztatjuk a szekr\u00e9ny alv\u00e1z\u00e1t. A hajt\u00e1st k\u00e9zi mozgat\u00e1s\u00fa ker\u00e9kkel oldjuk meg. A k\u00e9zi ker\u00e9k mozgat\u00e1s\u00e1val egyidej\u0171leg meghajtjuk a s\u00edneken g\u00f6rd\u00fcl\u0151 4 - 4 kereket, amely a kocsik kileng\u00e9s mentes mozg\u00e1s\u00e1t is biztos\u00edtja.<br>\nA forgalomban l\u00e9v\u0151 g\u00f6rd\u00fcl\u0151 szekr\u00e9nyekhez k\u00e9pest, az alv\u00e1z mozgat\u00e1sa \u00e9s meghajt\u00e1sa egyedi megold\u00e1st tartalmaz ez \u00e1ltal.<br>\nA szekr\u00e9nyek k\u00f6nny\u0171 mozgat\u00e1sa a k\u00e9tszeres lass\u00edt\u00f3 \u00e1tt\u00e9tel \u00e1ltal val\u00f3sul meg.<br>\nA szekr\u00e9ny oldal\u00e1ra r\u00f6gz\u00edtett mozgat\u00f3 ker\u00e9kbe fogazott t\u00e1rcsa van be\u00e9p\u00edtve, amely biztos\u00edtja, hogy a szekr\u00e9nyeket minden helyzetben r\u00f6gz\u00edteni lehessen a balesetek elker\u00fcl\u00e9se \u00e9rdek\u00e9ben.\n\n\t\t\t\t\t<\/p>\n\t\t\t\t\n\t\t\t<\/div>\n\t\t\t\n\t\t<\/div>\n\t\t\t\t\t\t<\/div>\n\t\t\t\t<\/div>\n\t\t\t\t<div class=\"elementor-element elementor-element-3fe8cfb elementor-widget elementor-widget-icon-box\" data-id=\"3fe8cfb\" data-element_type=\"widget\" data-widget_type=\"icon-box.default\">\n\t\t\t\t<div class=\"elementor-widget-container\">\n\t\t\t\t\t\t\t<div class=\"elementor-icon-box-wrapper\">\n\n\t\t\t\n\t\t\t\t\t\t<div class=\"elementor-icon-box-content\">\n\n\t\t\t\t\t\t\t\t\t<h3 class=\"elementor-icon-box-title\">\n\t\t\t\t\t\t<span  >\n\t\t\t\t\t\t\tFel\u00e9p\u00edtm\u00e9ny\t\t\t\t\t\t<\/span>\n\t\t\t\t\t<\/h3>\n\t\t\t\t\n\t\t\t\t\t\t\t\t\t<p class=\"elementor-icon-box-description\">\n\t\t\t\t\t\tAz alv\u00e1zhoz r\u00f6gz\u00edtett 1-1 oszlop 4 db perfor\u00e1lt elemb\u0151l tev\u0151dik \u00f6ssze. A polcok lapos ac\u00e9l polctart\u00f3ra \u00fclnek r\u00e1, ami behegesztett szegeccsel kapcsol\u00f3dik a perfor\u00e1ci\u00f3ba. A polcok merev\u00edt\u0151 lemezzel vannak ell\u00e1tva a 100 kg\/ polcterhel\u00e9s miatt.<br>\nA polct\u00e1vols\u00e1gok (polcmagass\u00e1g) 25 mm-es oszt\u00e1ssal v\u00e1ltoztathat\u00f3ak a t\u00e1rol\u00e1si ig\u00e9nyeknek megfelel\u0151en. A szekr\u00e9nyek v\u00e9gei \u00e9s a teteje, valamint a l\u00e1nchajt\u00e1s burkol\u00f3 lemezzel vannak ell\u00e1tva. <br>A szekr\u00e9nyekre felhelyezett c\u00edmketart\u00f3 az iratok \u00e1tl\u00e1that\u00f3 rendszerez\u00e9s\u00e9ben ny\u00fajt seg\u00edts\u00e9get.\nA t\u00f6bbszintes szekr\u00e9nyek tetej\u00e9re g\u00f6rg\u0151s fels\u0151vezet\u0151t fogatunk, ami megakad\u00e1lyozza a szekr\u00e9nyek borul\u00e1s\u00e1t. Minden szekr\u00e9nyre 4 db \u00fctk\u00f6z\u0151 gumit fogatunk fel annak \u00e9rdek\u00e9ben, hogy a szekr\u00e9nyeket mechanikai s\u00e9r\u00fcl\u00e9s ne \u00e9rje.<br>\nA polcrendszer fel\u00fcletkezel\u00e9s\u00e9t elektrosztatikus porsz\u00f3r\u00e1sos technol\u00f3gi\u00e1val v\u00e9gezz\u00fck.\n\t\t\t\t\t<\/p>\n\t\t\t\t\n\t\t\t<\/div>\n\t\t\t\n\t\t<\/div>\n\t\t\t\t\t\t<\/div>\n\t\t\t\t<\/div>\n\t\t\t\t<div class=\"elementor-element elementor-element-a2860f3 elementor-widget elementor-widget-voldor-gallery\" data-id=\"a2860f3\" data-element_type=\"widget\" data-widget_type=\"voldor-gallery.default\">\n\t\t\t\t<div class=\"elementor-widget-container\">\n\t\t\t\t\t    <section class=\"gallery-one gallery-one--page\">\r\n        <div class=\"container\">\r\n            <div class=\"row\">\r\n                                    <div class=\"col-md-6 col-lg-4\">\r\n                        <div class=\"gallery-one__card\">\r\n                            <img decoding=\"async\" src=\"https:\/\/www.ergofem.hu\/wp-content\/uploads\/2025\/02\/gordulo-allvanyos-1-1.jpg\" alt=\"gordulo-allvanyos-1\" title=\"gordulo-allvanyos-1\" >                            <div class=\"gallery-one__card__hover\">\r\n                                <a href=\"https:\/\/www.ergofem.hu\/wp-content\/uploads\/2025\/02\/gordulo-allvanyos-1-1.jpg\" class=\"img-popup\">\r\n                                    <div class=\"gallery-one__card__icon\">\r\n                                        <span class=\"gallery-one__card__icon__item\"><\/span>\r\n                                    <\/div>\r\n                                <\/a>\r\n                            <\/div><!-- \/.gallery-one__card__hover -->\r\n                        <\/div><!-- \/.gallery-one__card -->\r\n                    <\/div><!-- \/.col-md-6 col-lg-4 -->\r\n                                    <div class=\"col-md-6 col-lg-4\">\r\n                        <div class=\"gallery-one__card\">\r\n                            <img decoding=\"async\" src=\"https:\/\/www.ergofem.hu\/wp-content\/uploads\/2025\/02\/gordulo-allvanyos-3.jpg\" alt=\"gordulo-allvanyos-3\" title=\"gordulo-allvanyos-3\" >                            <div class=\"gallery-one__card__hover\">\r\n                                <a href=\"https:\/\/www.ergofem.hu\/wp-content\/uploads\/2025\/02\/gordulo-allvanyos-3.jpg\" class=\"img-popup\">\r\n                                    <div class=\"gallery-one__card__icon\">\r\n                                        <span class=\"gallery-one__card__icon__item\"><\/span>\r\n                                    <\/div>\r\n                                <\/a>\r\n                            <\/div><!-- \/.gallery-one__card__hover -->\r\n                        <\/div><!-- \/.gallery-one__card -->\r\n                    <\/div><!-- \/.col-md-6 col-lg-4 -->\r\n                                    <div class=\"col-md-6 col-lg-4\">\r\n                        <div class=\"gallery-one__card\">\r\n                            <img decoding=\"async\" src=\"https:\/\/www.ergofem.hu\/wp-content\/uploads\/2025\/02\/gordulo-allvanyos-2.jpg\" alt=\"gordulo-allvanyos-2\" title=\"gordulo-allvanyos-2\" >                            <div class=\"gallery-one__card__hover\">\r\n                                <a href=\"https:\/\/www.ergofem.hu\/wp-content\/uploads\/2025\/02\/gordulo-allvanyos-2.jpg\" class=\"img-popup\">\r\n                                    <div class=\"gallery-one__card__icon\">\r\n                                        <span class=\"gallery-one__card__icon__item\"><\/span>\r\n                                    <\/div>\r\n                                <\/a>\r\n                            <\/div><!-- \/.gallery-one__card__hover -->\r\n                        <\/div><!-- \/.gallery-one__card -->\r\n                    <\/div><!-- \/.col-md-6 col-lg-4 -->\r\n                            <\/div><!-- \/.row -->\r\n        <\/div><!-- \/.container-fluid -->\r\n    <\/section><!-- \/.gallery-one -->\r\n\t\t\t\t<\/div>\n\t\t\t\t<\/div>\n\t\t\t\t<\/div>\n\t\t<div id=\"e-n-tab-content-84667732\" role=\"tabpanel\" aria-labelledby=\"e-n-tab-title-84667732\" data-tab-index=\"2\" style=\"--n-tabs-title-order: 2;\" class=\" elementor-element elementor-element-f0fdc24 e-con-full e-flex e-con e-child\" data-id=\"f0fdc24\" data-element_type=\"container\">\n\t\t\t\t<div class=\"elementor-element elementor-element-d3a2acf elementor-widget elementor-widget-text-editor\" data-id=\"d3a2acf\" data-element_type=\"widget\" data-widget_type=\"text-editor.default\">\n\t\t\t\t<div class=\"elementor-widget-container\">\n\t\t\t\t\t\t\t\t\t<p><span style=\"font-weight: 400;\">A\u00a0 rendszer elemeinek kialak\u00edt\u00e1sa sor\u00e1n folyamatosan felhaszn\u00e1ltuk az \u00e9vtizedes alkalmaz\u00e1si tapasztalatokat \u00e9s a f\u00e9mfeldolgoz\u00e1s ter\u00fclet\u00e9n szerzett szakmai tud\u00e1st. Ennek eredm\u00e9nye ez a m\u0171szakilag \u00e9s alkalmaz\u00e1stechnikai szempontb\u00f3l kiemelked\u0151 term\u00e9k, amely a polcrendszerekkel szemben t\u00e1masztott alapvet\u0151 ig\u00e9nyeket kiel\u00e9g\u00edti. Gyors szerelhet\u0151s\u00e9g, szerkezeti stabilit\u00e1s, megfelel\u0151 terhelhet\u0151s\u00e9g \u00e9s versenyk\u00e9pes k\u00f6lts\u00e9gek.<\/span><\/p>\n<p><span style=\"font-weight: 400;\">A polc magass\u00e1ga az ig\u00e9nyeknek megfelel\u0151en vari\u00e1lhat\u00f3.<\/span><\/p>\n<p><span style=\"font-weight: 400;\">A f\u00e9mszerkezet\u0171 polcok oldallemezei k\u00e9sz\u00fclhetnek faburkol\u00e1ssal is, mely b\u00fator jelleget k\u00f6lcs\u00f6n\u00f6z, kiel\u00e9g\u00edtve az eszt\u00e9tikai ig\u00e9nyeket is.<\/span><\/p>\n<p><span style=\"font-weight: 400;\">K\u00fcl\u00f6n\u00f6sen k\u00f6nyvt\u00e1rak kialak\u00edt\u00e1sakor mer\u00fcl fel ezen eszt\u00e9tikai szempontok figyelembe v\u00e9tele.<\/span><\/p>\n<p><span style=\"font-weight: 400;\">A rendszer kialak\u00edt\u00e1sakor figyelembe vessz\u00fck az egyedi ig\u00e9nyeket, hiszen a elt\u00e9r\u0151 be\u00e9p\u00edt\u00e9si param\u00e9terek miatt egyedi m\u00e9retez\u00e9seket is kell alkalmaznunk.<\/span><\/p>\t\t\t\t\t\t\t\t<\/div>\n\t\t\t\t<\/div>\n\t\t\t\t<div class=\"elementor-element elementor-element-0448f1f elementor-widget elementor-widget-voldor-gallery\" data-id=\"0448f1f\" data-element_type=\"widget\" data-widget_type=\"voldor-gallery.default\">\n\t\t\t\t<div class=\"elementor-widget-container\">\n\t\t\t\t\t    <section class=\"gallery-one gallery-one--page\">\r\n        <div class=\"container\">\r\n            <div class=\"row\">\r\n                                    <div class=\"col-md-6 col-lg-4\">\r\n                        <div class=\"gallery-one__card\">\r\n                            <img decoding=\"async\" src=\"https:\/\/www.ergofem.hu\/wp-content\/uploads\/2025\/02\/fix-allvanyos-1-e1739965745481.jpg\" alt=\"fix-allvanyos-1\" title=\"fix-allvanyos-1\" >                            <div class=\"gallery-one__card__hover\">\r\n                                <a href=\"https:\/\/www.ergofem.hu\/wp-content\/uploads\/2025\/02\/fix-allvanyos-1.jpg\" class=\"img-popup\">\r\n                                    <div class=\"gallery-one__card__icon\">\r\n                                        <span class=\"gallery-one__card__icon__item\"><\/span>\r\n                                    <\/div>\r\n                                <\/a>\r\n                            <\/div><!-- \/.gallery-one__card__hover -->\r\n                        <\/div><!-- \/.gallery-one__card -->\r\n                    <\/div><!-- \/.col-md-6 col-lg-4 -->\r\n                                    <div class=\"col-md-6 col-lg-4\">\r\n                        <div class=\"gallery-one__card\">\r\n                            <img decoding=\"async\" src=\"https:\/\/www.ergofem.hu\/wp-content\/uploads\/2025\/02\/fix-allvanyos-2-e1739965718925.jpg\" alt=\"fix-allvanyos-2\" title=\"fix-allvanyos-2\" >                            <div class=\"gallery-one__card__hover\">\r\n                                <a href=\"https:\/\/www.ergofem.hu\/wp-content\/uploads\/2025\/02\/fix-allvanyos-2.jpg\" class=\"img-popup\">\r\n                                    <div class=\"gallery-one__card__icon\">\r\n                                        <span class=\"gallery-one__card__icon__item\"><\/span>\r\n                                    <\/div>\r\n                                <\/a>\r\n                            <\/div><!-- \/.gallery-one__card__hover -->\r\n                        <\/div><!-- \/.gallery-one__card -->\r\n                    <\/div><!-- \/.col-md-6 col-lg-4 -->\r\n                            <\/div><!-- \/.row -->\r\n        <\/div><!-- \/.container-fluid -->\r\n    <\/section><!-- \/.gallery-one -->\r\n\t\t\t\t<\/div>\n\t\t\t\t<\/div>\n\t\t\t\t<\/div>\n\t\t\t\t\t<\/div>\n\t\t<\/div>\n\t\t\t\t\t\t<\/div>\n\t\t\t\t<\/div>\n\t\t\t\t<\/div>\n\t\t\t\t\t<\/div>\n\t\t\t\t<\/div>\n\t\t<div class=\"elementor-element elementor-element-11e3901 e-flex e-con-boxed e-con e-parent\" data-id=\"11e3901\" data-element_type=\"container\">\n\t\t\t\t\t<div class=\"e-con-inner\">\n\t\t\t\t<div class=\"elementor-element elementor-element-ae2b00e elementor-widget elementor-widget-voldor-contact-form\" data-id=\"ae2b00e\" data-element_type=\"widget\" data-widget_type=\"voldor-contact-form.default\">\n\t\t\t\t<div class=\"elementor-widget-container\">\n\t\t\t\t\t\t<!-- Contact Section Start -->\r\n\t<section class=\"contact-one\">\r\n\t\t<div class=\"container\">\r\n\t\t\t<div class=\"col-12\">\r\n\t\t\t\t<div class=\"contact-one__top\">\r\n\t\t\t\t\t<div class=\"sec-title text-center wow fadeInUp\" data-wow-duration='1500ms' data-wow-delay='000ms'>\r\n\t\t\t\t\t\t<h6 class=\"sec-title__tagline\"> <img decoding=\"async\" src=\"https:\/\/www.ergofem.hu\/wp-content\/uploads\/2024\/05\/sec-title-s-1.png\" alt=\"alt\" title=\"sec-title-s-1\" class=\"sec-title__img\" > Kapcsolat<\/h6>\r\n\t\t\t\t\t\t<h3 class=\"sec-title__title\">K\u00e9rjen aj\u00e1nlatot!<\/h3>\r\n\t\t\t\t\t<\/div>\r\n\t\t\t\t<\/div>\r\n\t\t\t\t<div class=\"wpcf7 no-js\" id=\"wpcf7-f653-o1\" lang=\"en-US\" dir=\"ltr\" data-wpcf7-id=\"653\">\n<div class=\"screen-reader-response\"><p role=\"status\" aria-live=\"polite\" aria-atomic=\"true\"><\/p> <ul><\/ul><\/div>\n<form action=\"\/hu\/wp-json\/wp\/v2\/pages\/87#wpcf7-f653-o1\" method=\"post\" class=\"wpcf7-form init\" aria-label=\"Contact form\" novalidate=\"novalidate\" data-status=\"init\">\n<div style=\"display: none;\">\n<input type=\"hidden\" name=\"_wpcf7\" value=\"653\" \/>\n<input type=\"hidden\" name=\"_wpcf7_version\" value=\"6.0.3\" \/>\n<input type=\"hidden\" name=\"_wpcf7_locale\" value=\"en_US\" \/>\n<input type=\"hidden\" name=\"_wpcf7_unit_tag\" value=\"wpcf7-f653-o1\" \/>\n<input type=\"hidden\" name=\"_wpcf7_container_post\" value=\"0\" \/>\n<input type=\"hidden\" name=\"_wpcf7_posted_data_hash\" value=\"\" \/>\n<\/div>\n<div class=\"contact-one__form contact-form-validated form-one background-base wow fadeInUp\" >\n    <div class=\"form-one__group\">\n        <div class=\"form-one__control\">\n           <span class=\"wpcf7-form-control-wrap\" data-name=\"text-673\"><input size=\"40\" maxlength=\"400\" class=\"wpcf7-form-control wpcf7-text wpcf7-validates-as-required\" aria-required=\"true\" aria-invalid=\"false\" placeholder=\"N\u00e9v\" value=\"\" type=\"text\" name=\"text-673\" \/><\/span>\n        <\/div>\n        <div class=\"form-one__control\">\n            <span class=\"wpcf7-form-control-wrap\" data-name=\"email-264\"><input size=\"40\" maxlength=\"400\" class=\"wpcf7-form-control wpcf7-email wpcf7-validates-as-required wpcf7-text wpcf7-validates-as-email\" aria-required=\"true\" aria-invalid=\"false\" placeholder=\"E-mail c\u00edm\" value=\"\" type=\"email\" name=\"email-264\" \/><\/span>\n        <\/div>\n        <div class=\"form-one__control\">\n            <span class=\"wpcf7-form-control-wrap\" data-name=\"phone\"><input size=\"40\" maxlength=\"400\" class=\"wpcf7-form-control wpcf7-text wpcf7-validates-as-required\" aria-required=\"true\" aria-invalid=\"false\" placeholder=\"Telefonsz\u00e1m\" value=\"\" type=\"text\" name=\"phone\" \/><\/span>\n        <\/div>\n        <div class=\"form-one__control\">\n            <span class=\"wpcf7-form-control-wrap\" data-name=\"Subject\"><input size=\"40\" maxlength=\"400\" class=\"wpcf7-form-control wpcf7-text wpcf7-validates-as-required\" aria-required=\"true\" aria-invalid=\"false\" placeholder=\"Mivel kapcsolatban \u00e9rdekl\u0151dne?\" value=\"\" type=\"text\" name=\"Subject\" \/><\/span>\n        <\/div>\n        <div class=\"form-one__control form-one__control--full\">\n            <span class=\"wpcf7-form-control-wrap\" data-name=\"textarea-221\"><textarea cols=\"40\" rows=\"10\" maxlength=\"2000\" class=\"wpcf7-form-control wpcf7-textarea wpcf7-validates-as-required\" aria-required=\"true\" aria-invalid=\"false\" placeholder=\"\u00dczenet\" name=\"textarea-221\"><\/textarea><\/span>\n        <\/div>\n        <div class=\"form-one__control text-center form-one__control--full\">\n            <button type=\"submit\" class=\"voldor-btn voldor-btn--base\">Elk\u00fcld<\/button>\n        <\/div>\n    <\/div>\n<\/div><div class=\"wpcf7-response-output\" aria-hidden=\"true\"><\/div>\n<\/form>\n<\/div>\t\t\t<\/div>\r\n\t\t<\/div><!-- \/.container -->\r\n\t<\/section>\r\n\t<!-- Contact Section End-->\r\n\t\t\t\t<\/div>\n\t\t\t\t<\/div>\n\t\t\t\t\t<\/div>\n\t\t\t\t<\/div>\n\t\t\t\t<\/div>\n\t\t","protected":false},"excerpt":{"rendered":"<p>G\u00f6rd\u00fcl\u0151 \u00e1llv\u00e1nyos rendszer Fix \u00e1llv\u00e1nyos rendszerek GSZ.1. t\u00edpus\u00fa g\u00f6rd\u00fcl\u0151 iratt\u00e1ri polcrendszer Mely egy hossz\u00fa, k\u00f6zel 20 \u00e9ves gy\u00e1rt\u00e1si tapasztalat \u00e9s folyamatos fejleszt\u00e9sek eredm\u00e9nyek\u00e9nt kedvez\u0151 vev\u0151i megel\u00e9gedetts\u00e9get v\u00e1ltott ki. A rendszer alkalmas nagy mennyis\u00e9gi iratok rendszerezett \u00e9s k\u00f6nnyen mozgathat\u00f3 t\u00e1rol\u00e1s\u00e1ra. A rendszer kialak\u00edt\u00e1sakor figyelembe vessz\u00fck az egyedi ig\u00e9nyeket, hiszen a elt\u00e9r\u0151 be\u00e9p\u00edt\u00e9si param\u00e9terek miatt egyedi m\u00e9retez\u00e9seket [&hellip;]<\/p>\n","protected":false},"author":1,"featured_media":0,"parent":0,"menu_order":0,"comment_status":"closed","ping_status":"closed","template":"elementor_header_footer","meta":{"footnotes":""},"class_list":["post-87","page","type-page","status-publish","hentry"],"_links":{"self":[{"href":"https:\/\/www.ergofem.hu\/hu\/wp-json\/wp\/v2\/pages\/87","targetHints":{"allow":["GET"]}}],"collection":[{"href":"https:\/\/www.ergofem.hu\/hu\/wp-json\/wp\/v2\/pages"}],"about":[{"href":"https:\/\/www.ergofem.hu\/hu\/wp-json\/wp\/v2\/types\/page"}],"author":[{"embeddable":true,"href":"https:\/\/www.ergofem.hu\/hu\/wp-json\/wp\/v2\/users\/1"}],"replies":[{"embeddable":true,"href":"https:\/\/www.ergofem.hu\/hu\/wp-json\/wp\/v2\/comments?post=87"}],"version-history":[{"count":52,"href":"https:\/\/www.ergofem.hu\/hu\/wp-json\/wp\/v2\/pages\/87\/revisions"}],"predecessor-version":[{"id":2024,"href":"https:\/\/www.ergofem.hu\/hu\/wp-json\/wp\/v2\/pages\/87\/revisions\/2024"}],"wp:attachment":[{"href":"https:\/\/www.ergofem.hu\/hu\/wp-json\/wp\/v2\/media?parent=87"}],"curies":[{"name":"wp","href":"https:\/\/api.w.org\/{rel}","templated":true}]}}