{"id":91,"date":"2024-05-12T02:47:36","date_gmt":"2024-05-12T02:47:36","guid":{"rendered":"http:\/\/voldor-demo.local\/?page_id=91"},"modified":"2026-03-05T15:29:36","modified_gmt":"2026-03-05T14:29:36","slug":"termekeink","status":"publish","type":"page","link":"https:\/\/www.ergofem.hu\/hu\/termekeink\/","title":{"rendered":"Term\u00e9keink"},"content":{"rendered":"\t\t<div data-elementor-type=\"wp-page\" data-elementor-id=\"91\" class=\"elementor elementor-91\" data-elementor-post-type=\"page\">\n\t\t\t\t<div class=\"elementor-element elementor-element-af62722 e-con-full e-flex e-con e-parent\" data-id=\"af62722\" data-element_type=\"container\">\n\t\t\t\t<div class=\"elementor-element elementor-element-b2a3f4f elementor-widget elementor-widget-voldor-portfolio\" data-id=\"b2a3f4f\" data-element_type=\"widget\" data-widget_type=\"voldor-portfolio.default\">\n\t\t\t\t<div class=\"elementor-widget-container\">\n\t\t\t\t\t\t<section class=\"product-one product-one--page\">\r\n\t\t<div class=\"container\">\r\n\t\t\t<div class=\"product-one__carousel voldor-owl__carousel voldor-owl__carousel--with-shadow voldor-owl__carousel--basic-nav owl-carousel owl-theme\" data-owl-options='{&quot;loop&quot;:true,&quot;margin&quot;:0,&quot;items&quot;:1,&quot;nav&quot;:true,&quot;dots&quot;:true,&quot;smartSpeed&quot;:700,&quot;autoplayHoverPause&quot;:true,&quot;navText&quot;:[&quot;&lt;span class=\\&quot; fa fa-angle-left \\&quot;&gt;&lt;\\\/span&gt;&quot;,&quot;&lt;span class=\\&quot; fa fa-angle-right \\&quot;&gt;&lt;\\\/span&gt;&quot;],&quot;responsive&quot;:{&quot;0&quot;:{&quot;margin&quot;:0,&quot;items&quot;:1},&quot;768&quot;:{&quot;margin&quot;:30,&quot;items&quot;:2}}}'>\r\n\t\t\t\t\t\t\t\t\t<div class=\"item\">\r\n\t\t\t\t\t\t<div class=\"project-card wow fadeInUp\" data-wow-duration='1500ms' data-wow-delay='200ms'>\r\n\t\t\t\t\t\t\t<div class=\"project-card__image\">\r\n\t\t\t\t\t\t\t\t<img decoding=\"async\" src=\"https:\/\/www.ergofem.hu\/wp-content\/uploads\/2025\/02\/fix-allvanyos-1-e1739965745481.jpg\" alt=\"fix-allvanyos-1\" title=\"fix-allvanyos-1\" >\t\t\t\t\t\t\t<\/div>\r\n\r\n\t\t\t\t\t\t\t<div class=\"project-card__content\">\r\n\t\t\t\t\t\t\t\t<a href=\"https:\/\/www.ergofem.hu\/polcrendszerek\/\"   class=\"project-card__icon\">\r\n\t\t\t\t\t\t\t\t\t<i class=\"icon-arrow-right\"><\/i>\r\n\t\t\t\t\t\t\t\t<\/a>\r\n\t\t\t\t\t\t\t\t<h3 class=\"project-card__title\">\r\n\t\t\t\t\t\t\t\t\t<a href=\"https:\/\/www.ergofem.hu\/polcrendszerek\/\"  >Polcrendszerek\n<\/a>\r\n\t\t\t\t\t\t\t\t<\/h3>\r\n\t\t\t\t\t\t\t\t<p class=\"project-card__dec\">G\u00f6rd\u00fcl\u0151 \u00e1llv\u00e1nyos, Fix \u00e1llv\u00e1nyos<\/p>\r\n\t\t\t\t\t\t\t<\/div>\r\n\t\t\t\t\t\t<\/div>\r\n\t\t\t\t\t<\/div><!-- \/.item -->\r\n\t\t\t\t\t\t\t\t\t<div class=\"item\">\r\n\t\t\t\t\t\t<div class=\"project-card wow fadeInUp\" data-wow-duration='1500ms' data-wow-delay='200ms'>\r\n\t\t\t\t\t\t\t<div class=\"project-card__image\">\r\n\t\t\t\t\t\t\t\t<img decoding=\"async\" src=\"https:\/\/www.ergofem.hu\/wp-content\/uploads\/2026\/03\/kazan_jo.jpg\" alt=\"kaz\u00e1n_j\u00f3\" title=\"kaz\u00e1n_j\u00f3\" >\t\t\t\t\t\t\t<\/div>\r\n\r\n\t\t\t\t\t\t\t<div class=\"project-card__content\">\r\n\t\t\t\t\t\t\t\t<a href=\"https:\/\/www.ergofem.hu\/kazanok\/\"   class=\"project-card__icon\">\r\n\t\t\t\t\t\t\t\t\t<i class=\"icon-arrow-right\"><\/i>\r\n\t\t\t\t\t\t\t\t<\/a>\r\n\t\t\t\t\t\t\t\t<h3 class=\"project-card__title\">\r\n\t\t\t\t\t\t\t\t\t<a href=\"https:\/\/www.ergofem.hu\/kazanok\/\"  >Ergotherm kaz\u00e1nok<\/a>\r\n\t\t\t\t\t\t\t\t<\/h3>\r\n\t\t\t\t\t\t\t\t<p class=\"project-card__dec\">vegyes t\u00fczel\u00e9s\u0171<\/p>\r\n\t\t\t\t\t\t\t<\/div>\r\n\t\t\t\t\t\t<\/div>\r\n\t\t\t\t\t<\/div><!-- \/.item -->\r\n\t\t\t\t\t\t\t<\/div><!-- \/.row -->\r\n\t\t<\/div><!-- \/.container -->\r\n\t<\/section><!-- \/.team-one -->\r\n\t\t\t\t<\/div>\n\t\t\t\t<\/div>\n\t\t\t\t<\/div>\n\t\t\t\t<\/div>\n\t\t","protected":false},"excerpt":{"rendered":"<p>Polcrendszerek G\u00f6rd\u00fcl\u0151 \u00e1llv\u00e1nyos, Fix \u00e1llv\u00e1nyos Ergotherm kaz\u00e1nok vegyes t\u00fczel\u00e9s\u0171<\/p>\n","protected":false},"author":1,"featured_media":0,"parent":0,"menu_order":0,"comment_status":"closed","ping_status":"closed","template":"elementor_header_footer","meta":{"footnotes":""},"class_list":["post-91","page","type-page","status-publish","hentry"],"_links":{"self":[{"href":"https:\/\/www.ergofem.hu\/hu\/wp-json\/wp\/v2\/pages\/91","targetHints":{"allow":["GET"]}}],"collection":[{"href":"https:\/\/www.ergofem.hu\/hu\/wp-json\/wp\/v2\/pages"}],"about":[{"href":"https:\/\/www.ergofem.hu\/hu\/wp-json\/wp\/v2\/types\/page"}],"author":[{"embeddable":true,"href":"https:\/\/www.ergofem.hu\/hu\/wp-json\/wp\/v2\/users\/1"}],"replies":[{"embeddable":true,"href":"https:\/\/www.ergofem.hu\/hu\/wp-json\/wp\/v2\/comments?post=91"}],"version-history":[{"count":11,"href":"https:\/\/www.ergofem.hu\/hu\/wp-json\/wp\/v2\/pages\/91\/revisions"}],"predecessor-version":[{"id":2195,"href":"https:\/\/www.ergofem.hu\/hu\/wp-json\/wp\/v2\/pages\/91\/revisions\/2195"}],"wp:attachment":[{"href":"https:\/\/www.ergofem.hu\/hu\/wp-json\/wp\/v2\/media?parent=91"}],"curies":[{"name":"wp","href":"https:\/\/api.w.org\/{rel}","templated":true}]}}